{"id":3116,"date":"2026-02-19T10:32:07","date_gmt":"2026-02-19T09:32:07","guid":{"rendered":"https:\/\/www-preprod.cnrs-imn.fr\/anr-prc-bibop\/"},"modified":"2026-04-01T11:59:51","modified_gmt":"2026-04-01T09:59:51","slug":"anr-prc-bibop","status":"publish","type":"page","link":"https:\/\/www.cnrs-imn.fr\/en\/projects-collaborations\/academic-projects\/anr-prc-bibop\/","title":{"rendered":"ANR PRC BiBOP"},"content":{"rendered":"<div class=\"fusion-fullwidth fullwidth-box fusion-builder-row-1 fusion-flex-container has-pattern-background has-mask-background nonhundred-percent-fullwidth non-hundred-percent-height-scrolling\" style=\"--awb-border-radius-top-left:0px;--awb-border-radius-top-right:0px;--awb-border-radius-bottom-right:0px;--awb-border-radius-bottom-left:0px;--awb-flex-wrap:wrap;\" ><div class=\"fusion-builder-row fusion-row fusion-flex-align-items-flex-start fusion-flex-content-wrap\" style=\"max-width:1248px;margin-left: calc(-4% \/ 2 );margin-right: calc(-4% \/ 2 );\"><div class=\"fusion-layout-column fusion_builder_column fusion-builder-column-0 fusion_builder_column_3_4 3_4 fusion-flex-column\" style=\"--awb-bg-size:cover;--awb-width-large:75%;--awb-margin-top-large:0px;--awb-spacing-right-large:2.56%;--awb-margin-bottom-large:20px;--awb-spacing-left-large:2.56%;--awb-width-medium:75%;--awb-order-medium:0;--awb-spacing-right-medium:2.56%;--awb-spacing-left-medium:2.56%;--awb-width-small:100%;--awb-order-small:0;--awb-spacing-right-small:1.92%;--awb-spacing-left-small:1.92%;\"><div class=\"fusion-column-wrapper fusion-column-has-shadow fusion-flex-justify-content-flex-start fusion-content-layout-column\"><div class=\"fusion-text fusion-text-1 labelboxlight\" style=\"--awb-font-size:12px;--awb-text-font-family:&quot;Libre Franklin&quot;;--awb-text-font-style:normal;--awb-text-font-weight:600;\"><p>ANR project<\/p>\n<\/div><div class=\"fusion-title title fusion-title-1 fusion-sep-none fusion-title-text fusion-title-size-two\" style=\"--awb-margin-top-small:10px;--awb-margin-right-small:0px;--awb-margin-bottom-small:10px;--awb-margin-left-small:0px;\"><h2 class=\"fusion-title-heading title-heading-left\" style=\"margin:0;\">BiBased nanOmaterials for Photocatalysis<\/h2><\/div><div class=\"fusion-separator\" style=\"align-self: flex-start;margin-right:auto;margin-bottom:20px;width:100%;max-width:200px;\"><div class=\"fusion-separator-border sep-single sep-solid\" style=\"--awb-height:20px;--awb-amount:20px;--awb-sep-color:var(--awb-color6);border-color:var(--awb-color6);border-top-width:7px;\"><\/div><\/div><div class=\"fusion-text fusion-text-2\"><p><strong>Dates:<\/strong><br \/>\nOctober 2024 to September 2028<\/p>\n<p><strong>Project coordinator:<\/strong><br \/>\nAng\u00e9lique BOUSQUET, Institut de Chimie de Clermont-Ferrand, ICCF<\/p>\n<p><strong>Partner laboratories :<\/strong><\/p>\n<ul>\n<li>Institut Pascal-Clermont-Ferrand, ICCF<\/li>\n<li>Institut Fran\u00e7ais du P\u00e9trole Energie Nouvelle, IFPEN<\/li>\n<\/ul>\n<p><strong>IMN staff involved:<\/strong><br \/>\nMaryline LE GRANVALET, Nicolas GAUTIER, Christophe CARDINAUD, Aur\u00e9lie GIRARD, Etienne JANOD, Bernard HUMBERT, Jean-Yves MEVELLEC, Franck PETITGAS<\/p>\n<\/div><div class=\"fusion-separator\" style=\"align-self: flex-start;margin-right:auto;margin-bottom:20px;width:100%;max-width:200px;\"><div class=\"fusion-separator-border sep-single sep-solid\" style=\"--awb-height:20px;--awb-amount:20px;--awb-sep-color:var(--awb-color6);border-color:var(--awb-color6);border-top-width:7px;\"><\/div><\/div><div class=\"fusion-text fusion-text-3\"><h4>Nanomaterials for photocatalysis<\/h4>\n<p>Bismuth oxyfluorides are interesting materials for photocatalysis, as the position of their energy bands can be varied by adjusting their chemical composition.<\/p>\n<p>Work carried out at the Institut de Chimie de Clermont Ferrand (ICCF) has shown that this control is possible thanks to reactive sputtering of a Bismuth target in an Ar\/O2\/CF4 atmosphere. Gas flow management also enables one-step synthesis of Bi\/BiOxFy heterojunctions, in which the presence of metal amplifies photocatalytic properties. Initial tests carried out at the Institut Fran\u00e7ais du P\u00e9tr\u00f4le Energies Nouvelles (IFPEN) show encouraging CO2 photoconversion and good selectivity for CO, a green fuel. To enhance these performances, the BiBOP project proposes to nano-hierarchize these heterojunctions, either by oblique-incidence sputtering or in an ionic liquid. The effect on CO2 photoconversion properties will then be studied.    <\/p>\n<p>The control of this nano-structuring will be entrusted to ICCF, which has expertise in reactive sputtering. The project will also benefit from the materials characterization skills of the Institut des Mat\u00e9riaux de Nantes Jean Rouxel (IMN). It will deploy advanced local analysis techniques, notably with their transmission microscopy apparatus: S\/TEM &#8220;Nant&#8217;Themis&#8221;, by developing in situ analyses under stimuli. These experimental data will also be coupled with simulation of the electromagnetic properties of materials, thanks to the expertise of the Institut Pascal (IP).   <\/p>\n<p>Finally, the BiBOP project will involve a major French player in catalysis: IFPEN, which will assess the performance of nanostructures for CO2 photo-conversion. IFPEN will bring its expertise in understanding photocatalytic phenomena to bear on optimizing these structures. <\/p>\n<p>Finally, the BiBOP project uses innovative synthesis processes, but above all is part of an approach to developing new functional materials. It will use an approach combining experiment and simulation. The aim of this project is to respond to societal challenges in the field of clean energy production.<\/p>\n<\/div><div class=\"fusion-image-element \" style=\"--awb-margin-top:20px;--awb-caption-title-font-family:var(--h2_typography-font-family);--awb-caption-title-font-weight:var(--h2_typography-font-weight);--awb-caption-title-font-style:var(--h2_typography-font-style);--awb-caption-title-size:var(--h2_typography-font-size);--awb-caption-title-transform:var(--h2_typography-text-transform);--awb-caption-title-line-height:var(--h2_typography-line-height);--awb-caption-title-letter-spacing:var(--h2_typography-letter-spacing);\"><span class=\" fusion-imageframe imageframe-none imageframe-1 hover-type-none\"><img decoding=\"async\" width=\"936\" height=\"640\" title=\"IMN-BiBOP\" src=\"https:\/\/www.cnrs-imn.fr\/wp-content\/uploads\/2026\/02\/IMN-BiBOP.jpg\" alt class=\"img-responsive wp-image-3117\" srcset=\"https:\/\/www.cnrs-imn.fr\/wp-content\/uploads\/2026\/02\/IMN-BiBOP-200x137.jpg 200w, https:\/\/www.cnrs-imn.fr\/wp-content\/uploads\/2026\/02\/IMN-BiBOP-400x274.jpg 400w, https:\/\/www.cnrs-imn.fr\/wp-content\/uploads\/2026\/02\/IMN-BiBOP-600x410.jpg 600w, https:\/\/www.cnrs-imn.fr\/wp-content\/uploads\/2026\/02\/IMN-BiBOP-800x547.jpg 800w, https:\/\/www.cnrs-imn.fr\/wp-content\/uploads\/2026\/02\/IMN-BiBOP.jpg 936w\" sizes=\"(max-width: 640px) 100vw, 936px\" \/><\/span><\/div><\/div><\/div><\/div><\/div>\n","protected":false},"excerpt":{"rendered":"","protected":false},"author":3,"featured_media":0,"parent":3331,"menu_order":0,"comment_status":"closed","ping_status":"closed","template":"100-width.php","meta":{"footnotes":""},"class_list":["post-3116","page","type-page","status-publish","hentry"],"_links":{"self":[{"href":"https:\/\/www.cnrs-imn.fr\/en\/wp-json\/wp\/v2\/pages\/3116","targetHints":{"allow":["GET"]}}],"collection":[{"href":"https:\/\/www.cnrs-imn.fr\/en\/wp-json\/wp\/v2\/pages"}],"about":[{"href":"https:\/\/www.cnrs-imn.fr\/en\/wp-json\/wp\/v2\/types\/page"}],"author":[{"embeddable":true,"href":"https:\/\/www.cnrs-imn.fr\/en\/wp-json\/wp\/v2\/users\/3"}],"replies":[{"embeddable":true,"href":"https:\/\/www.cnrs-imn.fr\/en\/wp-json\/wp\/v2\/comments?post=3116"}],"version-history":[{"count":2,"href":"https:\/\/www.cnrs-imn.fr\/en\/wp-json\/wp\/v2\/pages\/3116\/revisions"}],"predecessor-version":[{"id":3129,"href":"https:\/\/www.cnrs-imn.fr\/en\/wp-json\/wp\/v2\/pages\/3116\/revisions\/3129"}],"up":[{"embeddable":true,"href":"https:\/\/www.cnrs-imn.fr\/en\/wp-json\/wp\/v2\/pages\/3331"}],"wp:attachment":[{"href":"https:\/\/www.cnrs-imn.fr\/en\/wp-json\/wp\/v2\/media?parent=3116"}],"curies":[{"name":"wp","href":"https:\/\/api.w.org\/{rel}","templated":true}]}}