{"id":3151,"date":"2026-02-20T14:41:34","date_gmt":"2026-02-20T13:41:34","guid":{"rendered":"https:\/\/www-preprod.cnrs-imn.fr\/anr-prc-simpa\/"},"modified":"2026-04-01T11:59:51","modified_gmt":"2026-04-01T09:59:51","slug":"anr-prc-simpa","status":"publish","type":"page","link":"https:\/\/www.cnrs-imn.fr\/en\/projects-collaborations\/academic-projects\/anr-prc-simpa\/","title":{"rendered":"ANR PRC SIMPA"},"content":{"rendered":"<div class=\"fusion-fullwidth fullwidth-box fusion-builder-row-1 fusion-flex-container has-pattern-background has-mask-background nonhundred-percent-fullwidth non-hundred-percent-height-scrolling\" style=\"--awb-border-radius-top-left:0px;--awb-border-radius-top-right:0px;--awb-border-radius-bottom-right:0px;--awb-border-radius-bottom-left:0px;--awb-flex-wrap:wrap;\" ><div class=\"fusion-builder-row fusion-row fusion-flex-align-items-flex-start fusion-flex-content-wrap\" style=\"max-width:1248px;margin-left: calc(-4% \/ 2 );margin-right: calc(-4% \/ 2 );\"><div class=\"fusion-layout-column fusion_builder_column fusion-builder-column-0 fusion_builder_column_3_4 3_4 fusion-flex-column\" style=\"--awb-bg-size:cover;--awb-width-large:75%;--awb-margin-top-large:0px;--awb-spacing-right-large:2.56%;--awb-margin-bottom-large:20px;--awb-spacing-left-large:2.56%;--awb-width-medium:75%;--awb-order-medium:0;--awb-spacing-right-medium:2.56%;--awb-spacing-left-medium:2.56%;--awb-width-small:100%;--awb-order-small:0;--awb-spacing-right-small:1.92%;--awb-spacing-left-small:1.92%;\"><div class=\"fusion-column-wrapper fusion-column-has-shadow fusion-flex-justify-content-flex-start fusion-content-layout-column\"><div class=\"fusion-text fusion-text-1 labelboxlight\" style=\"--awb-font-size:12px;--awb-text-font-family:&quot;Libre Franklin&quot;;--awb-text-font-style:normal;--awb-text-font-weight:600;\"><p>ANR project<\/p>\n<\/div><div class=\"fusion-title title fusion-title-1 fusion-sep-none fusion-title-text fusion-title-size-two\" style=\"--awb-margin-top-small:10px;--awb-margin-right-small:0px;--awb-margin-bottom-small:10px;--awb-margin-left-small:0px;\"><h2 class=\"fusion-title-heading title-heading-left\" style=\"margin:0;\">Catalytic Sorbent bed for IMproved Production of methAnol<\/h2><\/div><div class=\"fusion-separator\" style=\"align-self: flex-start;margin-right:auto;margin-bottom:20px;width:100%;max-width:200px;\"><div class=\"fusion-separator-border sep-single sep-solid\" style=\"--awb-height:20px;--awb-amount:20px;--awb-sep-color:var(--awb-color6);border-color:var(--awb-color6);border-top-width:7px;\"><\/div><\/div><div class=\"fusion-text fusion-text-2\"><p><strong>Dates:<\/strong><br \/>\nOctober 2022 &#8211; April 2026<\/p>\n<p><strong>Project coordinator:<\/strong><br \/>\nInstitut de chimie et proc\u00e9d\u00e9s pour l&#8217;\u00e9nergie, l&#8217;environnement et la sant\u00e9 (ICPEES Schiltigheim)<\/p>\n<p><strong>Partner laboratories :<\/strong><\/p>\n<ul>\n<li>IMN<\/li>\n<li>Catalysis, Polymerization, Processes and Materials (CP2M Lyon)<\/li>\n<li>Institut Charles Gerhardt Montpellier (ICGM Montpellier)<\/li>\n<\/ul>\n<p><strong>IMN staff involved:<\/strong><br \/>\nThomas DEVIC, St\u00e9phane GROLLEAU, Micha\u00ebl PARIS<\/p>\n<\/div><div class=\"fusion-separator\" style=\"align-self: flex-start;margin-right:auto;margin-bottom:20px;width:100%;max-width:200px;\"><div class=\"fusion-separator-border sep-single sep-solid\" style=\"--awb-height:20px;--awb-amount:20px;--awb-sep-color:var(--awb-color6);border-color:var(--awb-color6);border-top-width:7px;\"><\/div><\/div><div class=\"fusion-text fusion-text-3\"><h4>Catalytic sorbent bed for improved methanol production<\/h4>\n<p>The SIMPA project is part of the Power-To-Fuels theme. It aims to displace the thermodynamic limitation of methanol production from CO2 and renewable H2 by combining a water sorption function and a catalytic function in the same bed. It will focus on developing catalytic sorbent beds of increasing technical sophistication. Conventional sorbents\/catalysts will initially be studied in order to implement the various techniques aimed at characterizing water adsorption (sorption capacity, selectivity with respect to methanol and CO2, desorption) under the targeted conditions (typically 20 bar, 230\u00b0C) and assessing catalytic performance in the presence of sorbents. MOF-type sorption materials will then be studied and characterized under hydrothermal conditions. Catalysts for methanol synthesis from CO2 will be developed, to be active at low temperatures and more selective in methanol. Sorbent\/catalyst bed geometries will be studied to optimize methanol yield. The reaction will be implemented in sequential sorption-reaction-desorption mode in two parallel reactors. Finally, all-in-one catalytic sorbents will be developed. Finally, beyond experimental proof in sequential mode, multi-scale modeling (sorption, diffusion, chemical kinetics, reactor, sequential mode process) will enable us to propose optimal operating conditions and cycling strategy for the water sorption-assisted methanol synthesis reaction at the end of the project.<\/p>\n<\/div><div class=\"fusion-image-element \" style=\"--awb-margin-top:20px;--awb-caption-title-font-family:var(--h2_typography-font-family);--awb-caption-title-font-weight:var(--h2_typography-font-weight);--awb-caption-title-font-style:var(--h2_typography-font-style);--awb-caption-title-size:var(--h2_typography-font-size);--awb-caption-title-transform:var(--h2_typography-text-transform);--awb-caption-title-line-height:var(--h2_typography-line-height);--awb-caption-title-letter-spacing:var(--h2_typography-letter-spacing);\"><span class=\" fusion-imageframe imageframe-none imageframe-1 hover-type-none\"><img decoding=\"async\" width=\"843\" height=\"537\" title=\"Simpa\" src=\"https:\/\/www.cnrs-imn.fr\/wp-content\/uploads\/2026\/02\/Simpa.png\" alt class=\"img-responsive wp-image-3152\" srcset=\"https:\/\/www.cnrs-imn.fr\/wp-content\/uploads\/2026\/02\/Simpa-200x127.png 200w, https:\/\/www.cnrs-imn.fr\/wp-content\/uploads\/2026\/02\/Simpa-400x255.png 400w, https:\/\/www.cnrs-imn.fr\/wp-content\/uploads\/2026\/02\/Simpa-600x382.png 600w, https:\/\/www.cnrs-imn.fr\/wp-content\/uploads\/2026\/02\/Simpa-800x510.png 800w, https:\/\/www.cnrs-imn.fr\/wp-content\/uploads\/2026\/02\/Simpa.png 843w\" sizes=\"(max-width: 640px) 100vw, 843px\" \/><\/span><\/div><\/div><\/div><\/div><\/div>\n","protected":false},"excerpt":{"rendered":"","protected":false},"author":3,"featured_media":0,"parent":3331,"menu_order":0,"comment_status":"closed","ping_status":"closed","template":"100-width.php","meta":{"footnotes":""},"class_list":["post-3151","page","type-page","status-publish","hentry"],"_links":{"self":[{"href":"https:\/\/www.cnrs-imn.fr\/en\/wp-json\/wp\/v2\/pages\/3151","targetHints":{"allow":["GET"]}}],"collection":[{"href":"https:\/\/www.cnrs-imn.fr\/en\/wp-json\/wp\/v2\/pages"}],"about":[{"href":"https:\/\/www.cnrs-imn.fr\/en\/wp-json\/wp\/v2\/types\/page"}],"author":[{"embeddable":true,"href":"https:\/\/www.cnrs-imn.fr\/en\/wp-json\/wp\/v2\/users\/3"}],"replies":[{"embeddable":true,"href":"https:\/\/www.cnrs-imn.fr\/en\/wp-json\/wp\/v2\/comments?post=3151"}],"version-history":[{"count":2,"href":"https:\/\/www.cnrs-imn.fr\/en\/wp-json\/wp\/v2\/pages\/3151\/revisions"}],"predecessor-version":[{"id":3187,"href":"https:\/\/www.cnrs-imn.fr\/en\/wp-json\/wp\/v2\/pages\/3151\/revisions\/3187"}],"up":[{"embeddable":true,"href":"https:\/\/www.cnrs-imn.fr\/en\/wp-json\/wp\/v2\/pages\/3331"}],"wp:attachment":[{"href":"https:\/\/www.cnrs-imn.fr\/en\/wp-json\/wp\/v2\/media?parent=3151"}],"curies":[{"name":"wp","href":"https:\/\/api.w.org\/{rel}","templated":true}]}}