{"id":3161,"date":"2026-02-20T14:31:55","date_gmt":"2026-02-20T13:31:55","guid":{"rendered":"https:\/\/www-preprod.cnrs-imn.fr\/anr-prce-nacell\/"},"modified":"2026-04-01T11:59:51","modified_gmt":"2026-04-01T09:59:51","slug":"anr-prce-nacell","status":"publish","type":"page","link":"https:\/\/www.cnrs-imn.fr\/en\/projects-collaborations\/academic-projects\/anr-prce-nacell\/","title":{"rendered":"ANR PRCE NACELL"},"content":{"rendered":"<div class=\"fusion-fullwidth fullwidth-box fusion-builder-row-1 fusion-flex-container has-pattern-background has-mask-background nonhundred-percent-fullwidth non-hundred-percent-height-scrolling\" style=\"--awb-border-radius-top-left:0px;--awb-border-radius-top-right:0px;--awb-border-radius-bottom-right:0px;--awb-border-radius-bottom-left:0px;--awb-flex-wrap:wrap;\" ><div class=\"fusion-builder-row fusion-row fusion-flex-align-items-flex-start fusion-flex-content-wrap\" style=\"max-width:1248px;margin-left: calc(-4% \/ 2 );margin-right: calc(-4% \/ 2 );\"><div class=\"fusion-layout-column fusion_builder_column fusion-builder-column-0 fusion_builder_column_3_4 3_4 fusion-flex-column\" style=\"--awb-bg-size:cover;--awb-width-large:75%;--awb-margin-top-large:0px;--awb-spacing-right-large:2.56%;--awb-margin-bottom-large:20px;--awb-spacing-left-large:2.56%;--awb-width-medium:75%;--awb-order-medium:0;--awb-spacing-right-medium:2.56%;--awb-spacing-left-medium:2.56%;--awb-width-small:100%;--awb-order-small:0;--awb-spacing-right-small:1.92%;--awb-spacing-left-small:1.92%;\"><div class=\"fusion-column-wrapper fusion-column-has-shadow fusion-flex-justify-content-flex-start fusion-content-layout-column\"><div class=\"fusion-text fusion-text-1 labelboxlight\" style=\"--awb-font-size:12px;--awb-text-font-family:&quot;Libre Franklin&quot;;--awb-text-font-style:normal;--awb-text-font-weight:600;\"><p>ANR project<\/p>\n<\/div><div class=\"fusion-title title fusion-title-1 fusion-sep-none fusion-title-text fusion-title-size-two\" style=\"--awb-margin-top-small:10px;--awb-margin-right-small:0px;--awb-margin-bottom-small:10px;--awb-margin-left-small:0px;\"><h2 class=\"fusion-title-heading title-heading-left\" style=\"margin:0;\">Development of a membrane-cell for in situ NAP-XPS characterization<\/h2><\/div><div class=\"fusion-separator\" style=\"align-self: flex-start;margin-right:auto;margin-bottom:20px;width:100%;max-width:200px;\"><div class=\"fusion-separator-border sep-single sep-solid\" style=\"--awb-height:20px;--awb-amount:20px;--awb-sep-color:var(--awb-color6);border-color:var(--awb-color6);border-top-width:7px;\"><\/div><\/div><div class=\"fusion-text fusion-text-2\"><p><strong>Dates:<\/strong><br \/>\nOctober 2022 &#8211; March 2027<\/p>\n<p><strong>Project coordinator:<\/strong><br \/>\nLuis CARDENAS, Institut de Recherches sur la Catalyse et l&#8217;Environnement de Lyon (IRCELYON)<\/p>\n<p><strong>Partner laboratories :<\/strong><\/p>\n<ul>\n<li>IMN<\/li>\n<li>Laboratory of Fluid Mechanics and Acoustics (LMFA) [Ecole Centrale de LYON].<\/li>\n<li>CRYOSCAN (from Institut Jean Lamour)<\/li>\n<\/ul>\n<p><strong>IMN staff involved:<\/strong><br \/>\nMarie-Paule BESLAND, Val\u00e9rie BRIEN, Agn\u00e8s GRANIER, Pierre-Yves JOUAN, Mireille RICHARD-PLOUET, Cl\u00e9ment MAHEU<\/p>\n<\/div><div class=\"fusion-separator\" style=\"align-self: flex-start;margin-right:auto;margin-bottom:20px;width:100%;max-width:200px;\"><div class=\"fusion-separator-border sep-single sep-solid\" style=\"--awb-height:20px;--awb-amount:20px;--awb-sep-color:var(--awb-color6);border-color:var(--awb-color6);border-top-width:7px;\"><\/div><\/div><div class=\"fusion-text fusion-text-3\"><h4>Development of a membrane cell for in situ characterization of NAP-XPS<\/h4>\n<p>IMN plans to develop nanostructured TiOxNy thin films with a redox potential close to the visible range. The Institute has chosen to implement band engineering via atomic substitutions on the anionic and\/or cationic networks by Plasma Enhanced Chemical Vapor Deposition (PECVD) or magnetron sputtering (MS), a technique for depositing metallic (conductive) or ceramic (insulating) thin films using plasma, in order to provide the IRCELyon partner with &#8220;model&#8221; materials. <\/p>\n<p>Heterogeneous photocatalysis involves chemical processes that provide access to abundant, renewable solar energy. Much research effort has been devoted to the conversion of small molecules such as H2O, CO2 and N2 into fuels or chemicals. Unfortunately, there are significant gaps in our understanding of the mechanisms at work in the active sites of catalysts. To remedy this, XPS (X-ray Photoelectron Spectroscopy) in ultra-high vacuum (UHV) is widely used to study the active phase in catalysis. The development of Near Atmospheric Pressure (NAP) XPS should bridge the gap between the kinetic performance of catalysts and molecular reactions under in situ conditions.    <\/p>\n<p>In this project, the consortium proposes to develop a 2D membrane cell device (figure 1a) that will enable XPS operando studies on thin films with photocatalytic and plasmonic properties based on titanium oxynitride (TiOxNy). These films will be made of elements abundant on earth, and will be combined with gold (Au) or copper (Cu) nanoparticles (NPs) to enable photocatalytic reduction of CO2 in the gas phase. To achieve this objective, a dedicated cell will be designed and built, and experimental protocols for routine characterization of photocatalytic materials will also be developed.<\/p>\n<\/div><div class=\"fusion-image-element \" style=\"--awb-margin-top:20px;--awb-caption-title-font-family:var(--h2_typography-font-family);--awb-caption-title-font-weight:var(--h2_typography-font-weight);--awb-caption-title-font-style:var(--h2_typography-font-style);--awb-caption-title-size:var(--h2_typography-font-size);--awb-caption-title-transform:var(--h2_typography-text-transform);--awb-caption-title-line-height:var(--h2_typography-line-height);--awb-caption-title-letter-spacing:var(--h2_typography-letter-spacing);\"><span class=\" fusion-imageframe imageframe-none imageframe-1 hover-type-none\"><img decoding=\"async\" width=\"1024\" height=\"505\" title=\"Nacell\" src=\"https:\/\/www.cnrs-imn.fr\/wp-content\/uploads\/2026\/02\/Nacell-1024x505.png\" alt class=\"img-responsive wp-image-3163\" srcset=\"https:\/\/www.cnrs-imn.fr\/wp-content\/uploads\/2026\/02\/Nacell-200x99.png 200w, https:\/\/www.cnrs-imn.fr\/wp-content\/uploads\/2026\/02\/Nacell-400x197.png 400w, https:\/\/www.cnrs-imn.fr\/wp-content\/uploads\/2026\/02\/Nacell-600x296.png 600w, https:\/\/www.cnrs-imn.fr\/wp-content\/uploads\/2026\/02\/Nacell-800x394.png 800w, https:\/\/www.cnrs-imn.fr\/wp-content\/uploads\/2026\/02\/Nacell-1200x592.png 1200w, https:\/\/www.cnrs-imn.fr\/wp-content\/uploads\/2026\/02\/Nacell.png 1205w\" sizes=\"(max-width: 640px) 100vw, 1200px\" \/><\/span><\/div><\/div><\/div><\/div><\/div>\n","protected":false},"excerpt":{"rendered":"","protected":false},"author":3,"featured_media":0,"parent":3331,"menu_order":0,"comment_status":"closed","ping_status":"closed","template":"100-width.php","meta":{"footnotes":""},"class_list":["post-3161","page","type-page","status-publish","hentry"],"_links":{"self":[{"href":"https:\/\/www.cnrs-imn.fr\/en\/wp-json\/wp\/v2\/pages\/3161","targetHints":{"allow":["GET"]}}],"collection":[{"href":"https:\/\/www.cnrs-imn.fr\/en\/wp-json\/wp\/v2\/pages"}],"about":[{"href":"https:\/\/www.cnrs-imn.fr\/en\/wp-json\/wp\/v2\/types\/page"}],"author":[{"embeddable":true,"href":"https:\/\/www.cnrs-imn.fr\/en\/wp-json\/wp\/v2\/users\/3"}],"replies":[{"embeddable":true,"href":"https:\/\/www.cnrs-imn.fr\/en\/wp-json\/wp\/v2\/comments?post=3161"}],"version-history":[{"count":2,"href":"https:\/\/www.cnrs-imn.fr\/en\/wp-json\/wp\/v2\/pages\/3161\/revisions"}],"predecessor-version":[{"id":3188,"href":"https:\/\/www.cnrs-imn.fr\/en\/wp-json\/wp\/v2\/pages\/3161\/revisions\/3188"}],"up":[{"embeddable":true,"href":"https:\/\/www.cnrs-imn.fr\/en\/wp-json\/wp\/v2\/pages\/3331"}],"wp:attachment":[{"href":"https:\/\/www.cnrs-imn.fr\/en\/wp-json\/wp\/v2\/media?parent=3161"}],"curies":[{"name":"wp","href":"https:\/\/api.w.org\/{rel}","templated":true}]}}