{"id":3171,"date":"2026-02-20T16:27:09","date_gmt":"2026-02-20T15:27:09","guid":{"rendered":"https:\/\/www-preprod.cnrs-imn.fr\/anr-azotics\/"},"modified":"2026-04-01T11:59:51","modified_gmt":"2026-04-01T09:59:51","slug":"anr-azotics","status":"publish","type":"page","link":"https:\/\/www.cnrs-imn.fr\/en\/projects-collaborations\/academic-projects\/anr-azotics\/","title":{"rendered":"ANR AZOTICS"},"content":{"rendered":"<div class=\"fusion-fullwidth fullwidth-box fusion-builder-row-1 fusion-flex-container has-pattern-background has-mask-background nonhundred-percent-fullwidth non-hundred-percent-height-scrolling\" style=\"--awb-border-radius-top-left:0px;--awb-border-radius-top-right:0px;--awb-border-radius-bottom-right:0px;--awb-border-radius-bottom-left:0px;--awb-flex-wrap:wrap;\" ><div class=\"fusion-builder-row fusion-row fusion-flex-align-items-flex-start fusion-flex-content-wrap\" style=\"max-width:1248px;margin-left: calc(-4% \/ 2 );margin-right: calc(-4% \/ 2 );\"><div class=\"fusion-layout-column fusion_builder_column fusion-builder-column-0 fusion_builder_column_3_4 3_4 fusion-flex-column\" style=\"--awb-bg-size:cover;--awb-width-large:75%;--awb-margin-top-large:0px;--awb-spacing-right-large:2.56%;--awb-margin-bottom-large:20px;--awb-spacing-left-large:2.56%;--awb-width-medium:75%;--awb-order-medium:0;--awb-spacing-right-medium:2.56%;--awb-spacing-left-medium:2.56%;--awb-width-small:100%;--awb-order-small:0;--awb-spacing-right-small:1.92%;--awb-spacing-left-small:1.92%;\"><div class=\"fusion-column-wrapper fusion-column-has-shadow fusion-flex-justify-content-flex-start fusion-content-layout-column\"><div class=\"fusion-text fusion-text-1 labelboxlight\" style=\"--awb-font-size:12px;--awb-text-font-family:&quot;Libre Franklin&quot;;--awb-text-font-style:normal;--awb-text-font-weight:600;\"><p>ANR project<\/p>\n<\/div><div class=\"fusion-title title fusion-title-1 fusion-sep-none fusion-title-text fusion-title-size-two\" style=\"--awb-margin-top-small:10px;--awb-margin-right-small:0px;--awb-margin-bottom-small:10px;--awb-margin-left-small:0px;\"><h2 class=\"fusion-title-heading title-heading-left\" style=\"margin:0;\">Photostimulable nanoparticles for imaging inflammation in microvascular systems by high-contrast photoacoustic microscopy<\/h2><\/div><div class=\"fusion-separator\" style=\"align-self: flex-start;margin-right:auto;margin-bottom:20px;width:100%;max-width:200px;\"><div class=\"fusion-separator-border sep-single sep-solid\" style=\"--awb-height:20px;--awb-amount:20px;--awb-sep-color:var(--awb-color6);border-color:var(--awb-color6);border-top-width:7px;\"><\/div><\/div><div class=\"fusion-text fusion-text-2\"><p><strong>Dates:<\/strong><br \/>\nJanuary 2021 &#8211; December 2025<\/p>\n<p><strong>Project coordinator:<\/strong><br \/>\nChemistry and Interdisciplinarity, Synthesis, Analysis, Modeling (CEISAM Nantes)<\/p>\n<p><strong>Partner laboratories :<\/strong><\/p>\n<ul>\n<li>IMN<\/li>\n<li>Interdisciplinary Physics Laboratory (LIPHY Saint Martin d&#8217;H\u00e8res)<\/li>\n<li>Nantes Angers Cancer and Immunology Research Center (CRCINA Nantes)<\/li>\n<li>Techniques de l&#8217;Ing\u00e9nierie M\u00e9dicale et de la Complexit\u00e9 &#8211; Informatique, Math\u00e9matiques et Applications (TIMC-IMAG Grenoble)<\/li>\n<\/ul>\n<p><strong>IMN staff involved:<\/strong><br \/>\nSt\u00e9phane CUENOT<\/p>\n<\/div><div class=\"fusion-separator\" style=\"align-self: flex-start;margin-right:auto;margin-bottom:20px;width:100%;max-width:200px;\"><div class=\"fusion-separator-border sep-single sep-solid\" style=\"--awb-height:20px;--awb-amount:20px;--awb-sep-color:var(--awb-color6);border-color:var(--awb-color6);border-top-width:7px;\"><\/div><\/div><div class=\"fusion-text fusion-text-3\"><p>The recent emergence of high-resolution, in-depth imaging techniques such as photoacoustic microscopy (PA) is opening up new fields of biological investigation. The in vivo monitoring of immune cells, markers of inflammation and severe pathologies, is one such area of interest. The interdisciplinary AZOTICS project aims to overcome the current limitations of PA microscopy by developing innovative biocompatible elastomer nanolabels based on azo photochromes. Photostimulated actuation mechanisms will be used to amplify PA contrast based on thermal expansion. Photoinduced mechanical deformations of single nano-objects will be assessed by atomic force microscopy. Their PA imaging properties will be studied via a continuum in vitro, in cellulo and in vivo, using monocyte and macrophage labeling, microfluidic systems mimicking microvascularization, and inflammatory models.<\/p>\n<\/div><div class=\"fusion-image-element \" style=\"--awb-margin-top:20px;--awb-caption-title-font-family:var(--h2_typography-font-family);--awb-caption-title-font-weight:var(--h2_typography-font-weight);--awb-caption-title-font-style:var(--h2_typography-font-style);--awb-caption-title-size:var(--h2_typography-font-size);--awb-caption-title-transform:var(--h2_typography-text-transform);--awb-caption-title-line-height:var(--h2_typography-line-height);--awb-caption-title-letter-spacing:var(--h2_typography-letter-spacing);\"><span class=\" fusion-imageframe imageframe-none imageframe-1 hover-type-none\"><img decoding=\"async\" width=\"340\" height=\"197\" title=\"AZOTICS\" src=\"https:\/\/www.cnrs-imn.fr\/wp-content\/uploads\/2026\/02\/AZOTICS.jpg\" alt class=\"img-responsive wp-image-3172\" srcset=\"https:\/\/www.cnrs-imn.fr\/wp-content\/uploads\/2026\/02\/AZOTICS-200x116.jpg 200w, https:\/\/www.cnrs-imn.fr\/wp-content\/uploads\/2026\/02\/AZOTICS.jpg 340w\" sizes=\"(max-width: 640px) 100vw, 340px\" \/><\/span><\/div><\/div><\/div><\/div><\/div>\n","protected":false},"excerpt":{"rendered":"","protected":false},"author":3,"featured_media":0,"parent":3331,"menu_order":0,"comment_status":"closed","ping_status":"closed","template":"100-width.php","meta":{"footnotes":""},"class_list":["post-3171","page","type-page","status-publish","hentry"],"_links":{"self":[{"href":"https:\/\/www.cnrs-imn.fr\/en\/wp-json\/wp\/v2\/pages\/3171","targetHints":{"allow":["GET"]}}],"collection":[{"href":"https:\/\/www.cnrs-imn.fr\/en\/wp-json\/wp\/v2\/pages"}],"about":[{"href":"https:\/\/www.cnrs-imn.fr\/en\/wp-json\/wp\/v2\/types\/page"}],"author":[{"embeddable":true,"href":"https:\/\/www.cnrs-imn.fr\/en\/wp-json\/wp\/v2\/users\/3"}],"replies":[{"embeddable":true,"href":"https:\/\/www.cnrs-imn.fr\/en\/wp-json\/wp\/v2\/comments?post=3171"}],"version-history":[{"count":2,"href":"https:\/\/www.cnrs-imn.fr\/en\/wp-json\/wp\/v2\/pages\/3171\/revisions"}],"predecessor-version":[{"id":3185,"href":"https:\/\/www.cnrs-imn.fr\/en\/wp-json\/wp\/v2\/pages\/3171\/revisions\/3185"}],"up":[{"embeddable":true,"href":"https:\/\/www.cnrs-imn.fr\/en\/wp-json\/wp\/v2\/pages\/3331"}],"wp:attachment":[{"href":"https:\/\/www.cnrs-imn.fr\/en\/wp-json\/wp\/v2\/media?parent=3171"}],"curies":[{"name":"wp","href":"https:\/\/api.w.org\/{rel}","templated":true}]}}