{"id":3258,"date":"2026-01-16T10:30:02","date_gmt":"2026-01-16T09:30:02","guid":{"rendered":"https:\/\/www-preprod.cnrs-imn.fr\/anr-prc-pachas\/"},"modified":"2026-04-01T11:59:50","modified_gmt":"2026-04-01T09:59:50","slug":"anr-prc-pachas","status":"publish","type":"page","link":"https:\/\/www.cnrs-imn.fr\/en\/projects-collaborations\/academic-projects\/anr-prc-pachas\/","title":{"rendered":"ANR PRC PACHAS"},"content":{"rendered":"<div class=\"fusion-fullwidth fullwidth-box fusion-builder-row-1 fusion-flex-container has-pattern-background has-mask-background nonhundred-percent-fullwidth non-hundred-percent-height-scrolling\" style=\"--awb-border-radius-top-left:0px;--awb-border-radius-top-right:0px;--awb-border-radius-bottom-right:0px;--awb-border-radius-bottom-left:0px;--awb-flex-wrap:wrap;\" ><div class=\"fusion-builder-row fusion-row fusion-flex-align-items-flex-start fusion-flex-content-wrap\" style=\"max-width:1248px;margin-left: calc(-4% \/ 2 );margin-right: calc(-4% \/ 2 );\"><div class=\"fusion-layout-column fusion_builder_column fusion-builder-column-0 fusion_builder_column_3_4 3_4 fusion-flex-column\" style=\"--awb-bg-size:cover;--awb-width-large:75%;--awb-margin-top-large:0px;--awb-spacing-right-large:2.56%;--awb-margin-bottom-large:20px;--awb-spacing-left-large:2.56%;--awb-width-medium:75%;--awb-order-medium:0;--awb-spacing-right-medium:2.56%;--awb-spacing-left-medium:2.56%;--awb-width-small:100%;--awb-order-small:0;--awb-spacing-right-small:1.92%;--awb-spacing-left-small:1.92%;\"><div class=\"fusion-column-wrapper fusion-column-has-shadow fusion-flex-justify-content-flex-start fusion-content-layout-column\"><div class=\"fusion-text fusion-text-1 labelboxlight\" style=\"--awb-font-size:12px;--awb-text-font-family:&quot;Libre Franklin&quot;;--awb-text-font-style:normal;--awb-text-font-weight:600;\"><p>ANR project<\/p>\n<\/div><div class=\"fusion-title title fusion-title-1 fusion-sep-none fusion-title-text fusion-title-size-two\" style=\"--awb-margin-top-small:10px;--awb-margin-right-small:0px;--awb-margin-bottom-small:10px;--awb-margin-left-small:0px;\"><h2 class=\"fusion-title-heading title-heading-left\" style=\"margin:0;\">Visible-light Photocatalysis with Ambipolar layered CHAlcogenides for Solar fuel generation<\/h2><\/div><div class=\"fusion-separator\" style=\"align-self: flex-start;margin-right:auto;margin-bottom:20px;width:100%;max-width:200px;\"><div class=\"fusion-separator-border sep-single sep-solid\" style=\"--awb-height:20px;--awb-amount:20px;--awb-sep-color:var(--awb-color6);border-color:var(--awb-color6);border-top-width:7px;\"><\/div><\/div><div class=\"fusion-text fusion-text-2\"><p><strong>Dates:<\/strong><br \/>\nJanuary 1, 2025 &#8211; December 31, 2029<\/p>\n<p><strong>Project coordinator:<\/strong><br \/>\nMaria Teresa CALDES, IMN, MIOPS team<\/p>\n<p><strong>Partner laboratories:<\/strong><br \/>\nIMN, SCR, IRCELYON<\/p>\n<p><strong>IMN personnel involved:<\/strong><br \/>\nH\u00e9l\u00e8ne BRAULT (MC UNIV), Eric GAUTRON (IR CNRS), Cl\u00e9ment MAHEU (CR CNRS), St\u00e9phane JOBIC (DR CNRS), Camille LATOUCHE (MC UNIV) and H\u00e9l\u00e8ne TERRISSE (MC UNIV)<\/p>\n<\/div><div class=\"fusion-separator\" style=\"align-self: flex-start;margin-right:auto;margin-bottom:20px;width:100%;max-width:200px;\"><div class=\"fusion-separator-border sep-single sep-solid\" style=\"--awb-height:20px;--awb-amount:20px;--awb-sep-color:var(--awb-color6);border-color:var(--awb-color6);border-top-width:7px;\"><\/div><\/div><div class=\"fusion-text fusion-text-3\"><h4>Photocatalysis under visible irradiation with ambipolar lamellar CHAlcogenides for solar fuel production<\/h4>\n<p>Given the structural kinship between the ZISn and CIGSn phases, the aim of PACHAS is to explore, for the first time, the potential of the new CIGSn compounds and 2D MoS2-CIGSn heterojunctions in visible photocatalysis. We will focus on the water dissociation reaction. <\/p>\n<p>We will start with a &#8220;catalyst thickness modulation&#8221; approach that will be used to optimize the photocatalytic properties of CIGSn compounds. To this end, CIGSn nanoplatelets will be prepared by exfoliation of CIGSn nanopowders, previously obtained by microwave-assisted solvothermal synthesis. <\/p>\n<p>In a second phase, the &#8220;2D heterojunction&#8221; strategy will be tested. Ultra-fine MoS2-CIGSn heterojunctions will be prepared by combining MoS2 and CIGSn nanoplatelets either by grinding or using a &#8220;one-pot&#8221; solvothermal method. PACHAS will finely characterize the HER and OER photocatalytic properties of these materials using co-reagents (S2-, SO32- and S2O62- for HER and S2O82- for OER) adapted to chalcogenide photocatalysts.  <\/p>\n<p>By studying the kinetics of these photocatalytic reactions, we will be able to identify the limiting processes involved. The position of the VBM, CBM and Fermi energy levels of the photocatalysts will be determined using a combination of complementary techniques. The energy diagrams thus determined will be compared with the DFT calculations performed to determine the intrinsic properties of MoS2, ZISn and CIGSn.  <\/p>\n<p>Next, the interfaces between the MoS2 and ZISn or CIGSn layers will be simulated to obtain information on the thermodynamic stability of the heterojunctions and their type.<\/p>\n<p>Finally, we will attempt to make progress in understanding the relationship between ambipolar behavior and photocatalytic activity, which is not yet developed in the literature.<\/p>\n<\/div><div class=\"fusion-image-element \" style=\"--awb-margin-top:20px;--awb-caption-title-font-family:var(--h2_typography-font-family);--awb-caption-title-font-weight:var(--h2_typography-font-weight);--awb-caption-title-font-style:var(--h2_typography-font-style);--awb-caption-title-size:var(--h2_typography-font-size);--awb-caption-title-transform:var(--h2_typography-text-transform);--awb-caption-title-line-height:var(--h2_typography-line-height);--awb-caption-title-letter-spacing:var(--h2_typography-letter-spacing);\"><span class=\" fusion-imageframe imageframe-none imageframe-1 hover-type-none\"><img decoding=\"async\" width=\"1382\" height=\"773\" title=\"Image-PACHAS\" src=\"https:\/\/www.cnrs-imn.fr\/wp-content\/uploads\/2026\/01\/Image1_PACHAS-1.jpg\" alt class=\"img-responsive wp-image-3259\" srcset=\"https:\/\/www.cnrs-imn.fr\/wp-content\/uploads\/2026\/01\/Image1_PACHAS-1-200x112.jpg 200w, https:\/\/www.cnrs-imn.fr\/wp-content\/uploads\/2026\/01\/Image1_PACHAS-1-400x224.jpg 400w, https:\/\/www.cnrs-imn.fr\/wp-content\/uploads\/2026\/01\/Image1_PACHAS-1-600x336.jpg 600w, https:\/\/www.cnrs-imn.fr\/wp-content\/uploads\/2026\/01\/Image1_PACHAS-1-800x447.jpg 800w, https:\/\/www.cnrs-imn.fr\/wp-content\/uploads\/2026\/01\/Image1_PACHAS-1-1200x671.jpg 1200w, https:\/\/www.cnrs-imn.fr\/wp-content\/uploads\/2026\/01\/Image1_PACHAS-1.jpg 1382w\" sizes=\"(max-width: 640px) 100vw, 1200px\" \/><\/span><\/div><\/div><\/div><\/div><\/div>\n","protected":false},"excerpt":{"rendered":"","protected":false},"author":1,"featured_media":0,"parent":3331,"menu_order":0,"comment_status":"closed","ping_status":"closed","template":"100-width.php","meta":{"footnotes":""},"class_list":["post-3258","page","type-page","status-publish","hentry"],"_links":{"self":[{"href":"https:\/\/www.cnrs-imn.fr\/en\/wp-json\/wp\/v2\/pages\/3258","targetHints":{"allow":["GET"]}}],"collection":[{"href":"https:\/\/www.cnrs-imn.fr\/en\/wp-json\/wp\/v2\/pages"}],"about":[{"href":"https:\/\/www.cnrs-imn.fr\/en\/wp-json\/wp\/v2\/types\/page"}],"author":[{"embeddable":true,"href":"https:\/\/www.cnrs-imn.fr\/en\/wp-json\/wp\/v2\/users\/1"}],"replies":[{"embeddable":true,"href":"https:\/\/www.cnrs-imn.fr\/en\/wp-json\/wp\/v2\/comments?post=3258"}],"version-history":[{"count":5,"href":"https:\/\/www.cnrs-imn.fr\/en\/wp-json\/wp\/v2\/pages\/3258\/revisions"}],"predecessor-version":[{"id":3292,"href":"https:\/\/www.cnrs-imn.fr\/en\/wp-json\/wp\/v2\/pages\/3258\/revisions\/3292"}],"up":[{"embeddable":true,"href":"https:\/\/www.cnrs-imn.fr\/en\/wp-json\/wp\/v2\/pages\/3331"}],"wp:attachment":[{"href":"https:\/\/www.cnrs-imn.fr\/en\/wp-json\/wp\/v2\/media?parent=3258"}],"curies":[{"name":"wp","href":"https:\/\/api.w.org\/{rel}","templated":true}]}}