{"id":3305,"date":"2026-02-20T15:02:15","date_gmt":"2026-02-20T14:02:15","guid":{"rendered":"https:\/\/www-preprod.cnrs-imn.fr\/anr-compagnon\/"},"modified":"2026-04-01T11:59:53","modified_gmt":"2026-04-01T09:59:53","slug":"anr-compagnon","status":"publish","type":"page","link":"https:\/\/www.cnrs-imn.fr\/en\/projects-collaborations\/academic-projects\/anr-compagnon\/","title":{"rendered":"ANR COMPAGNON"},"content":{"rendered":"<div class=\"fusion-fullwidth fullwidth-box fusion-builder-row-1 fusion-flex-container has-pattern-background has-mask-background nonhundred-percent-fullwidth non-hundred-percent-height-scrolling\" style=\"--awb-border-radius-top-left:0px;--awb-border-radius-top-right:0px;--awb-border-radius-bottom-right:0px;--awb-border-radius-bottom-left:0px;--awb-flex-wrap:wrap;\" ><div class=\"fusion-builder-row fusion-row fusion-flex-align-items-flex-start fusion-flex-content-wrap\" style=\"max-width:1248px;margin-left: calc(-4% \/ 2 );margin-right: calc(-4% \/ 2 );\"><div class=\"fusion-layout-column fusion_builder_column fusion-builder-column-0 fusion_builder_column_3_4 3_4 fusion-flex-column\" style=\"--awb-bg-size:cover;--awb-width-large:75%;--awb-margin-top-large:0px;--awb-spacing-right-large:2.56%;--awb-margin-bottom-large:20px;--awb-spacing-left-large:2.56%;--awb-width-medium:75%;--awb-order-medium:0;--awb-spacing-right-medium:2.56%;--awb-spacing-left-medium:2.56%;--awb-width-small:100%;--awb-order-small:0;--awb-spacing-right-small:1.92%;--awb-spacing-left-small:1.92%;\"><div class=\"fusion-column-wrapper fusion-column-has-shadow fusion-flex-justify-content-flex-start fusion-content-layout-column\"><div class=\"fusion-text fusion-text-1 labelboxlight\" style=\"--awb-font-size:12px;--awb-text-font-family:&quot;Libre Franklin&quot;;--awb-text-font-style:normal;--awb-text-font-weight:600;\"><p>ANR project<\/p>\n<\/div><div class=\"fusion-title title fusion-title-1 fusion-sep-none fusion-title-text fusion-title-size-two\" style=\"--awb-margin-top-small:10px;--awb-margin-right-small:0px;--awb-margin-bottom-small:10px;--awb-margin-left-small:0px;\"><h2 class=\"fusion-title-heading title-heading-left\" style=\"margin:0;\">Field-sintered piezo-magnetic composite<\/h2><\/div><div class=\"fusion-separator\" style=\"align-self: flex-start;margin-right:auto;margin-bottom:20px;width:100%;max-width:200px;\"><div class=\"fusion-separator-border sep-single sep-solid\" style=\"--awb-height:20px;--awb-amount:20px;--awb-sep-color:var(--awb-color6);border-color:var(--awb-color6);border-top-width:7px;\"><\/div><\/div><div class=\"fusion-text fusion-text-2\"><p><strong>Dates:<\/strong><br \/>\nOctober 2022 &#8211; September 2026<\/p>\n<p><strong>Project coordinator:<\/strong><br \/>\nLaboratoire des Sciences des Proc\u00e9d\u00e9s et des Mat\u00e9riaux (LSPM Villetaneuse)<\/p>\n<p><strong>Partner laboratories :<\/strong><\/p>\n<ul>\n<li>IMN<\/li>\n<li>GREMAN University of Tours<\/li>\n<li>Institute of Analytical Sciences and Physical Chemistry for the Environment and Materials (IPREM Pau)<\/li>\n<\/ul>\n<p><strong>IMN staff involved:<\/strong><br \/>\nPhilippe MOREAU, Nicolas GAUTIER, Eric GAUTRON<\/p>\n<\/div><div class=\"fusion-separator\" style=\"align-self: flex-start;margin-right:auto;margin-bottom:20px;width:100%;max-width:200px;\"><div class=\"fusion-separator-border sep-single sep-solid\" style=\"--awb-height:20px;--awb-amount:20px;--awb-sep-color:var(--awb-color6);border-color:var(--awb-color6);border-top-width:7px;\"><\/div><\/div><div class=\"fusion-text fusion-text-3\"><p>Our project concerns the development of a composite material which, thanks to its innovative chemical composition and structuring, will offer new functions enabling these magnetic characteristics to be modulated by an electric field. The aim is to shape composites whose matrix is made up of an inorganic piezoelectric phase and whose inclusions are based on acicular ferromagnetic nano-objects. The use of lead-free piezoelectric compounds and rare-earth-free magnets will be proactive in relation to current regulations. A new, economical and environmentally-friendly production process will be developed. One of the project&#8217;s original features will be to combine Spark Plasma Sintering with the presence of a magnetic field to shape the composites. This sintering process will enable the magnetic phase to be organized within the piezoelectric phase, optimizing its magnetic-electric coupling properties. These properties will be studied in conjunction with the interface micro- and nanostructure.      <\/p>\n<p>The main innovative objectives of the COMPAGNON project are :<\/p>\n<p>&#8211; The development of an innovative composite with coupled functions for modulating the permanent magnet characteristics (Mr, Ms, Hc and Ka) with an electric field, and with coupling coefficients in the order of hundreds of mV.cm-1.Oe-1.<br \/>\n&#8211; Characterization of interfaces in composites using advanced multi-scale techniques: atomic (high-resolution TEM, EELS, etc.), nanostructural (FIB-3D) and composite (XPS, PDF, etc.).<br \/>\n&#8211; Contribute to understanding the link between structure-composition-interface within nanocomposites (nanowire-matrix) and the ME properties obtained.<br \/>\n&#8211; Overcome fundamental challenges (nucleation and growth of nanowires, development of core@shell systems, magneto-electric coupling, control of grain size, interfaces and densification\/structuring of composites&#8230;&#8230;) and technological challenges (field nanostructuring) in the field of multifunctional materials.<br \/>\n&#8211; Permanent magnets with a magnetic field of the order of 1 T, without rare earths whose intensity can be controlled by an electric field.<\/p>\n<\/div><div class=\"fusion-image-element \" style=\"--awb-margin-top:20px;--awb-max-width:600px;--awb-caption-title-font-family:var(--h2_typography-font-family);--awb-caption-title-font-weight:var(--h2_typography-font-weight);--awb-caption-title-font-style:var(--h2_typography-font-style);--awb-caption-title-size:var(--h2_typography-font-size);--awb-caption-title-transform:var(--h2_typography-text-transform);--awb-caption-title-line-height:var(--h2_typography-line-height);--awb-caption-title-letter-spacing:var(--h2_typography-letter-spacing);\"><span class=\" fusion-imageframe imageframe-none imageframe-1 hover-type-none\"><img decoding=\"async\" width=\"804\" height=\"326\" title=\"Companion\" src=\"https:\/\/www.cnrs-imn.fr\/wp-content\/uploads\/2026\/02\/Compagnon.png\" alt class=\"img-responsive wp-image-3306\" srcset=\"https:\/\/www.cnrs-imn.fr\/wp-content\/uploads\/2026\/02\/Compagnon-200x81.png 200w, https:\/\/www.cnrs-imn.fr\/wp-content\/uploads\/2026\/02\/Compagnon-400x162.png 400w, https:\/\/www.cnrs-imn.fr\/wp-content\/uploads\/2026\/02\/Compagnon-600x243.png 600w, https:\/\/www.cnrs-imn.fr\/wp-content\/uploads\/2026\/02\/Compagnon-800x324.png 800w, https:\/\/www.cnrs-imn.fr\/wp-content\/uploads\/2026\/02\/Compagnon.png 804w\" sizes=\"(max-width: 640px) 100vw, 804px\" \/><\/span><\/div><\/div><\/div><\/div><\/div>\n","protected":false},"excerpt":{"rendered":"","protected":false},"author":3,"featured_media":0,"parent":3331,"menu_order":0,"comment_status":"closed","ping_status":"closed","template":"100-width.php","meta":{"footnotes":""},"class_list":["post-3305","page","type-page","status-publish","hentry"],"_links":{"self":[{"href":"https:\/\/www.cnrs-imn.fr\/en\/wp-json\/wp\/v2\/pages\/3305","targetHints":{"allow":["GET"]}}],"collection":[{"href":"https:\/\/www.cnrs-imn.fr\/en\/wp-json\/wp\/v2\/pages"}],"about":[{"href":"https:\/\/www.cnrs-imn.fr\/en\/wp-json\/wp\/v2\/types\/page"}],"author":[{"embeddable":true,"href":"https:\/\/www.cnrs-imn.fr\/en\/wp-json\/wp\/v2\/users\/3"}],"replies":[{"embeddable":true,"href":"https:\/\/www.cnrs-imn.fr\/en\/wp-json\/wp\/v2\/comments?post=3305"}],"version-history":[{"count":2,"href":"https:\/\/www.cnrs-imn.fr\/en\/wp-json\/wp\/v2\/pages\/3305\/revisions"}],"predecessor-version":[{"id":3338,"href":"https:\/\/www.cnrs-imn.fr\/en\/wp-json\/wp\/v2\/pages\/3305\/revisions\/3338"}],"up":[{"embeddable":true,"href":"https:\/\/www.cnrs-imn.fr\/en\/wp-json\/wp\/v2\/pages\/3331"}],"wp:attachment":[{"href":"https:\/\/www.cnrs-imn.fr\/en\/wp-json\/wp\/v2\/media?parent=3305"}],"curies":[{"name":"wp","href":"https:\/\/api.w.org\/{rel}","templated":true}]}}