{"id":3349,"date":"2026-03-19T08:28:07","date_gmt":"2026-03-19T07:28:07","guid":{"rendered":"https:\/\/www-preprod.cnrs-imn.fr\/plasmas-and-thin-films\/nano-objects-and-nano-composites\/"},"modified":"2026-04-01T12:00:05","modified_gmt":"2026-04-01T10:00:05","slug":"nano-objects-and-nano-composites","status":"publish","type":"page","link":"https:\/\/www.cnrs-imn.fr\/en\/teams\/plasmas-and-thin-films\/nano-objects-and-nano-composites\/","title":{"rendered":"Nano-objects and nano-composites"},"content":{"rendered":"<div class=\"fusion-fullwidth fullwidth-box fusion-builder-row-1 fusion-flex-container has-pattern-background has-mask-background nonhundred-percent-fullwidth non-hundred-percent-height-scrolling\" style=\"--awb-border-radius-top-left:0px;--awb-border-radius-top-right:0px;--awb-border-radius-bottom-right:0px;--awb-border-radius-bottom-left:0px;--awb-flex-wrap:wrap;\" ><div class=\"fusion-builder-row fusion-row fusion-flex-align-items-flex-start fusion-flex-content-wrap\" style=\"max-width:1248px;margin-left: calc(-4% \/ 2 );margin-right: calc(-4% \/ 2 );\"><div class=\"fusion-layout-column fusion_builder_column fusion-builder-column-0 fusion_builder_column_3_4 3_4 fusion-flex-column equipe-thematique\" style=\"--awb-bg-size:cover;--awb-width-large:75%;--awb-margin-top-large:0px;--awb-spacing-right-large:2.56%;--awb-margin-bottom-large:20px;--awb-spacing-left-large:2.56%;--awb-width-medium:75%;--awb-order-medium:0;--awb-spacing-right-medium:2.56%;--awb-spacing-left-medium:2.56%;--awb-width-small:100%;--awb-order-small:0;--awb-spacing-right-small:1.92%;--awb-spacing-left-small:1.92%;\" data-scroll-devices=\"small-visibility,medium-visibility,large-visibility\"><div class=\"fusion-column-wrapper fusion-column-has-shadow fusion-flex-justify-content-flex-start fusion-content-layout-column\"><div class=\"fusion-text fusion-text-1\"><h2><img decoding=\"async\" class=\"alignnone wp-image-2772 size-medium\" src=\"https:\/\/www.cnrs-imn.fr\/wp-content\/uploads\/2026\/03\/Nano_objet-300x170.png\" alt=\"\" width=\"300\" height=\"170\" srcset=\"https:\/\/www.cnrs-imn.fr\/wp-content\/uploads\/2026\/03\/Nano_objet-200x113.png 200w, https:\/\/www.cnrs-imn.fr\/wp-content\/uploads\/2026\/03\/Nano_objet-300x170.png 300w, https:\/\/www.cnrs-imn.fr\/wp-content\/uploads\/2026\/03\/Nano_objet-400x226.png 400w, https:\/\/www.cnrs-imn.fr\/wp-content\/uploads\/2026\/03\/Nano_objet-600x339.png 600w, https:\/\/www.cnrs-imn.fr\/wp-content\/uploads\/2026\/03\/Nano_objet-768x434.png 768w, https:\/\/www.cnrs-imn.fr\/wp-content\/uploads\/2026\/03\/Nano_objet-800x452.png 800w, https:\/\/www.cnrs-imn.fr\/wp-content\/uploads\/2026\/03\/Nano_objet-1024x579.png 1024w, https:\/\/www.cnrs-imn.fr\/wp-content\/uploads\/2026\/03\/Nano_objet-1200x679.png 1200w, https:\/\/www.cnrs-imn.fr\/wp-content\/uploads\/2026\/03\/Nano_objet-1536x869.png 1536w, https:\/\/www.cnrs-imn.fr\/wp-content\/uploads\/2026\/03\/Nano_objet.png 1565w\" sizes=\"(max-width: 300px) 100vw, 300px\" \/><\/h2>\n<p><em>Schematic view of a hybrid process combining PECVD and colloidal solution injection (Simon Chouteau)<\/em><\/p>\n<p><strong>Researchers<\/strong>: Benoit Angleraud, Marie-Paule Besland, Aur\u00e9lie Girard, Agn\u00e8s Granier, Antoine Goullet, Maryline Le Granvalet, Cl\u00e9ment Maheu [2023, -&gt;], Mireille Richard-Plouet, Pierre-Yves Tessier<\/p>\n<p><strong>Contract researchers<\/strong>: Quentin Hatte [2919-2020], Issraa Shahine [2019-2022],<\/p>\n<p><strong>Doctoral students <\/strong>: Sarah Hekking [2023-2026]<\/p>\n<p><strong>Doctoral students who have defended<\/strong>: Maria Mitronika (2020), Simon Chouteau (2024), Julien Chevet (2025)<\/p>\n<p>Combining complex cold plasma processes with chemical approaches opens up a wide range of synthesis possibilities, from nanoporous thin films to nanocomposite films.<\/p>\n<p>In the first area, &#8220;Nanoporous materials and nano-objects&#8221;, solution chemistry can be used after plasma treatment to nanostructure the layer. The use of specific template substrates is also an interesting possibility for obtaining nano-objects. <\/p>\n<p>In the second axis, &#8220;PECVD nanocomposites and solution chemistry&#8221;, solution chemistry and the plasma process are truly coupled to develop an innovative hybrid process based on the injection of colloidal solutions at low pressure. The aerosol thus formed enables nanoparticles to be transported within solvent droplets and incorporated into a matrix produced using the organometallic precursor present in the plasma. <\/p>\n<p><strong>Keywords<\/strong>: Nanostructured and nanocomposite thin films, nano-objects, PECVD process, plasma diagnostics, plasma-surface interactions, multi-scale characterizations from macro to nano.<\/p>\n<p><strong>Applications: <\/strong>Dielectric nanocomposites, transparent and flexible conductors, color-controlled light emitters, photocatalysis<\/p>\n<p><strong>Current research projects<\/strong>: ANR PRC ADN<\/p>\n<p><strong>Recent research projects<\/strong>: ANR PRC LuMINA, Pr\u00e9 maturation CNRS OrCAP, Maturation SATT Elec3d<\/p>\n<h3>1- Nanocomposites using a hybrid process combining PECVD and solution chemistry<\/h3>\n<p><img decoding=\"async\" class=\"alignnone wp-image-2773 size-medium\" src=\"https:\/\/www.cnrs-imn.fr\/wp-content\/uploads\/2026\/03\/Nanocomposites-300x293.jpg\" alt=\"\" width=\"300\" height=\"293\" srcset=\"https:\/\/www.cnrs-imn.fr\/wp-content\/uploads\/2026\/03\/Nanocomposites-200x195.jpg 200w, https:\/\/www.cnrs-imn.fr\/wp-content\/uploads\/2026\/03\/Nanocomposites-300x293.jpg 300w, https:\/\/www.cnrs-imn.fr\/wp-content\/uploads\/2026\/03\/Nanocomposites-400x390.jpg 400w, https:\/\/www.cnrs-imn.fr\/wp-content\/uploads\/2026\/03\/Nanocomposites-600x585.jpg 600w, https:\/\/www.cnrs-imn.fr\/wp-content\/uploads\/2026\/03\/Nanocomposites.jpg 688w\" sizes=\"(max-width: 300px) 100vw, 300px\" \/><\/p>\n<p><em>Nanocomposite including <sub>TiO2<\/sub> nanoparticles in a silica matrix transverse view <\/em><em>by scanning transmission electron microscopy in HAADF mode and EDX mapping<\/em><\/p>\n<p><strong>Researchers<\/strong>: Marie-Paule Besland, Antoine Goullet, Agn\u00e8s Granier, Cl\u00e9ment Maheu, Mireille Richard-Plouet<\/p>\n<p><strong>Doctoral students<\/strong>: Sarah Hekking |2023-2026],<\/p>\n<p><strong>Doctoral students who have defended<\/strong>: Maria Mitronika (2020), Simon Chouteau (2024), Julien Chevet (2025)<\/p>\n<p>The synergy between our &#8220;Soft Chemistry&#8221; and PECVD skills (link to Thin Film PECVD page) has enabled us to develop and optimize an innovative hybrid process: consisting of injecting a colloidal solution into a low-pressure plasma. Compared with approaches developed at atmospheric pressure, the use of low-pressure plasma enables us to better control and modulate energy transfer to the active species (radicals and ions) in the plasma. <\/p>\n<p>On the other hand, our specificity consists in using colloidal solutions of nanoparticles, NPs, prepared in the laboratory and stable in selected organic solvents, to produce nanocomposite thin films (NCs) formed from NPs dispersed in a matrix.<\/p>\n<p>These <sub>TiO2@SiO2<\/sub> matrix NPs with tunable optical index and dielectric constant are good candidates for the development of integrated passive optical and electrical devices. We have gained an understanding of the transport mechanisms of NPs within droplets, which has enabled us to modulate the nature of the solutions injected in partnership (ANR LuMINA) and to tune the photoluminescence of ZnO NPs, dispersed in a silica matrix. In a second phase, in addition to the nature of the solution, our strategy is to modify the nature of the matrix for photocatalysis applications.  <\/p>\n<p><strong>Keywords <\/strong>: Low pressure plasma physics, PECVD process and coupling with solution chemistry, Plasma diagnostics, Droplet-plasma interactions, Plasma-surface interactions<\/p>\n<p><strong>Expertise<\/strong>: PECVD, Solution chemistry, Ellipsometry<\/p>\n<p><strong>Collaborations<\/strong>: LAPLACE (Toulouse), Laboratoire de Chimie de Coordination (Toulouse), Universit\u00e9 de Montr\u00e9al (Canada)<\/p>\n<p><strong>Current research projects<\/strong>: ANR PRC ADN<\/p>\n<p><strong>Recent research projects<\/strong>: ANR PRC LuMINA<\/p>\n<p><strong>Major publications:<\/strong><\/p>\n<p><a href=\"https:\/\/doi.org\/10.1088\/1361-6463\/abc84d\" target=\"_blank\" rel=\"noopener\"><em>Nanocomposite by hybrid process<\/em><\/a><em>                 <\/em><\/p>\n<p><em><a href=\"https:\/\/doi.org\/10.1016\/j.apsusc.2020.148510\" target=\"_blank\" rel=\"noopener\">Local electrical measurements<\/a><\/em><\/p>\n<p><em>Handling Nanoparticle Content in Nanocomposite Thin Films Deposited by Misty Plasma Processes through Controlled Flash Boiling Atomization.<\/em><br \/>\n<em>Chouteau, S.; Stafford, L.; Granier, A.; Goullet, A.; Richard-Plouet, M. Langmuir <strong>2024<\/strong>. https:\/\/doi.org\/10.1021\/acs.langmuir.3c03176.<\/em><\/p>\n<h3><strong>2- Nanoporous materials and nano-objects<\/strong><\/h3>\n<p><strong>Researchers<\/strong>: Benoit Angleraud, Aur\u00e9lie Girard, Maryline Le Granvalet, Mireille Richard-Plouet, Pierre-Yves Tessier<\/p>\n<p><strong>Nanoporous materials:<\/strong> we have shown that the <a href=\"https:\/\/doi.org\/10.1021\/am5065816\" target=\"_blank\" rel=\"noopener\">dealloying of <\/a>ultra-thin layers of gold and copper produces nanoporous gold membranes that can be easily transferred to any type of support. The team is working on their use in transparent conductor applications for<a href=\"https:\/\/doi.org\/10.1021\/am5065816\" target=\"_blank\" rel=\"noopener\">flexible electronics <\/a>and<a href=\"https:\/\/www.cnrs-imn.fr\/index.php\/themes\/%20\/%20doi-org%20\/%2010.1039%20\/%20D0NR01721C\" target=\"_blank\" rel=\"noopener\"> SERS sensors<\/a>. <\/p>\n<p><strong>Nano-objects:<\/strong> For several years now, the team has been developing approaches to the synthesis of nano-objects (nanowires and nanotubes) based on direct PVD deposition on template substrates, combined with various treatments such as <a href=\"https:\/\/doi.org\/10.1021\/am5065816\">dealloying <\/a>,<a href=\"https:\/\/doi.org\/10.1002\/smll.201202824\" target=\"_blank\" rel=\"noopener\"> the Kirkendall effect<\/a> or conversion. Studies are focused on understanding the physicochemical phenomena involved at nanometric scales, and on exploiting these phenomena to shape objects in a controlled way at the nanometric scale. <\/p>\n<p> <strong> Keywords: <\/strong>Nanomaterials, thin films, dealloying, flexible electronics, plasma sensors, plasma surface interactions<\/p>\n<p><strong>Major publications on the subject:<\/strong><\/p>\n<p><em><a href=\"https:\/\/doi.org\/10.1021\/am5065816\" target=\"_blank\" rel=\"noopener\">Dealloying  <\/a>          <\/em><\/p>\n<p><em><a href=\"https:\/\/doi.org\/10.1021\/am5065816\" target=\"_blank\" rel=\"noopener\">  Flexible electronics  <\/a>   <\/em><\/p>\n<\/div><\/div><\/div><div class=\"fusion-layout-column fusion_builder_column fusion-builder-column-1 awb-sticky awb-sticky-small awb-sticky-medium awb-sticky-large fusion_builder_column_1_4 1_4 fusion-flex-column\" style=\"--awb-bg-size:cover;--awb-width-large:25%;--awb-margin-top-large:0px;--awb-spacing-right-large:7.68%;--awb-margin-bottom-large:20px;--awb-spacing-left-large:7.68%;--awb-width-medium:25%;--awb-order-medium:0;--awb-spacing-right-medium:7.68%;--awb-spacing-left-medium:7.68%;--awb-width-small:100%;--awb-order-small:0;--awb-spacing-right-small:1.92%;--awb-spacing-left-small:1.92%;--awb-sticky-offset:120px;\" data-scroll-devices=\"small-visibility,medium-visibility,large-visibility\"><div class=\"fusion-column-wrapper fusion-column-has-shadow fusion-flex-justify-content-flex-start fusion-content-layout-column\"><div class=\"fusion-text fusion-text-2\"><p><strong>Sub-themes<\/strong><\/p>\n<\/div><div class=\"awb-toc-el awb-toc-el--1\" data-awb-toc-id=\"1\" data-awb-toc-options=\"{&quot;allowed_heading_tags&quot;:{&quot;h3&quot;:0},&quot;ignore_headings&quot;:&quot;&quot;,&quot;ignore_headings_words&quot;:&quot;&quot;,&quot;enable_cache&quot;:&quot;yes&quot;,&quot;highlight_current_heading&quot;:&quot;yes&quot;,&quot;hide_hidden_titles&quot;:&quot;yes&quot;,&quot;limit_container&quot;:&quot;all&quot;,&quot;select_custom_headings&quot;:&quot;&quot;,&quot;icon&quot;:&quot;fa-flag fas&quot;,&quot;counter_type&quot;:&quot;none&quot;}\" style=\"--awb-item-padding-top:5px;--awb-item-padding-right:5px;--awb-item-padding-bottom:5px;--awb-item-padding-left:5px;--awb-item-font-family:&quot;Libre Franklin&quot;;--awb-item-font-style:normal;--awb-item-font-weight:400;\"><div class=\"awb-toc-el__content\"><ul class=\"awb-toc-el__list awb-toc-el__list--0\"><li class=\"awb-toc-el__list-item\"><a class=\"awb-toc-el__item-anchor\" href=\"#toc_1_Nanocomposites_using_a_hybrid_process_combining_PECVD\">1- Nanocomposites using a hybrid process combining PECVD and solution chemistry<\/a><\/li><li class=\"awb-toc-el__list-item\"><a class=\"awb-toc-el__item-anchor\" href=\"#toc_2_Nanoporous_materials_and_nanoobjects\"><span>2- Nanoporous materials and nano-objects<\/span><\/a><\/li><\/ul><\/div><\/div><\/div><\/div><\/div><\/div>\n","protected":false},"excerpt":{"rendered":"","protected":false},"author":3,"featured_media":0,"parent":3044,"menu_order":0,"comment_status":"closed","ping_status":"closed","template":"100-width.php","meta":{"footnotes":""},"class_list":["post-3349","page","type-page","status-publish","hentry"],"_links":{"self":[{"href":"https:\/\/www.cnrs-imn.fr\/en\/wp-json\/wp\/v2\/pages\/3349","targetHints":{"allow":["GET"]}}],"collection":[{"href":"https:\/\/www.cnrs-imn.fr\/en\/wp-json\/wp\/v2\/pages"}],"about":[{"href":"https:\/\/www.cnrs-imn.fr\/en\/wp-json\/wp\/v2\/types\/page"}],"author":[{"embeddable":true,"href":"https:\/\/www.cnrs-imn.fr\/en\/wp-json\/wp\/v2\/users\/3"}],"replies":[{"embeddable":true,"href":"https:\/\/www.cnrs-imn.fr\/en\/wp-json\/wp\/v2\/comments?post=3349"}],"version-history":[{"count":5,"href":"https:\/\/www.cnrs-imn.fr\/en\/wp-json\/wp\/v2\/pages\/3349\/revisions"}],"predecessor-version":[{"id":3366,"href":"https:\/\/www.cnrs-imn.fr\/en\/wp-json\/wp\/v2\/pages\/3349\/revisions\/3366"}],"up":[{"embeddable":true,"href":"https:\/\/www.cnrs-imn.fr\/en\/wp-json\/wp\/v2\/pages\/3044"}],"wp:attachment":[{"href":"https:\/\/www.cnrs-imn.fr\/en\/wp-json\/wp\/v2\/media?parent=3349"}],"curies":[{"name":"wp","href":"https:\/\/api.w.org\/{rel}","templated":true}]}}