{"id":3470,"date":"2026-03-20T15:16:54","date_gmt":"2026-03-20T14:16:54","guid":{"rendered":"https:\/\/www-preprod.cnrs-imn.fr\/interactions-at-bio-interfaces\/"},"modified":"2026-04-07T14:36:20","modified_gmt":"2026-04-07T12:36:20","slug":"interactions-at-bio-interfaces","status":"publish","type":"page","link":"https:\/\/www.cnrs-imn.fr\/en\/physics-of-materials-and-nanostructures\/interactions-at-bio-interfaces\/","title":{"rendered":"Interactions at bio-interfaces"},"content":{"rendered":"<div class=\"fusion-fullwidth fullwidth-box fusion-builder-row-1 fusion-flex-container has-pattern-background has-mask-background nonhundred-percent-fullwidth non-hundred-percent-height-scrolling\" style=\"--awb-border-radius-top-left:0px;--awb-border-radius-top-right:0px;--awb-border-radius-bottom-right:0px;--awb-border-radius-bottom-left:0px;--awb-flex-wrap:wrap;\" ><div class=\"fusion-builder-row fusion-row fusion-flex-align-items-flex-start fusion-flex-content-wrap\" style=\"max-width:1248px;margin-left: calc(-4% \/ 2 );margin-right: calc(-4% \/ 2 );\"><div class=\"fusion-layout-column fusion_builder_column fusion-builder-column-0 fusion_builder_column_3_4 3_4 fusion-flex-column equipe-thematique\" style=\"--awb-bg-size:cover;--awb-width-large:75%;--awb-margin-top-large:0px;--awb-spacing-right-large:2.56%;--awb-margin-bottom-large:20px;--awb-spacing-left-large:2.56%;--awb-width-medium:75%;--awb-order-medium:0;--awb-spacing-right-medium:2.56%;--awb-spacing-left-medium:2.56%;--awb-width-small:100%;--awb-order-small:0;--awb-spacing-right-small:1.92%;--awb-spacing-left-small:1.92%;\" data-scroll-devices=\"small-visibility,medium-visibility,large-visibility\"><div class=\"fusion-column-wrapper fusion-column-has-shadow fusion-flex-justify-content-flex-start fusion-content-layout-column\"><div class=\"fusion-text fusion-text-1\"><p>Interactions at the boundaries between materials (polymers, nanoparticles, etc.) and environments, especially biological environments, are at the heart of the work carried out in this theme.<\/p>\n<h3><strong>1 &#8211; <\/strong><strong>Structuring biomaterials<\/strong><\/h3>\n<p><img decoding=\"async\" class=\"alignnone wp-image-2919 size-medium\" src=\"https:\/\/www.cnrs-imn.fr\/wp-content\/uploads\/2026\/03\/Biomateriaux-300x285.png\" alt=\"\" width=\"300\" height=\"285\" srcset=\"https:\/\/www.cnrs-imn.fr\/wp-content\/uploads\/2026\/03\/Biomateriaux-200x190.png 200w, https:\/\/www.cnrs-imn.fr\/wp-content\/uploads\/2026\/03\/Biomateriaux-300x285.png 300w, https:\/\/www.cnrs-imn.fr\/wp-content\/uploads\/2026\/03\/Biomateriaux-400x380.png 400w, https:\/\/www.cnrs-imn.fr\/wp-content\/uploads\/2026\/03\/Biomateriaux.png 463w\" sizes=\"(max-width: 300px) 100vw, 300px\" \/><\/p>\n<p>This activity concerns the design and development of biomaterials (injectable thermosensitive hydrogels, hydrogel foams, cements) for tissue engineering. The main objectives are to determine their structure, measure their mechanical properties, study the chemical properties of interfaces and understand material\/cell interactions, in order to optimize their chemical and topological characteristics. To achieve these objectives, high-resolution characterization methods are being developed based on atomic force microscopy (AFM) and cryo-electron microscopy (cryo-MET, cryo-FIB-MEB). These microscopies are used in the imaging and spectroscopy modes, alongside vibrational spectroscopy (Raman and IR), DLS or Zetametry.   <\/p>\n<p>Further information:<a href=\"https:\/\/www.ncbi.nlm.nih.gov\/pmc\/articles\/PMC6356637\/\" target=\"_blank\" rel=\"noopener\">[Polysaccharide<\/a>],<a href=\"https:\/\/doi.org\/10.1016\/j.carbpol.2018.08.143\" target=\"_blank\" rel=\"noopener\">[Hydrogels<\/a>].<\/p>\n<p><strong> <\/strong><strong>Keywords: <\/strong>Biomaterials, Material\/cell interactions, hydrogels<\/p>\n<p><strong> <\/strong><strong>IMN people involved<\/strong>: J. Le Bideau<em>,<\/em> P. Abellan, S. Cuenot, H. Terrisse, S. Quillard<\/p>\n<h3><strong>2 &#8211; <\/strong><strong>Interactions between materials and fluids<\/strong><\/h3>\n<p><img decoding=\"async\" class=\"alignnone wp-image-2920 size-medium\" src=\"https:\/\/www.cnrs-imn.fr\/wp-content\/uploads\/2026\/03\/Interactions-300x190.jpg\" alt=\"\" width=\"300\" height=\"190\" srcset=\"https:\/\/www.cnrs-imn.fr\/wp-content\/uploads\/2026\/03\/Interactions-200x127.jpg 200w, https:\/\/www.cnrs-imn.fr\/wp-content\/uploads\/2026\/03\/Interactions-300x190.jpg 300w, https:\/\/www.cnrs-imn.fr\/wp-content\/uploads\/2026\/03\/Interactions-320x202.jpg 320w, https:\/\/www.cnrs-imn.fr\/wp-content\/uploads\/2026\/03\/Interactions-400x253.jpg 400w, https:\/\/www.cnrs-imn.fr\/wp-content\/uploads\/2026\/03\/Interactions-600x380.jpg 600w, https:\/\/www.cnrs-imn.fr\/wp-content\/uploads\/2026\/03\/Interactions.jpg 666w\" sizes=\"(max-width: 300px) 100vw, 300px\" \/><\/p>\n<p>We are interested in the interactions between nanoparticles and plant cells. Our objectives are to gain a better understanding of the (bio)physical and physico-chemical properties of bio-interfaces, and to characterize the mechanical properties of living cells brought into contact with nanoparticles with a view to designing new materials that can be used in biological applications (sensors, imaging markers, etc.). The work is divided into two interconnected strands: the synthesis, functionalization and fine characterization of hybrid nanoparticles, with the emphasis on &#8220;green&#8221; synthesis routes and without additional surfactants; and the study of the impact of nanoparticle contact on biological membranes and the mechanical properties of cells in the presence of nanoparticles.  <\/p>\n<p>In the thesis work of T. Le N\u00e9el (2018 &#8211; 2021), gold nanoparticles were synthesized, functionalized and their structural, morphological and dimensional properties finely determined by observations and measurements using transmission electron microscopy and <a href=\"https:\/\/www.sciencedirect.com\/science\/article\/pii\/S2352507X22000117\" target=\"_blank\" rel=\"noopener\">Raman<\/a> spectroscopy. These particles were then used to assess the impact of their presence in the water surrounding <em>Egeria Densa<\/em> aquatic plants. <\/p>\n<p><strong>Key words: <\/strong>Nanoparticles, plant cells, biointerface, green synthesis, mechanical properties.<\/p>\n<p><strong> <\/strong><strong>IMN people involved : <\/strong>P. Bertoncini, M. Bayle<\/p>\n<h3><strong>3 &#8211; <\/strong><strong>Inorganic feed additives: characterization and fate during digestion<\/strong><\/h3>\n<p><img decoding=\"async\" class=\"alignnone wp-image-2921 size-medium\" src=\"https:\/\/www.cnrs-imn.fr\/wp-content\/uploads\/2026\/03\/Additifs-300x268.png\" alt=\"\" width=\"300\" height=\"268\" srcset=\"https:\/\/www.cnrs-imn.fr\/wp-content\/uploads\/2026\/03\/Additifs-200x179.png 200w, https:\/\/www.cnrs-imn.fr\/wp-content\/uploads\/2026\/03\/Additifs-300x268.png 300w, https:\/\/www.cnrs-imn.fr\/wp-content\/uploads\/2026\/03\/Additifs.png 374w\" sizes=\"(max-width: 300px) 100vw, 300px\" \/><\/p>\n<p>Our aim is to characterize various food additives, such as titanium dioxide (E171), colloidal silver and calcium phosphates (E341), which are currently present as nanoparticles in various food formulations (confectionery, infant milks), or pharmaceuticals. We first determine the physico-chemical characteristics of these compounds using a wide range of techniques (electron microscopy, infrared and Raman spectroscopies, solid state NMR, XPS, X-ray diffraction, UV-visible, etc.). We then analyze their properties at interfaces with biological media, and identify their interactions with molecules present in the digestive system (proteins, enzymes) or cell walls (phospholipids), using adsorption isotherms, zeta potential measurements, and spectroscopic tools to probe particle surfaces.  <\/p>\n<p>Find out more:<a href=\"http:\/\/dx.doi.org\/10.1016\/j.colsurfb.2014.09.010\" target=\"_blank\" rel=\"noopener\">[TiO2-Phospholipids<\/a>],<a href=\"http:\/\/dx.doi.org\/10.1080\/19440049.2017.1284346\" target=\"_blank\" rel=\"noopener\">[E171 characterization<\/a>].<\/p>\n<p><strong> <\/strong><strong>Keywords: <\/strong>TiO2, colloidal silver, calcium phosphates<\/p>\n<p><strong>IMN people involved<\/strong>: H. Terrisse, S. Quillard, B. Humbert<\/p>\n<h3><strong>4 &#8211; <\/strong><strong>Radical species at the interface<\/strong><\/h3>\n<p><img decoding=\"async\" class=\"alignnone wp-image-2922 size-medium\" src=\"https:\/\/www.cnrs-imn.fr\/wp-content\/uploads\/2026\/03\/Radicalaire-295x300.jpg\" alt=\"\" width=\"295\" height=\"300\" srcset=\"https:\/\/www.cnrs-imn.fr\/wp-content\/uploads\/2026\/03\/Radicalaire-66x66.jpg 66w, https:\/\/www.cnrs-imn.fr\/wp-content\/uploads\/2026\/03\/Radicalaire-200x203.jpg 200w, https:\/\/www.cnrs-imn.fr\/wp-content\/uploads\/2026\/03\/Radicalaire-295x300.jpg 295w, https:\/\/www.cnrs-imn.fr\/wp-content\/uploads\/2026\/03\/Radicalaire-400x407.jpg 400w, https:\/\/www.cnrs-imn.fr\/wp-content\/uploads\/2026\/03\/Radicalaire.jpg 546w\" sizes=\"(max-width: 295px) 100vw, 295px\" \/><\/p>\n<p>The valorization of<sub>CO2<\/sub> requires an understanding of its reaction intermediates at the solid\/solution interface. One of these intermediates is the Carbonate Radical (<sup>CO3\u00b0-<\/sup>), a radical species induced when the carbonate ion (<sup>HCO3-\/CO32-<\/sup>) in aqueous solution is exposed to an energy source sufficiently intense to cause the O-H bond of the water molecule to be broken via reaction with the hydroxyl radical (OH\u00b0). This carbonate radical has already been mentioned in the literature in experiments involving natural or induced photolysis, electrolysis, sonolysis and radiolysis. However, no data on its production\/consumption kinetics or its lifetime at the solid\/solution interface are available in the literature. Yet these parameters are key to understanding the interactions between the radical and the surface under study. This project will focus on the interaction between this radical and the surface of large families of &#8220;model&#8221; materials involved in various fields of interest (Energy, Geoscience, Health). The idea is to develop a cross-disciplinary project aimed at identifying, characterizing and quantifying these radical species at the solid\/solution interface using the time-resolved pulsed UV photolysis (TAS) technique. The first stage of the project concerns the carbonate radical <sup> CO3\u00b0-<\/sup>, but other radical species of interest may be considered at a later stage (<sup>CO2\u00b0-<\/sup>, OH\u00b0, <sup> O2\u00b0-<\/sup>, <sup> SO4\u00b0-<\/sup>) depending on the absorption range accessible via the experiment developed in this project.       <\/p>\n<p><strong>Expertise: <\/strong>Transient Absorption Spectroscopy (TAS)<\/p>\n<p><strong>Key words: <\/strong>Radical, Lifetime, Surface<\/p>\n<p><strong>Academic collaborations: <\/strong>ISTerre (Laurent Truche, UMR 5275, Universit\u00e9 Grenoble-Alpes)<\/p>\n<p><strong>IMN people involved: <\/strong>Johan Vandenborre, Bernard Humbert, Jean-Yves Mevellec, Maxime Bayle, H\u00e9l\u00e8ne Terrisse, Jean Le Bideau, Rim Ettouri, Cl\u00e9ment Maheu, Chris Ewels<\/p>\n<p><strong>Current research project: <\/strong>RADICO<\/p>\n<p><strong>Publications :<\/strong><\/p>\n<ul>\n<li><em>(1) Lefeuvre, N.; Truche, L.; Donz\u00e9, F.-V.; Vandenborre, J.; Gaucher, E. C.; Magnin, V. The Contribution of Mechanoradical Reactions to Crustal Hydrogen Generation. Earth and Planetary Science Letters 2025, 660, 119363. https:\/\/doi.org\/10.1016\/j.epsl.2025.119363.<\/em><\/li>\n<li><em>(2) Terfas, S.; Blain, G.; Craff, E.; Koumeir, C.; Haddad, F.; Poirier, F.; Delpon, G.; Vandenborre, J. Oxygen Dependence on Hydrated Electron Yields: Pulsed Radiolysis Studies Using Proton Beams. J. Phys. Chem. A 2025, 129 (22), 4861-4869. https:\/\/doi.org\/10.1021\/acs.jpca.5c00629.<\/em><\/li>\n<\/ul>\n<\/div><\/div><\/div><div class=\"fusion-layout-column fusion_builder_column fusion-builder-column-1 awb-sticky awb-sticky-small awb-sticky-medium awb-sticky-large fusion_builder_column_1_4 1_4 fusion-flex-column\" style=\"--awb-bg-size:cover;--awb-width-large:25%;--awb-margin-top-large:0px;--awb-spacing-right-large:7.68%;--awb-margin-bottom-large:20px;--awb-spacing-left-large:7.68%;--awb-width-medium:25%;--awb-order-medium:0;--awb-spacing-right-medium:7.68%;--awb-spacing-left-medium:7.68%;--awb-width-small:100%;--awb-order-small:0;--awb-spacing-right-small:1.92%;--awb-spacing-left-small:1.92%;--awb-sticky-offset:120px;\" data-scroll-devices=\"small-visibility,medium-visibility,large-visibility\"><div class=\"fusion-column-wrapper fusion-column-has-shadow fusion-flex-justify-content-flex-start fusion-content-layout-column\"><div class=\"fusion-text fusion-text-2\"><p><strong>Sub-themes<\/strong><\/p>\n<\/div><div class=\"awb-toc-el awb-toc-el--1\" data-awb-toc-id=\"1\" data-awb-toc-options=\"{&quot;allowed_heading_tags&quot;:{&quot;h3&quot;:0},&quot;ignore_headings&quot;:&quot;&quot;,&quot;ignore_headings_words&quot;:&quot;&quot;,&quot;enable_cache&quot;:&quot;yes&quot;,&quot;highlight_current_heading&quot;:&quot;yes&quot;,&quot;hide_hidden_titles&quot;:&quot;yes&quot;,&quot;limit_container&quot;:&quot;all&quot;,&quot;select_custom_headings&quot;:&quot;&quot;,&quot;icon&quot;:&quot;fa-flag fas&quot;,&quot;counter_type&quot;:&quot;none&quot;}\" style=\"--awb-item-padding-top:5px;--awb-item-padding-right:5px;--awb-item-padding-bottom:5px;--awb-item-padding-left:5px;--awb-item-font-family:&quot;Libre Franklin&quot;;--awb-item-font-style:normal;--awb-item-font-weight:400;\"><div class=\"awb-toc-el__content\"><ul class=\"awb-toc-el__list awb-toc-el__list--0\"><li class=\"awb-toc-el__list-item\"><a class=\"awb-toc-el__item-anchor\" href=\"#toc_1_Structuring_biomaterials\"><span>1 \u2013 <\/span><span>Structuring biomaterials<\/span><\/a><\/li><li class=\"awb-toc-el__list-item\"><a class=\"awb-toc-el__item-anchor\" href=\"#toc_2_Interactions_between_materials_and_fluids\"><span>2 \u2013 <\/span><span>Interactions between materials and fluids<\/span><\/a><\/li><li class=\"awb-toc-el__list-item\"><a class=\"awb-toc-el__item-anchor\" href=\"#toc_3_Inorganic_feed_additives_characterization_and_fate_during\"><span>3 \u2013 <\/span><span>Inorganic feed additives: characterization and fate during digestion<\/span><\/a><\/li><li class=\"awb-toc-el__list-item\"><a class=\"awb-toc-el__item-anchor\" href=\"#toc_4_Radical_species_at_the_interface\"><span>4 \u2013 <\/span><span>Radical species at the interface<\/span><\/a><\/li><\/ul><\/div><\/div><\/div><\/div><\/div><\/div>\n","protected":false},"excerpt":{"rendered":"","protected":false},"author":3,"featured_media":0,"parent":3506,"menu_order":0,"comment_status":"closed","ping_status":"closed","template":"100-width.php","meta":{"footnotes":""},"class_list":["post-3470","page","type-page","status-publish","hentry"],"_links":{"self":[{"href":"https:\/\/www.cnrs-imn.fr\/en\/wp-json\/wp\/v2\/pages\/3470","targetHints":{"allow":["GET"]}}],"collection":[{"href":"https:\/\/www.cnrs-imn.fr\/en\/wp-json\/wp\/v2\/pages"}],"about":[{"href":"https:\/\/www.cnrs-imn.fr\/en\/wp-json\/wp\/v2\/types\/page"}],"author":[{"embeddable":true,"href":"https:\/\/www.cnrs-imn.fr\/en\/wp-json\/wp\/v2\/users\/3"}],"replies":[{"embeddable":true,"href":"https:\/\/www.cnrs-imn.fr\/en\/wp-json\/wp\/v2\/comments?post=3470"}],"version-history":[{"count":5,"href":"https:\/\/www.cnrs-imn.fr\/en\/wp-json\/wp\/v2\/pages\/3470\/revisions"}],"predecessor-version":[{"id":5635,"href":"https:\/\/www.cnrs-imn.fr\/en\/wp-json\/wp\/v2\/pages\/3470\/revisions\/5635"}],"up":[{"embeddable":true,"href":"https:\/\/www.cnrs-imn.fr\/en\/wp-json\/wp\/v2\/pages\/3506"}],"wp:attachment":[{"href":"https:\/\/www.cnrs-imn.fr\/en\/wp-json\/wp\/v2\/media?parent=3470"}],"curies":[{"name":"wp","href":"https:\/\/api.w.org\/{rel}","templated":true}]}}