{"id":3570,"date":"2026-02-09T16:33:26","date_gmt":"2026-02-09T15:33:26","guid":{"rendered":"https:\/\/www-preprod.cnrs-imn.fr\/projects-collaborations\/societes-savantes-networks\/"},"modified":"2026-04-09T09:00:31","modified_gmt":"2026-04-09T07:00:31","slug":"societes-savantes-networks","status":"publish","type":"page","link":"https:\/\/www.cnrs-imn.fr\/en\/projects-collaborations\/societes-savantes-networks\/","title":{"rendered":"Networks Academic Societies"},"content":{"rendered":"<div class=\"fusion-fullwidth fullwidth-box fusion-builder-row-1 fusion-flex-container has-pattern-background has-mask-background nonhundred-percent-fullwidth non-hundred-percent-height-scrolling\" style=\"--awb-border-radius-top-left:0px;--awb-border-radius-top-right:0px;--awb-border-radius-bottom-right:0px;--awb-border-radius-bottom-left:0px;--awb-flex-wrap:wrap;\" ><div class=\"fusion-builder-row fusion-row fusion-flex-align-items-flex-start fusion-flex-justify-content-center fusion-flex-content-wrap\" style=\"max-width:1248px;margin-left: calc(-4% \/ 2 );margin-right: calc(-4% \/ 2 );\"><div class=\"fusion-layout-column fusion_builder_column fusion-builder-column-0 fusion_builder_column_2_3 2_3 fusion-flex-column\" style=\"--awb-bg-size:cover;--awb-width-large:66.666666666667%;--awb-margin-top-large:0px;--awb-spacing-right-large:2.88%;--awb-margin-bottom-large:20px;--awb-spacing-left-large:2.88%;--awb-width-medium:66.666666666667%;--awb-order-medium:0;--awb-spacing-right-medium:2.88%;--awb-spacing-left-medium:2.88%;--awb-width-small:100%;--awb-order-small:0;--awb-spacing-right-small:1.92%;--awb-spacing-left-small:1.92%;\"><div class=\"fusion-column-wrapper fusion-column-has-shadow fusion-flex-justify-content-flex-start fusion-content-layout-column\"><div class=\"fusion-title title fusion-title-1 fusion-sep-none fusion-title-text fusion-title-size-three\" style=\"--awb-margin-bottom:20px;--awb-margin-top-small:10px;--awb-margin-right-small:0px;--awb-margin-bottom-small:10px;--awb-margin-left-small:0px;\"><h3 class=\"fusion-title-heading title-heading-left\" style=\"margin:0;\"><p class=\"p1\">IMN researchers and teacher-researchers are actively involved in learned societies and large-scale networks.<\/p><\/h3><\/div><div class=\"fusion-text fusion-text-1\"><p class=\"p1\"><strong>Participation in learned societies:<\/strong><\/p>\n<p>Chairmanship and Management<\/p>\n<ul class=\"ul1\">\n<li class=\"li1\"><a href=\"https:\/\/www.electrochem.org\/battery-division-officers\" target=\"_blank\" rel=\"noopener\">ECS (Electro Chemical Society) Battery Division Steering Committee<\/a><\/li>\n<li><a href=\"https:\/\/www.international-battery-association.org\/governance.html\" target=\"_blank\" rel=\"noopener\">Chairman and Board member of IBA (International Battery Materials Association)<\/a><\/li>\n<li><a href=\"https:\/\/sfmu.fr\/fr\/\" target=\"_blank\" rel=\"noopener\">President of the French Microscopy Society<\/a><\/li>\n<li><a href=\"https:\/\/new.societechimiquedefrance.fr\/divisions\/chimie-du-solide\/presentation-chimie-du-solide\/\" target=\"_blank\" rel=\"noopener\">Chairman of the Solid Chemistry Division, Soci\u00e9t\u00e9 Chimique de France<\/a><\/li>\n<\/ul>\n<p>Involvement<\/p>\n<ul class=\"ul1\">\n<li class=\"li1\"><a href=\"https:\/\/www.sfphysique.fr\/\" target=\"_blank\" rel=\"noopener\">French Physical Society (SFP)<\/a><\/li>\n<li class=\"li1\"><a href=\"https:\/\/britishcarbongroup.org\/\" target=\"_blank\" rel=\"noopener\">British Carbon Group of 3 learned societies<\/a><\/li>\n<li class=\"li1\"><a href=\"https:\/\/www.gfsv.net\/page\/2624556-accueil\" target=\"_blank\" rel=\"noopener\">French Vibration Spectroscopy Group<\/a><\/li>\n<li class=\"li1\"><a href=\"https:\/\/new.societechimiquedefrance.fr\/divisions\/chimie-du-solide\/\" target=\"_blank\" rel=\"noopener\">Soci\u00e9t\u00e9 Chimique de France (SCF) Solid Chemistry Division<\/a><\/li>\n<li class=\"li1\"><a href=\"https:\/\/new.societechimiquedefrance.fr\/sections_regionales\/bretagne-pays-de-loire\/\" target=\"_blank\" rel=\"noopener\">Bretagne-Pays de la Loire section of the Soci\u00e9t\u00e9 Chimique de France (SCF)<\/a><\/li>\n<li class=\"li1\"><a href=\"https:\/\/www.vide.org\/\" target=\"_blank\" rel=\"noopener\">French Vacuum Society (SFV)<\/a><\/li>\n<li class=\"li1\"><a href=\"https:\/\/www.vide.org\/sfv\/divisions\/spectroscopie-electrons\/\" target=\"_blank\" rel=\"noopener\">Electron Spectroscopy Committee under the aegis of the French Vacuum Society (SFV)<\/a><\/li>\n<\/ul>\n<p class=\"p1\"><strong>Involvement in various networks:<\/strong><\/p>\n<ul class=\"ul1\">\n<li class=\"li1\"><strong>International<\/strong>: <a href=\"https:\/\/faces-irn.cnrs.fr\/\" target=\"_blank\" rel=\"noopener\">IRN France-Australia FACES<\/a>, <a href=\"https:\/\/singapore.office.cnrs.fr\/project\/irn-sinergie\/\" target=\"_blank\" rel=\"noopener\">IRN France-Singapore SINERGIE<\/a>, <a href=\"https:\/\/www.gdri-nanomateriaux.org\/\" target=\"_blank\" rel=\"noopener\">IRN France-Quebec NMC<\/a>, H2020 ITN &#8220;EnEx&#8221; nanocarbon, LIA France-Japan IM-LED, <a href=\"https:\/\/www.alistore.eu\/\" target=\"_blank\" rel=\"noopener\">ALISTORE ERI<\/a>, <a href=\"https:\/\/www.jsps.go.jp\/english\/e-c2c\/\" target=\"_blank\" rel=\"noopener\">Core-to-Core JSPS oxychalcogenide,<\/a><\/li>\n<li class=\"li1\"><strong>National<\/strong>: <a href=\"https:\/\/cnano.fr\/\" target=\"_blank\" rel=\"noopener\">C&#8217;Nano Centre national de comp\u00e9tences en Nanosciences<\/a>, <a href=\"https:\/\/www.energie-rs2e.com\/fr\" target=\"_blank\" rel=\"noopener\">RS2E<\/a>, FedPV, <a href=\"https:\/\/www.missionh24.fr\/\" target=\"_blank\" rel=\"noopener\">Mission Hydrog\u00e8ne<\/a>, <a href=\"https:\/\/afhypac.org\/\" target=\"_blank\" rel=\"noopener\">AFHYPAC<\/a>, <a href=\"https:\/\/fr-spe.cnrs.fr\/\">FR SPE<\/a>, <a href=\"https:\/\/frh2.cnrs.fr\/\" target=\"_blank\" rel=\"noopener\">F\u00e9d\u00e9ration de Recherche Hydrog\u00e8ne FRH2<\/a>, <a href=\"https:\/\/www.rnm-metallurgie.fr\/\" target=\"_blank\" rel=\"noopener\">RNM<\/a><\/li>\n<li class=\"li1\"><strong>GDRs<\/strong>: <a href=\"https:\/\/vighy.france-hydrogene.org\/annuaire-des-acteurs\/gdr-hyspac\/?cn-reloaded=1\" target=\"_blank\" rel=\"noopener\">HySP\u00e0C<\/a>, Oxyfun, <a href=\"https:\/\/gdr-meeticc.cnrs.fr\/\" target=\"_blank\" rel=\"noopener\">MEETIC<\/a>, HEA, PMSE, <a href=\"https:\/\/alma.cnrs.fr\/\" target=\"_blank\" rel=\"noopener\">ALMA<\/a>, <a href=\"https:\/\/themosia.cnrs.fr\/\" target=\"_blank\" rel=\"noopener\">RFCT<\/a>, <a href=\"https:\/\/gdr-hpero.cnrs.fr\/\" target=\"_blank\" rel=\"noopener\">HPERO<\/a>, <a href=\"https:\/\/www.cinam.univ-mrs.fr\/site\/modmat\/\" target=\"_blank\" rel=\"noopener\">ModMat<\/a>, <a href=\"https:\/\/gdrname.fr\/\" target=\"_blank\" rel=\"noopener\">NAME<\/a>, <a href=\"https:\/\/www.gdrpes.cnrs.fr\/\" target=\"_blank\" rel=\"noopener\">PES<\/a>, <a href=\"https:\/\/gdr-rest.polytechnique.fr\/\" target=\"_blank\" rel=\"noopener\">REST<\/a>, <a href=\"https:\/\/seeds.cnrs.fr\/\" target=\"_blank\" rel=\"noopener\">SEEDS<\/a>, <a href=\"https:\/\/gdr-tamarys.cnrs.fr\/\" target=\"_blank\" rel=\"noopener\">TAMARYS<\/a><\/li>\n<\/ul>\n<\/div><\/div><\/div><\/div><\/div>\n","protected":false},"excerpt":{"rendered":"","protected":false},"author":1,"featured_media":0,"parent":3278,"menu_order":0,"comment_status":"closed","ping_status":"closed","template":"100-width.php","meta":{"footnotes":""},"class_list":["post-3570","page","type-page","status-publish","hentry"],"_links":{"self":[{"href":"https:\/\/www.cnrs-imn.fr\/en\/wp-json\/wp\/v2\/pages\/3570","targetHints":{"allow":["GET"]}}],"collection":[{"href":"https:\/\/www.cnrs-imn.fr\/en\/wp-json\/wp\/v2\/pages"}],"about":[{"href":"https:\/\/www.cnrs-imn.fr\/en\/wp-json\/wp\/v2\/types\/page"}],"author":[{"embeddable":true,"href":"https:\/\/www.cnrs-imn.fr\/en\/wp-json\/wp\/v2\/users\/1"}],"replies":[{"embeddable":true,"href":"https:\/\/www.cnrs-imn.fr\/en\/wp-json\/wp\/v2\/comments?post=3570"}],"version-history":[{"count":5,"href":"https:\/\/www.cnrs-imn.fr\/en\/wp-json\/wp\/v2\/pages\/3570\/revisions"}],"predecessor-version":[{"id":5689,"href":"https:\/\/www.cnrs-imn.fr\/en\/wp-json\/wp\/v2\/pages\/3570\/revisions\/5689"}],"up":[{"embeddable":true,"href":"https:\/\/www.cnrs-imn.fr\/en\/wp-json\/wp\/v2\/pages\/3278"}],"wp:attachment":[{"href":"https:\/\/www.cnrs-imn.fr\/en\/wp-json\/wp\/v2\/media?parent=3570"}],"curies":[{"name":"wp","href":"https:\/\/api.w.org\/{rel}","templated":true}]}}