{"id":3582,"date":"2026-03-17T15:08:22","date_gmt":"2026-03-17T14:08:22","guid":{"rendered":"https:\/\/www-preprod.cnrs-imn.fr\/plasmas-and-thin-films\/plasma-etching-processes\/"},"modified":"2026-04-01T12:09:04","modified_gmt":"2026-04-01T10:09:04","slug":"plasma-etching-processes","status":"publish","type":"page","link":"https:\/\/www.cnrs-imn.fr\/en\/teams\/plasmas-and-thin-films\/plasma-etching-processes\/","title":{"rendered":"Plasma etching processes"},"content":{"rendered":"<div class=\"fusion-fullwidth fullwidth-box fusion-builder-row-1 fusion-flex-container has-pattern-background has-mask-background nonhundred-percent-fullwidth non-hundred-percent-height-scrolling\" style=\"--awb-border-radius-top-left:0px;--awb-border-radius-top-right:0px;--awb-border-radius-bottom-right:0px;--awb-border-radius-bottom-left:0px;--awb-flex-wrap:wrap;\" ><div class=\"fusion-builder-row fusion-row fusion-flex-align-items-flex-start fusion-flex-content-wrap\" style=\"max-width:1248px;margin-left: calc(-4% \/ 2 );margin-right: calc(-4% \/ 2 );\"><div class=\"fusion-layout-column fusion_builder_column fusion-builder-column-0 fusion_builder_column_3_4 3_4 fusion-flex-column equipe-thematique\" style=\"--awb-bg-size:cover;--awb-width-large:75%;--awb-margin-top-large:0px;--awb-spacing-right-large:2.56%;--awb-margin-bottom-large:20px;--awb-spacing-left-large:2.56%;--awb-width-medium:75%;--awb-order-medium:0;--awb-spacing-right-medium:2.56%;--awb-spacing-left-medium:2.56%;--awb-width-small:100%;--awb-order-small:0;--awb-spacing-right-small:1.92%;--awb-spacing-left-small:1.92%;\" data-scroll-devices=\"small-visibility,medium-visibility,large-visibility\"><div class=\"fusion-column-wrapper fusion-column-has-shadow fusion-flex-justify-content-flex-start fusion-content-layout-column\"><div class=\"fusion-text fusion-text-1\"><h2><img decoding=\"async\" class=\"alignnone wp-image-2746 size-medium\" src=\"https:\/\/www.cnrs-imn.fr\/wp-content\/uploads\/2026\/03\/Optimist-300x225.jpg\" alt=\"\" width=\"300\" height=\"225\" srcset=\"https:\/\/www.cnrs-imn.fr\/wp-content\/uploads\/2026\/03\/Optimist-200x150.jpg 200w, https:\/\/www.cnrs-imn.fr\/wp-content\/uploads\/2026\/03\/Optimist-300x225.jpg 300w, https:\/\/www.cnrs-imn.fr\/wp-content\/uploads\/2026\/03\/Optimist-400x300.jpg 400w, https:\/\/www.cnrs-imn.fr\/wp-content\/uploads\/2026\/03\/Optimist-600x450.jpg 600w, https:\/\/www.cnrs-imn.fr\/wp-content\/uploads\/2026\/03\/Optimist-768x576.jpg 768w, https:\/\/www.cnrs-imn.fr\/wp-content\/uploads\/2026\/03\/Optimist-800x600.jpg 800w, https:\/\/www.cnrs-imn.fr\/wp-content\/uploads\/2026\/03\/Optimist.jpg 918w\" sizes=\"(max-width: 300px) 100vw, 300px\" \/><\/h2>\n<p><em>Optimist platform<\/em><\/p>\n<p><strong>Researchers<\/strong>: Christophe Cardinaud, Rim Ettouri [2023, -&gt;], Aur\u00e9lie Girard, C\u00e9dric Mannequin [2022, -&gt;], Ahmed Rhallabi,<\/p>\n<p><strong>Contract researchers<\/strong>: Felipe Cemin [2022-2024], Guillaume Le Dain [2018-2020], Hiba Beji [2025, -&gt;]<\/p>\n<p><strong>Contract engineer<\/strong>: Thomas le Pape [2023-2025].<\/p>\n<p><strong>Doctoral students<\/strong>: Tatiana Mbouja Sign\u00e9 [2022-2025], Jack Nos [2021-2024].<\/p>\n<p><strong>Engineer<\/strong>: Thomas le Pape [2023-2025]<\/p>\n<p>Plasma etching enables the creation of micrometric or nanometric patterns in a material. It is one of the essential steps in integrated circuit manufacturing processes. Since its birth in the 1980s, its constant development has been one of the driving forces behind the tremendous growth of microelectronics, telecommunications and microsystems technologies. The performance of the final device (microprocessor, memory, sensor, etc.) is closely linked to the nature of the materials used, the size of the etched structures and the quality of the surface finishes obtained.   <\/p>\n<p>Our studies focus on fundamental aspects of reaction mechanisms. What species are formed in the plasma? How do they interact with the material surface? What are the products of these interactions? These are the main questions guiding our studies. These studies, which combine experimental and modeling approaches, have two aims: to understand the physicochemical mechanisms involved in etching, and to master the dimensional control, surface chemistry and physical properties of etched patterns.     <\/p>\n<p><strong>Keywords<\/strong>: plasma etching, plasma-surface interaction<\/p>\n<p><strong>Expertise:<\/strong> low-pressure RF cold plasma etching, plasma diagnostics, <em>in situ<\/em> surface characterization<\/p>\n<p><strong>Applications:<\/strong> microelectronics<\/p>\n<p><strong>Recent and current research projects:<\/strong> PSICRYO, SPOT, OPERA, LoPALEOS, LoPALETiN<\/p>\n<p><strong>Collaborations:<\/strong> CEA\/Leti-Grenoble, DGA, GREMI-Orl\u00e9ans, LTM-Grenoble, C2N-Palaiseau, IJL-Nancy<\/p>\n<p><strong>Presentation of etching equipment: <\/strong>&#8220;Alcatel&#8221; reactor, &#8220;Optimist&#8221; platform, &#8220;Nextral&#8221; reactor<\/p>\n<h3><\/h3>\n<h3><\/h3>\n<h3><strong>1 &#8211; <\/strong><strong>Etching at cryogenic temperature<\/strong><strong> <\/strong><\/h3>\n<p><img decoding=\"async\" class=\"alignnone wp-image-2747 size-medium\" src=\"https:\/\/www.cnrs-imn.fr\/wp-content\/uploads\/2026\/03\/Binding-300x251.png\" alt=\"\" width=\"300\" height=\"251\" srcset=\"https:\/\/www.cnrs-imn.fr\/wp-content\/uploads\/2026\/03\/Binding-200x167.png 200w, https:\/\/www.cnrs-imn.fr\/wp-content\/uploads\/2026\/03\/Binding-300x251.png 300w, https:\/\/www.cnrs-imn.fr\/wp-content\/uploads\/2026\/03\/Binding-400x335.png 400w, https:\/\/www.cnrs-imn.fr\/wp-content\/uploads\/2026\/03\/Binding.png 501w\" sizes=\"(max-width: 300px) 100vw, 300px\" \/><\/p>\n<p><strong>IMN personnel<\/strong>: Christophe Cardinaud, Aur\u00e9lie Girard, C\u00e9dric Mannequin [2022, -&gt;], Ahmed Rhallabi, Rim Ettouri<\/p>\n<p><strong>Contract Researcher<\/strong><strong> <\/strong><strong>:<\/strong><strong> <\/strong>Felipe Cemin [2022-2023]<\/p>\n<p><strong>Doctoral student<\/strong>: Jack Nos [2021-2024]<\/p>\n<p>In addition to the usual field of application for deep silicon etching, cryogenic processes are now showing promise for etching various materials (semiconductors, their oxides and nitrides, low-permittivity materials, etc.) with nanometric pattern dimensions and the need to control the etched depth to the nearest atomic layer (ALE &#8211; atomic layer etching).<\/p>\n<p>One of the advantages of cryo-ALE is that the species involved in etching are first physisorbed onto the surface of the cold substrate and then react chemically with it in an argon plasma initiated in the second stage. These steps are then repeated until the desired etching depth is reached. <\/p>\n<p>Achieving these application goals requires progress in understanding the physical and chemical mechanisms involved in the process.<br \/>\nTo this end, the study is being carried out on silicon compounds (Si3N4 and SiO2) for different fluorinated gases on the Optimist platform, connected by ultra-high vacuum transfer to an XPS assembly that can be used between -180\u00b0C and +100\u00b0C.<\/p>\n<p><strong>Keywords<\/strong>: Cyclic plasma etching, cryo-ALE, physisorption, selectivity,<\/p>\n<p><strong>Expertise<\/strong>: Fluorinated plasmas SF6, CF4, C4F8, in situ surface characterization: XPS.<\/p>\n<p><strong>Collaborations<\/strong><strong>:<\/strong> GREMI Orl\u00e9ans, TEL Tokyo and Albany, LTM Grenoble<\/p>\n<p><strong>Recent research projects: <\/strong>Emergence@Chimie OPERA, ANR PSICryo<\/p>\n<p><strong>Major publications:<\/strong><\/p>\n<p><a href=\"http:\/\/dx.doi.org\/10.1016\/j.apsusc.2023.157941\" target=\"_blank\" rel=\"noopener\"><u><em>On the low temperature limits for cryogenic etching: A quasi in situ XPS study.<\/em><\/u><\/a><em> <\/em><em><br \/>\n<\/em><em>Felipe Cemin, Aurelie Girard and Christophe Cardinaud.<\/em><em><br \/>\n<\/em><em>Appl. Surf. Sci. 2023, 637, 157941<\/em><\/p>\n<p><a href=\"http:\/\/dx.doi.org\/10.1116\/6.0001885\" target=\"_blank\" rel=\"noopener\"><u><em>Cryogenic nanoscale etching of silicon nitride selectively to silicon by alternating SiF4\/O-2 and Ar plasmas.<\/em><\/u><\/a><em> <\/em><em><br \/>\n<\/em><em>G. Antoun, T. Tillocher, A. Girard, P. Lefaucheux, J. Faguet, H. Kim, D. Zhang, M. Wang, K. Maekawa, C. Cardinaud and R. Dussart.<\/em><em><br \/>\n<\/em><em>Journal of Vacuum Science &amp; Technology A 2022, 40<\/em><\/p>\n<p><a href=\"http:\/\/dx.doi.org\/10.1149\/2162-8777\/ac4c7d\" target=\"_blank\" rel=\"noopener\"><u><em>Quasi In Situ XPS on a SiOxFy Layer Deposited on Silicon by a Cryogenic Process.<\/em><\/u><\/a><em> <\/em><em><br \/>\n<\/em><em>G. Antoun, A. Girard, T. Tillocher, P. Lefaucheux, J. Faguet, K. Maekawa, C. Cardinaud and R. Dussart.<\/em><em><br \/>\n<\/em><em>ECS J. Solid State Sci. <\/em><em>Technol. 2022, 11, 013013<\/em><\/p>\n<h3><\/h3>\n<h3><strong>2<\/strong><strong> <\/strong><strong>&#8211; <\/strong><strong>Modeling and characterizing chlorine plasma etching of steels<\/strong><\/h3>\n<p><img decoding=\"async\" class=\"alignnone wp-image-2749 size-medium\" src=\"https:\/\/www.cnrs-imn.fr\/wp-content\/uploads\/2026\/03\/Modelisation-281x300.jpg\" alt=\"\" width=\"281\" height=\"300\" data-wp-editing=\"1\" srcset=\"https:\/\/www.cnrs-imn.fr\/wp-content\/uploads\/2026\/03\/Modelisation-200x213.jpg 200w, https:\/\/www.cnrs-imn.fr\/wp-content\/uploads\/2026\/03\/Modelisation-281x300.jpg 281w, https:\/\/www.cnrs-imn.fr\/wp-content\/uploads\/2026\/03\/Modelisation-400x427.jpg 400w, https:\/\/www.cnrs-imn.fr\/wp-content\/uploads\/2026\/03\/Modelisation.jpg 450w\" sizes=\"(max-width: 281px) 100vw, 281px\" \/><\/p>\n<p><strong>IMN staff:<\/strong> Ahmed Rhallabi, Christophe Cardinaud, Aur\u00e9lie Girard<\/p>\n<p><strong>Contract Researcher<\/strong>: Guillaume Le Dain [2018-2020]<\/p>\n<p>The objective of the ANR SPOT project (Submicron Structuring of Steel by Plasma Etching for Optical Applications and Tribological Optimization) was to develop a reactive plasma etching process for structuring the surface of steel parts. These etchings give structured metal parts enhanced, long-lasting tribological properties for use in harsh environments. As a replacement for more noble, non-recyclable materials, they offer economic and ecological benefits. With this in mind, we have developed an ICP Cl2\/Ar plasma etching simulator for steel. The multi-scale approach has the advantage of predicting the spatio-temporal evolution of etched structures through masks as a function of machine parameters. The chemical composition of different types of steel is taken into account in the cellular approach based on the Monte-Carlo method, which studies etching kinetics under flows of reactive neutral species and energetic ions. The effects of parameters such as the chemical composition of steels and the probability of Cl adsorption on certain etching properties such as roughness, lateral overetching and etching speed have been highlighted. Analyses of steel surfaces etched by XPS have enabled us to gain a better understanding of the interaction mechanisms between plasma-derived active species and the steel surface, and consequently to develop a surface model based on the probabilistic Monte-Carlo technique, in line with experimental observations.       <\/p>\n<p><strong>Keywords: <\/strong>Plasma, etching, steel, modeling, chlorine<\/p>\n<p><strong>Collaborations: <\/strong>IGL, C2N, SILSEF<\/p>\n<p><strong>Recent research project: <\/strong>SPOT<\/p>\n<p><strong>Major publications:  <\/strong><\/p>\n<p><a href=\"http:\/\/dx.doi.org\/10.1088\/1361-6595\/ac1714\" target=\"_blank\" rel=\"noopener\"><u><em>Etching of iron and iron-chromium alloys using ICP-RIE chlorine plasma.<\/em><\/u><\/a><em> <\/em><em><br \/>\n<\/em><em>Guillaume Le Dain, Feriel Laourine, Stephane Guilet, Thierry Czerwiec, Gr\u00e9gory Marcos, C\u00e9dric Noel, G\u00e9rard Henrion, Christophe Cardinaud, Aurelie Girard and Ahmed Rhallabi.<\/em><em><br \/>\n<\/em><em>Plasma Sources Science and Technology 2021, 30, 095022<\/em><\/p>\n<h3><strong>3 &#8211;<\/strong><em> <\/em><strong>Etching of vanadium oxide V<\/strong><strong>2<\/strong><strong>O<\/strong><strong>3<\/strong><strong> in fluorinated plasma<\/strong><em> <\/em><\/h3>\n<p><strong>IMN staff<\/strong>: Aur\u00e9lie Girard, C\u00e9dric Mannequin, Christophe Cardinaud<\/p>\n<p><strong>Doctoral student<\/strong><strong>:<\/strong> Tatiana Chancelle Mbouja Signed [2022-2025]<\/p>\n<p>Vanadium oxides are of great interest for electrochromic applications, catalysis and microelectronics. Among them, the compound V2O3 is a Mott insulator, of major interest for ReRAM memory applications and neuromorphic networks. However, no studies on V2O3 etching have been published to date. This project aims to elucidate etching mechanisms by studying reactive ion etching processes using fluorinated plasmas in an inductively coupled reactor.   <\/p>\n<p>Our initial investigations demonstrate that V2O3 thin films can be spontaneously etched by exposure to fluorinated plasmas without the addition of ion bombardment. More surprisingly, the addition of ionic bombardment to fluorinated plasma results in an unconventional RIE behavior manifested by a decrease or even, under certain conditions, a cessation of etching for a defined range of ion energies. This phenomenon, not reported in the literature for other materials, is reproducible and controllable, and is at the heart of our study.  <\/p>\n<p><strong>Recent research project :<\/strong> Mott-IA project<\/p>\n<h3><strong>4<\/strong><strong> <\/strong><strong>&#8211;<\/strong><strong> LoPALEOS: Local approach for Plasma Atomic Layer Etching of Oxide Semiconductors<\/strong><\/h3>\n<p><strong>IMN staff<\/strong>: C\u00e9dric Mannequin, Christophe Cardinaud, Aur\u00e9lie Girard<\/p>\n<p><strong>Contract IE:<\/strong> Thomas Le Pape [2023-2025]<\/p>\n<p><strong>Post-doctorate :<\/strong> Hiba Beji [2025-2026]<\/p>\n<p>The project focuses on the study and development of ALE processes for wide bandgap semiconducting oxides, such as \u03b2-Ga2O3, which are attracting attention for their applications in power electronics and optoelectronics.<\/p>\n<p>A local approach, based on in situ plasma and surface diagnostics, is being developed to :<\/p>\n<ul>\n<li>study the different mechanisms involved in the various stages of any &#8220;nth&#8221; cycle of the ALE process.<\/li>\n<li>obtain quantitative information on plasma, reaction probabilities between the species present and the surface, and the exposed surface.<\/li>\n<li>understand the impact of controllable plasma parameters on the modification and activation stages.<\/li>\n<\/ul>\n<p>This project covers the instrumentation of etching reactors, enabling the automation of the various reactor components required for the development of cyclic processes, and the local approach methodology at the heart of the study.<\/p>\n<p>The project is financially supported by : I-Site NExT of Nantes University, ANR and the Pays de la Loire Region as part of the &#8220;Investissements d&#8217;Avenir&#8221; program.<\/p>\n<p><strong>Recent research projects:<\/strong> I-Site NExT LoPALEOS project, LoPALETiN project<\/p>\n<h3><strong>5 &#8211;<\/strong><em> <\/em><strong>Etching of chalcogenide glasses <\/strong> <\/h3>\n<p><img decoding=\"async\" class=\"alignnone wp-image-2756 size-medium\" src=\"https:\/\/www.cnrs-imn.fr\/wp-content\/uploads\/2026\/03\/Chalcogenures-267x300.jpg\" alt=\"\" width=\"267\" height=\"300\" srcset=\"https:\/\/www.cnrs-imn.fr\/wp-content\/uploads\/2026\/03\/Chalcogenures-200x225.jpg 200w, https:\/\/www.cnrs-imn.fr\/wp-content\/uploads\/2026\/03\/Chalcogenures-267x300.jpg 267w, https:\/\/www.cnrs-imn.fr\/wp-content\/uploads\/2026\/03\/Chalcogenures-400x450.jpg 400w, https:\/\/www.cnrs-imn.fr\/wp-content\/uploads\/2026\/03\/Chalcogenures-600x675.jpg 600w, https:\/\/www.cnrs-imn.fr\/wp-content\/uploads\/2026\/03\/Chalcogenures.jpg 626w\" sizes=\"(max-width: 267px) 100vw, 267px\" \/><\/p>\n<p><strong>IMN staff<\/strong>: Christophe Cardinaud, Aur\u00e9lie Girard<\/p>\n<p><strong>Doctoral students who have defended:<\/strong> Thibaut Meyer (2019)<\/p>\n<p>Chalcogenide materials have remarkable properties, paving the way for applications in integrated optics and PCRAM-type non-volatile memories.<\/p>\n<p>Our work focuses on amorphous GeSbSe compounds, involving the characterization of bulk materials and thin films made from them, as well as the study of etching processes using fluorinated plasma or a CH4-H2-Ar mixture. The aim is to deepen our understanding of the mechanisms involved, and to assess the damage caused and the viability of the processes. <\/p>\n<p><strong>Keywords<\/strong><strong>: <\/strong>GeSbSe, Plasma etching Fluorinated plasmas, CH4-H2 plasmas<\/p>\n<p><strong>Expertise:<\/strong> Fluorinated and CH4-H2-based plasmas, <em>in situ<\/em> surface characterization: XPS, ellipsometry, plasma diagnostics: optical emission spectrometry, mass spectrometry, electrostatic probes.<\/p>\n<p><strong>Collaborations<\/strong>: IMN-PMN, ISCR-Rennes, KPF-Pardubice<\/p>\n<p><strong>Major publications:  <\/strong><\/p>\n<p><em>Meyer, A. Girard, G. Le Dain, A. Rhallabi, E. Baudet, M. Baillieul, V. Nazabal, P. N\u011bmec and C. Cardinaud, Plasma Sources Sci. &amp; Technol. 32 (2023) 085003.<\/em><br \/>\n<em><a href=\"https:\/\/doi.org\/10.1088\/1361-6595\/aceaa5\" target=\"_blank\" rel=\"noopener\"><u>https:\/\/doi.org\/10.1088\/1361-6595\/aceaa5<\/u><\/a><\/em><br \/>\n<em><a href=\"https:\/\/hal.science\/hal-04186877v1\" target=\"_blank\" rel=\"noopener\"><u>https:\/\/hal.science\/hal-04186877v1<\/u><\/a><\/em><\/p>\n<p><em>Meyer, A. Girard, G. Le Dain, A. Rhallabi, E. Baudet, V. Nazabal, P. N\u011bmec and C. Cardinaud, Appl. Surf. Sci. 549, 149192 2021.<\/em><br \/>\n<em><a href=\"https:\/\/doi.org\/10.1016\/j.apsusc.2021.149192\" target=\"_blank\" rel=\"noopener\"><u>https:\/\/doi.org\/10.1016\/j.apsusc.2021.149192<\/u><\/a><\/em><\/p>\n<p><em>Meyer, G. LeDain, A. Girard, A. Rhallabi, M. Bou\u0161ka, P. N\u011bmec, V. Nazabal and C. Cardinaud, Plasma Sources Sci. Technol. 29(10), 105006 2020.<\/em><br \/>\n<a href=\"https:\/\/doi.org\/10.1088\/1361-6595\/abb0d0\" target=\"_blank\" rel=\"noopener\"><u><em>https:\/\/doi.org\/10.1088\/1361-6595\/abb0d0<\/em><\/u><\/a><\/p>\n<\/div><\/div><\/div><div class=\"fusion-layout-column fusion_builder_column fusion-builder-column-1 awb-sticky awb-sticky-small awb-sticky-medium awb-sticky-large fusion_builder_column_1_4 1_4 fusion-flex-column\" style=\"--awb-bg-size:cover;--awb-width-large:25%;--awb-margin-top-large:0px;--awb-spacing-right-large:7.68%;--awb-margin-bottom-large:20px;--awb-spacing-left-large:7.68%;--awb-width-medium:25%;--awb-order-medium:0;--awb-spacing-right-medium:7.68%;--awb-spacing-left-medium:7.68%;--awb-width-small:100%;--awb-order-small:0;--awb-spacing-right-small:1.92%;--awb-spacing-left-small:1.92%;--awb-sticky-offset:120px;\" data-scroll-devices=\"small-visibility,medium-visibility,large-visibility\"><div class=\"fusion-column-wrapper fusion-column-has-shadow fusion-flex-justify-content-flex-start fusion-content-layout-column\"><div class=\"fusion-text fusion-text-2\"><p><strong>Sub-themes<\/strong><\/p>\n<\/div><div class=\"awb-toc-el awb-toc-el--1\" data-awb-toc-id=\"1\" data-awb-toc-options=\"{&quot;allowed_heading_tags&quot;:{&quot;h3&quot;:0},&quot;ignore_headings&quot;:&quot;&quot;,&quot;ignore_headings_words&quot;:&quot;&quot;,&quot;enable_cache&quot;:&quot;yes&quot;,&quot;highlight_current_heading&quot;:&quot;yes&quot;,&quot;hide_hidden_titles&quot;:&quot;yes&quot;,&quot;limit_container&quot;:&quot;all&quot;,&quot;select_custom_headings&quot;:&quot;&quot;,&quot;icon&quot;:&quot;fa-flag fas&quot;,&quot;counter_type&quot;:&quot;none&quot;}\" style=\"--awb-item-padding-top:5px;--awb-item-padding-right:5px;--awb-item-padding-bottom:5px;--awb-item-padding-left:5px;--awb-item-font-family:&quot;Libre Franklin&quot;;--awb-item-font-style:normal;--awb-item-font-weight:400;\"><div class=\"awb-toc-el__content\"><ul class=\"awb-toc-el__list awb-toc-el__list--0\"><li class=\"awb-toc-el__list-item\"><\/li><li class=\"awb-toc-el__list-item\"><\/li><li class=\"awb-toc-el__list-item\"><a class=\"awb-toc-el__item-anchor\" href=\"#toc_1_Etching_at_cryogenic_temperature\"><span>1 \u2013 <\/span><span>Etching at cryogenic temperature<\/span><span> <\/span><\/a><\/li><li class=\"awb-toc-el__list-item\"><\/li><li class=\"awb-toc-el__list-item\"><a class=\"awb-toc-el__item-anchor\" href=\"#toc_2_Modeling_and_characterizing_chlorine_plasma_etching_of\"><span>2<\/span><span> <\/span><span>\u2013 <\/span><span>Modeling and characterizing chlorine plasma etching of steels<\/span><\/a><\/li><li class=\"awb-toc-el__list-item\"><a class=\"awb-toc-el__item-anchor\" href=\"#toc_3_Etching_of_vanadium_oxide_V2O3_in_fluorinated\"><span>3 \u2013<\/span><span> <\/span><span>Etching of vanadium oxide V<\/span><span>2<\/span><span>O<\/span><span>3<\/span><span> in fluorinated plasma<\/span><span> <\/span><\/a><\/li><li class=\"awb-toc-el__list-item\"><a class=\"awb-toc-el__item-anchor\" href=\"#toc_4_LoPALEOS_Local_approach_for_Plasma_Atomic_Layer\"><span>4<\/span><span> <\/span><span>\u2013<\/span><span> LoPALEOS: Local approach for Plasma Atomic Layer Etching of Oxide Semiconductors<\/span><\/a><\/li><li class=\"awb-toc-el__list-item\"><a class=\"awb-toc-el__item-anchor\" href=\"#toc_5_Etching_of_chalcogenide_glasses\"><span>5 \u2013<\/span><span> <\/span><span>Etching of chalcogenide glasses <\/span><\/a><\/li><\/ul><\/div><\/div><\/div><\/div><\/div><\/div>\n","protected":false},"excerpt":{"rendered":"","protected":false},"author":1,"featured_media":0,"parent":3044,"menu_order":0,"comment_status":"closed","ping_status":"closed","template":"100-width.php","meta":{"footnotes":""},"class_list":["post-3582","page","type-page","status-publish","hentry"],"_links":{"self":[{"href":"https:\/\/www.cnrs-imn.fr\/en\/wp-json\/wp\/v2\/pages\/3582","targetHints":{"allow":["GET"]}}],"collection":[{"href":"https:\/\/www.cnrs-imn.fr\/en\/wp-json\/wp\/v2\/pages"}],"about":[{"href":"https:\/\/www.cnrs-imn.fr\/en\/wp-json\/wp\/v2\/types\/page"}],"author":[{"embeddable":true,"href":"https:\/\/www.cnrs-imn.fr\/en\/wp-json\/wp\/v2\/users\/1"}],"replies":[{"embeddable":true,"href":"https:\/\/www.cnrs-imn.fr\/en\/wp-json\/wp\/v2\/comments?post=3582"}],"version-history":[{"count":1,"href":"https:\/\/www.cnrs-imn.fr\/en\/wp-json\/wp\/v2\/pages\/3582\/revisions"}],"predecessor-version":[{"id":3585,"href":"https:\/\/www.cnrs-imn.fr\/en\/wp-json\/wp\/v2\/pages\/3582\/revisions\/3585"}],"up":[{"embeddable":true,"href":"https:\/\/www.cnrs-imn.fr\/en\/wp-json\/wp\/v2\/pages\/3044"}],"wp:attachment":[{"href":"https:\/\/www.cnrs-imn.fr\/en\/wp-json\/wp\/v2\/media?parent=3582"}],"curies":[{"name":"wp","href":"https:\/\/api.w.org\/{rel}","templated":true}]}}