{"id":3625,"date":"2026-03-19T16:41:53","date_gmt":"2026-03-19T15:41:53","guid":{"rendered":"https:\/\/www-preprod.cnrs-imn.fr\/innovative-materials-for-optics-photovoltaics-and-storage\/magnetic-or-magnetoelectronic-materials\/"},"modified":"2026-04-01T12:11:02","modified_gmt":"2026-04-01T10:11:02","slug":"magnetic-or-magnetoelectronic-materials","status":"publish","type":"page","link":"https:\/\/www.cnrs-imn.fr\/en\/innovative-materials-for-optics-photovoltaics-and-storage\/magnetic-or-magnetoelectronic-materials\/","title":{"rendered":"Magnetic or magnetoelectronic materials"},"content":{"rendered":"<div class=\"fusion-fullwidth fullwidth-box fusion-builder-row-1 fusion-flex-container has-pattern-background has-mask-background nonhundred-percent-fullwidth non-hundred-percent-height-scrolling\" style=\"--awb-border-radius-top-left:0px;--awb-border-radius-top-right:0px;--awb-border-radius-bottom-right:0px;--awb-border-radius-bottom-left:0px;--awb-flex-wrap:wrap;\" ><div class=\"fusion-builder-row fusion-row fusion-flex-align-items-flex-start fusion-flex-content-wrap\" style=\"max-width:1248px;margin-left: calc(-4% \/ 2 );margin-right: calc(-4% \/ 2 );\"><div class=\"fusion-layout-column fusion_builder_column fusion-builder-column-0 fusion_builder_column_3_4 3_4 fusion-flex-column equipe-thematique\" style=\"--awb-bg-size:cover;--awb-width-large:75%;--awb-margin-top-large:0px;--awb-spacing-right-large:2.56%;--awb-margin-bottom-large:20px;--awb-spacing-left-large:2.56%;--awb-width-medium:75%;--awb-order-medium:0;--awb-spacing-right-medium:2.56%;--awb-spacing-left-medium:2.56%;--awb-width-small:100%;--awb-order-small:0;--awb-spacing-right-small:1.92%;--awb-spacing-left-small:1.92%;\" data-scroll-devices=\"small-visibility,medium-visibility,large-visibility\"><div class=\"fusion-column-wrapper fusion-column-has-shadow fusion-flex-justify-content-flex-start fusion-content-layout-column\"><div class=\"fusion-text fusion-text-1\"><p>Transition metal compounds that exhibit quantum magnetic states or whose dielectric properties are coupled to magnetic properties (magnetoelectric or type II multiferroic materials) are studied. Their crystal structures are analogous to those of minerals: wolframite for Mn(W,Mo)<sub>O4<\/sub>, karpenkoite for the pyrovanadate <sub>Co3V2O7<\/sub>(OH<sub>)2<\/sub>.<sub>2H2O<\/sub>, vesignieite for the orthovanadate <sub>BaCo3<\/sub>(<sub>VO4<\/sub><sub>)2<\/sub>(OH<sub>)2<\/sub>, perovskite for the compounds (Ba,Sr)(Co,Ni)<sub>Sb2O9<\/sub>. In these materials, the metals carrying magnetic moments form lattices of particular geometries (chain, kagome, triangular, honeycomb, face-centered cubic) that give unusual magnetic properties. Our experimental approach consists in preparing materials by various methods, characterizing them, understanding the properties (magnetic, in particular) and the relationships between these properties, the composition, the crystalline structure and the microstructure or morphology of the material.   <\/p>\n<p><strong>Expertise:<\/strong> crystal structure-microstructure-magnetic properties, magnetochemistry<\/p>\n<p><strong>Keywords:<\/strong> Magnetic oxides, magnetic frustration, magnetoelectric coupling, multiferroics<\/p>\n<p><strong> <\/strong><strong>Applications:<\/strong> Quantum technologies, magnetoelectric devices<\/p>\n<p><strong> <\/strong><strong>Collaborations :<\/strong> Laboratoire de Physique des Solides d&#8217;Orsay, Institut de Chimie de la Mati\u00e8re Condens\u00e9e de Bordeaux, Institut Louis N\u00e9el, Laboratoire de Cristallographie et Sciences des Mat\u00e9riaux<\/p>\n<p><strong> <\/strong><strong>IMN staff involved: <\/strong>Christophe Payen, R\u00e9mi Dessapt, Phillipe Deniard, Maria Teresa Caldes, Houria Kabbour.<\/p>\n<p><strong> <\/strong><strong>Research projects: <\/strong>Nantes University doctoral contract (Bachchar Hadrane&#8217;s thesis), ANR LINK<\/p>\n<p><strong>Major publications:<\/strong><\/p>\n<p><a href=\"http:\/\/dx.doi.org\/10.1016\/j.ceramint.2023.12.188\" target=\"_blank\" rel=\"noopener\"><em>Wolframite-type MnMoO4: Magnetization, sintering by Cool-SPS, and magnetodielectric effect.<\/em><\/a><br \/>\n<em>Christophe Payen, Thomas H\u00e9risson de Beauvoir, Philippe Deniard, Stephane Jobic, U-Chan Chung, Dominique Michau and Michael Josse.<br \/>\n<\/em><em>Ceram. Int. 2024, 50, 8718-8724<\/em><\/p>\n<p><a href=\"http:\/\/dx.doi.org\/10.1039\/D3DT03117A\" target=\"_blank\" rel=\"noopener\"><em>Micro- and nanostructured layered-kagome zinc orthovanadate BaZn3(VO4)2(OH)2.<\/em><\/a><br \/>\n<em>Bachchar Hadrane, Philippe Deniard, Nicolas Gautier, Michael Paris, Christophe Payen and Remi Dessapt.<br \/>\nDalton Trans. 2023, 52, 16927-16934<\/em><\/p>\n<p><a href=\"http:\/\/dx.doi.org\/10.1039\/d2dt04110c\" target=\"_blank\" rel=\"noopener\"><em>Microstructured layered-kagome BaCo3(VO4)(2)(OH)(2) with variable crystallite size: alternative synthetic route and comparison with nanostructured samples.<\/em><\/a><br \/>\n<em>Bachchar Hadrane, Philippe Deniard, Cassandre Jeannot, Isabelle Trenque, Remi Dessapt and Christophe Payen.<br \/>\n<\/em><em>Dalton Trans. 2023, 52, 3501-3507<\/em><\/p>\n<p><a href=\"http:\/\/dx.doi.org\/10.1016\/j.jssc.2022.123701\" target=\"_blank\" rel=\"noopener\"><em>Two new cubic perovskite oxides Ba3CoSb2O9 and Ba2SrCoSb2O9: Syntheses, crystal structures and magnetic properties.<\/em><\/a><br \/>\n<em>Celine Darie, Pierre Bordet, Melanie Viaud, Catherine Guillot-Deudon, Philippe Deniard, Eric Gautron, Claire Colin, Florence Porcher, Guido Berlanda, Fabrice Bert, Philippe Mendels and Christophe Payen.<br \/>\nJ. Solid State Chem. 2023, 317, 123701<\/em><\/p>\n<p><a href=\"http:\/\/dx.doi.org\/10.1103\/PhysRevMaterials.6.124408\" target=\"_blank\" rel=\"noopener\"><em>Crystal structures, frustrated magnetism, and chemical pressure in Sr-doped Ba3NiSb2O9 perovskites.<\/em><\/a><br \/>\n<em>Melanie Viaud, Catherine Guillot-Deudon, Eric Gautron, Maria Teresa Caldes, Guido Berlanda, Philippe Deniard, Philippe Boullay, Florence Porcher, Carole La, Celine Darie, A. Zorko, A. Ozarowski, Fabrice Bert, Philippe Mendels and Christophe Payen.<br \/>\nPhysical Review Materials 2022, 6<\/em><\/p>\n<p><a href=\"http:\/\/dx.doi.org\/10.1039\/D1TC04372B\" target=\"_blank\" rel=\"noopener\"><em>Nanocrystalline BaCo3(VO4)2(OH)2 with a kagome lattice of Co(II) ions: synthesis, crystal structure and magnetic properties.<\/em><\/a><br \/>\n<em>R. Dessapt, L. Lajaunie, J J. Calvino, P. Deniard, I. Trenque and C. Payen.<br \/>\nJ. Mater. Chem. C 2022, 10, 3287-3291  <\/em><\/p>\n<p><a href=\"http:\/\/dx.doi.org\/10.1021\/acs.inorgchem.9b00464\" target=\"_blank\" rel=\"noopener\"><em>Evidence of Wolframite-Type Structure in Ultrasmall Nanocrystals with a Targeted Composition MnWO4.<\/em><\/a><br \/>\n<em>Pascaline Patureau, Remi Dessapt, Pierre-Emmanuel Petit, Gautier Landrot, Christophe Payen and Philippe Deniard.<br \/>\n<\/em><em>Inorg. Chem. 2019, 58, 7822-7827<\/em><\/p>\n<p><a href=\"http:\/\/dx.doi.org\/10.1021\/acs.chemmater.6b03803\" target=\"_blank\" rel=\"noopener\"><em>Persistent Type-II Multiferroicity in Nanostructured MnWO4 Ceramics.<\/em><\/a><br \/>\n<em>Pascaline Patureau, Remi Dessapt, Philippe Deniard, -Chan U. Chung, Dominique Michau, Michael Josse, Christophe Payen and Mario Maglione.<br \/>\nChem. Mater.  2016, 28, 7582-7585<\/em><\/p>\n<p><a href=\"http:\/\/dx.doi.org\/10.1088\/0953-8984\/28\/33\/336003\" target=\"_blank\" rel=\"noopener\"><em>Phase transitions and magnetic structures in MnW1-xMoxO4 compounds (x &lt;= 0.2).<\/em><\/a><br \/>\n<em>Vincent Hardy, Christophe Payen, Francoise Damay, Lynda Meddar, Michael Josse and Gilles Andre.<br \/>\nJ. Phys.-Condes. Matter 2016, 28, 336003<\/em><\/p>\n<p><a href=\"http:\/\/dx.doi.org\/10.1103\/PhysRevB.93.214432\" target=\"_blank\" rel=\"noopener\"><em>Gapless quantum spin liquid ground state in the spin-1 antiferromagnet 6HB-Ba3NiSb2O9.<\/em><\/a><br \/>\n<em>J A. Quilliam, F. Bert, A. Manseau, C. Darie, C. Guillot-Deudon, C. Payen, C. Baines, A. Amato and P. Mendels.<br \/>\nPhys. Rev. B 2016, 93, 214432<\/em><\/p>\n<p><a href=\"http:\/\/dx.doi.org\/10.1016\/j.jssc.2016.02.011\" target=\"_blank\" rel=\"noopener\"><em>A new high pressure form of Ba3NiSb2O9.<\/em><\/a><br \/>\n<em>Celine Darie, Christophe Lepoittevin, Holger Klein, Stephanie Kodjikian, Pierre Bordet, Claire V. Colin, Oleg I. Lebedev, Catherine Deudon and Christophe Payen.<br \/>\n<\/em><em>J. Solid State Chem. 2016, 237, 166-173<\/em><\/p>\n<\/div><\/div><\/div><div class=\"fusion-layout-column fusion_builder_column fusion-builder-column-1 awb-sticky awb-sticky-small awb-sticky-medium awb-sticky-large fusion_builder_column_1_4 1_4 fusion-flex-column\" style=\"--awb-bg-size:cover;--awb-width-large:25%;--awb-margin-top-large:0px;--awb-spacing-right-large:7.68%;--awb-margin-bottom-large:20px;--awb-spacing-left-large:7.68%;--awb-width-medium:25%;--awb-order-medium:0;--awb-spacing-right-medium:7.68%;--awb-spacing-left-medium:7.68%;--awb-width-small:100%;--awb-order-small:0;--awb-spacing-right-small:1.92%;--awb-spacing-left-small:1.92%;--awb-sticky-offset:120px;\" data-scroll-devices=\"small-visibility,medium-visibility,large-visibility\"><div class=\"fusion-column-wrapper fusion-column-has-shadow fusion-flex-justify-content-flex-start fusion-content-layout-column\"><div class=\"fusion-text fusion-text-2\"><\/div><div class=\"awb-toc-el awb-toc-el--1\" data-awb-toc-id=\"1\" data-awb-toc-options=\"{&quot;allowed_heading_tags&quot;:{&quot;h3&quot;:0},&quot;ignore_headings&quot;:&quot;&quot;,&quot;ignore_headings_words&quot;:&quot;&quot;,&quot;enable_cache&quot;:&quot;yes&quot;,&quot;highlight_current_heading&quot;:&quot;yes&quot;,&quot;hide_hidden_titles&quot;:&quot;yes&quot;,&quot;limit_container&quot;:&quot;all&quot;,&quot;select_custom_headings&quot;:&quot;&quot;,&quot;icon&quot;:&quot;fa-flag fas&quot;,&quot;counter_type&quot;:&quot;none&quot;}\" style=\"--awb-item-padding-top:5px;--awb-item-padding-right:5px;--awb-item-padding-bottom:5px;--awb-item-padding-left:5px;--awb-item-font-family:&quot;Libre Franklin&quot;;--awb-item-font-style:normal;--awb-item-font-weight:400;\"><div class=\"awb-toc-el__content\"><\/div><\/div><\/div><\/div><\/div><\/div>\n","protected":false},"excerpt":{"rendered":"","protected":false},"author":3,"featured_media":0,"parent":3527,"menu_order":0,"comment_status":"closed","ping_status":"closed","template":"100-width.php","meta":{"footnotes":""},"class_list":["post-3625","page","type-page","status-publish","hentry"],"_links":{"self":[{"href":"https:\/\/www.cnrs-imn.fr\/en\/wp-json\/wp\/v2\/pages\/3625","targetHints":{"allow":["GET"]}}],"collection":[{"href":"https:\/\/www.cnrs-imn.fr\/en\/wp-json\/wp\/v2\/pages"}],"about":[{"href":"https:\/\/www.cnrs-imn.fr\/en\/wp-json\/wp\/v2\/types\/page"}],"author":[{"embeddable":true,"href":"https:\/\/www.cnrs-imn.fr\/en\/wp-json\/wp\/v2\/users\/3"}],"replies":[{"embeddable":true,"href":"https:\/\/www.cnrs-imn.fr\/en\/wp-json\/wp\/v2\/comments?post=3625"}],"version-history":[{"count":1,"href":"https:\/\/www.cnrs-imn.fr\/en\/wp-json\/wp\/v2\/pages\/3625\/revisions"}],"predecessor-version":[{"id":3628,"href":"https:\/\/www.cnrs-imn.fr\/en\/wp-json\/wp\/v2\/pages\/3625\/revisions\/3628"}],"up":[{"embeddable":true,"href":"https:\/\/www.cnrs-imn.fr\/en\/wp-json\/wp\/v2\/pages\/3527"}],"wp:attachment":[{"href":"https:\/\/www.cnrs-imn.fr\/en\/wp-json\/wp\/v2\/media?parent=3625"}],"curies":[{"name":"wp","href":"https:\/\/api.w.org\/{rel}","templated":true}]}}