{"id":3632,"date":"2026-03-19T16:36:47","date_gmt":"2026-03-19T15:36:47","guid":{"rendered":"https:\/\/www-preprod.cnrs-imn.fr\/innovative-materials-for-optics-photovoltaics-and-storage\/materials-for-optics\/"},"modified":"2026-04-01T12:11:03","modified_gmt":"2026-04-01T10:11:03","slug":"materials-for-optics","status":"publish","type":"page","link":"https:\/\/www.cnrs-imn.fr\/en\/innovative-materials-for-optics-photovoltaics-and-storage\/materials-for-optics\/","title":{"rendered":"Materials for optics"},"content":{"rendered":"<div class=\"fusion-fullwidth fullwidth-box fusion-builder-row-1 fusion-flex-container has-pattern-background has-mask-background nonhundred-percent-fullwidth non-hundred-percent-height-scrolling\" style=\"--awb-border-radius-top-left:0px;--awb-border-radius-top-right:0px;--awb-border-radius-bottom-right:0px;--awb-border-radius-bottom-left:0px;--awb-flex-wrap:wrap;\" ><div class=\"fusion-builder-row fusion-row fusion-flex-align-items-flex-start fusion-flex-content-wrap\" style=\"max-width:1248px;margin-left: calc(-4% \/ 2 );margin-right: calc(-4% \/ 2 );\"><div class=\"fusion-layout-column fusion_builder_column fusion-builder-column-0 fusion_builder_column_3_4 3_4 fusion-flex-column equipe-thematique\" style=\"--awb-bg-size:cover;--awb-width-large:75%;--awb-margin-top-large:0px;--awb-spacing-right-large:2.56%;--awb-margin-bottom-large:20px;--awb-spacing-left-large:2.56%;--awb-width-medium:75%;--awb-order-medium:0;--awb-spacing-right-medium:2.56%;--awb-spacing-left-medium:2.56%;--awb-width-small:100%;--awb-order-small:0;--awb-spacing-right-small:1.92%;--awb-spacing-left-small:1.92%;\" data-scroll-devices=\"small-visibility,medium-visibility,large-visibility\"><div class=\"fusion-column-wrapper fusion-column-has-shadow fusion-flex-justify-content-flex-start fusion-content-layout-column\"><div class=\"fusion-text fusion-text-1\"><h3><strong>1 &#8211; <\/strong><strong>Inorganic materials for optical applications<\/strong><\/h3>\n<h3><strong>2 &#8211; <\/strong><strong>Molecular and hybrid materials for optical applications<\/strong><\/h3>\n<p><strong>Specializations :  <\/strong><\/p>\n<ul>\n<li>development of new photochromic and\/or photoluminescent inorganic or organic-inorganic hybrid materials based on polyoxometallates (POMs)<\/li>\n<li>synthesis and characterization of new copper(I) halide compounds to develop original functional luminescent materials<\/li>\n<li>synthesis and characterization of lead halide luminescent materials related to hybrid perovskites<\/li>\n<li>the synthesis of lanthanide-based coordination polymers or MOFs for luminescence thermometry applications<\/li>\n<\/ul>\n<p>The range of technological applications targeted is broad, encompassing new active materials for optical information storage or counterfeit detection, intelligent pigments, optical probes, sensors (gas, water, pressure or temperature), or lighting.<\/p>\n<p><strong> <\/strong><strong>Expertise: <\/strong>synthesis of organic-inorganic hybrid materials, supramolecular assemblies, structural characterizations, photo-physical characterizations (photochromism, photoluminescence), structure-property correlation, coordination chemistry.<\/p>\n<p><strong> <\/strong><strong>Keywords: <\/strong>MOFs, hybrid perovskites, polyoxometallates, copper halides, luminescence, luminescence thermometry, photochromism, detection, structure-property correlation, machine learning.<\/p>\n<p><strong> <\/strong><strong>Collaborations :  <\/strong><\/p>\n<ul>\n<li>Pierre Mialane, Anne Dolbecq, Olivier Oms Institut Lavoisier (ILV), Universit\u00e9 de Versailles Saint-Quentin en Yvelines (France)<\/li>\n<li>Julien Boixel, Rennes Institute of Chemical Sciences, University of Rennes<\/li>\n<li>Lionel Sanguinet, MOLTECH-Anjou, University of Angers<\/li>\n<li>Pierre-Antoine Bouit and Muriel Hissler, Institut des Sciences Chimiques de Rennes, Universit\u00e9 de Rennes<\/li>\n<li>Yohann Cartigny, Laboratory of Separative Sciences and Methods, University of Rouen<\/li>\n<li>Kateryna Fatyeyeva, Polymer, Biopolymers, Surfaces Laboratory, University of Rouen<\/li>\n<li>Tsuyoshi Kawai, Nara Institute of Science and Technology (Japan)<\/li>\n<li>Lu\u00eds Carlos (Aveiro, Portugal)<\/li>\n<li>Anastasios Tasiopoulous (Nicosia, Cyprus)<\/li>\n<li>Joan J. Carvajal (Tarragona, Spain)<\/li>\n<li>Ashlee Howarth (Concordia, Canada)<\/li>\n<li>Mika\u00ebl Kepenekian (University of Rennes)<\/li>\n<li>George Volonakis (University of Rennes)<\/li>\n<li>Jing Wang (Sun Yat-sen University)<\/li>\n<li>Yang Liu (Shandong University)<\/li>\n<li>Pierre-Henri Lanoe (Grenoble University)<\/li>\n<li>Hudson Beyzavi (University of Arkansas, Fayetteville, Arkansas 72701, United States)<\/li>\n<li>Jean-Fran\u00e7ois Halet &amp; Abdou Boucekkine (University of Rennes)<\/li>\n<li>Adel Mesbah (IRCELYON)<\/li>\n<li>Nicolas Mercier (University of Angers)<\/li>\n<li>Franck Camerel (University of Rennes)<\/li>\n<li>Marie Dallon (University of Rennes)<\/li>\n<li>Alba Marcellan (Sorbonne University)<\/li>\n<\/ul>\n<p><strong>IMN staff involved: <\/strong>Romain Gautier, R\u00e9mi Dessapt, Camille Latouche, Sandrine Perruchas, H\u00e9l\u00e8ne Serier-Brault<\/p>\n<p><strong>Current research projects :  <\/strong><\/p>\n<ul>\n<li>ALPS-Water (ANR PRC): Alkali Luminescent Lanthanide-Free Polyoxometalates Salts for Water Detection (ANR-24-CE08-4167)<\/li>\n<li>PHOTOPOD (EUR LUMOMAT): Photo-Activatable Luminescent Polyoxometalate-Diarylethene Supramolecular Assemblies<\/li>\n<li>EUR LUMOMAT: Congruent Melting Halide Perovskites for Ligthing Applications<\/li>\n<li>STIMELASTO (ANR PRC): Stimuli-responsive elastomers based on photoactive cross-linkers<\/li>\n<\/ul>\n<p><strong>Major publications:  <\/strong><\/p>\n<ul>\n<li><em>Engineering of Mixed Eu3+\/Tb3+ Metal-Organic Frameworks Luminescent Thermometers with Tunable Sensitivity. Virgile Trannoy, Albano Carneiro N. Neto, Carlos D S. Brites, Luis D. Carlos and H\u00e9l\u00e8ne Serier-Brault.Advanced Optical Materials 2021, 9, 2001938<\/em><\/li>\n<li><em>Na7[SbW6O24]: a new type of turn-off luminescence humidity sensor based on a lanthanide-free polyoxometalate. A. Bagghi, P. Deniard, Y. Cartigny, and R. Dessapt J. Mater. Chem. C 2024, 12, 1474-1484   <\/em><\/li>\n<li><em>Exciton Self-Trapping in Hybrid Lead Halides: Role of Halogen, R Gautier, M Paris, F Massuyeau, JACS, 2019, 141 (32), 12619-12623<\/em><\/li>\n<li><em>Rational Design of Single-component White-Light Emissive Molecular Copper Clusters.A. Rocheteau, L. Lemeur, M. Cordier, M. Paris, J.-Y. Mevellec, C. Latouche, H. Serier-Brault, S. Perruchas. Adv. Opt. Mater. 2025, 13, 2402040.<\/em><\/li>\n<\/ul>\n<\/div><\/div><\/div><div class=\"fusion-layout-column fusion_builder_column fusion-builder-column-1 awb-sticky awb-sticky-small awb-sticky-medium awb-sticky-large fusion_builder_column_1_4 1_4 fusion-flex-column\" style=\"--awb-bg-size:cover;--awb-width-large:25%;--awb-margin-top-large:0px;--awb-spacing-right-large:7.68%;--awb-margin-bottom-large:20px;--awb-spacing-left-large:7.68%;--awb-width-medium:25%;--awb-order-medium:0;--awb-spacing-right-medium:7.68%;--awb-spacing-left-medium:7.68%;--awb-width-small:100%;--awb-order-small:0;--awb-spacing-right-small:1.92%;--awb-spacing-left-small:1.92%;--awb-sticky-offset:120px;\" data-scroll-devices=\"small-visibility,medium-visibility,large-visibility\"><div class=\"fusion-column-wrapper fusion-column-has-shadow fusion-flex-justify-content-flex-start fusion-content-layout-column\"><div class=\"fusion-text fusion-text-2\"><p><strong>Sub-themes<\/strong><\/p>\n<\/div><div class=\"awb-toc-el awb-toc-el--1\" data-awb-toc-id=\"1\" data-awb-toc-options=\"{&quot;allowed_heading_tags&quot;:{&quot;h3&quot;:0},&quot;ignore_headings&quot;:&quot;&quot;,&quot;ignore_headings_words&quot;:&quot;&quot;,&quot;enable_cache&quot;:&quot;yes&quot;,&quot;highlight_current_heading&quot;:&quot;yes&quot;,&quot;hide_hidden_titles&quot;:&quot;yes&quot;,&quot;limit_container&quot;:&quot;all&quot;,&quot;select_custom_headings&quot;:&quot;&quot;,&quot;icon&quot;:&quot;fa-flag fas&quot;,&quot;counter_type&quot;:&quot;none&quot;}\" style=\"--awb-item-padding-top:5px;--awb-item-padding-right:5px;--awb-item-padding-bottom:5px;--awb-item-padding-left:5px;--awb-item-font-family:&quot;Libre Franklin&quot;;--awb-item-font-style:normal;--awb-item-font-weight:400;\"><div class=\"awb-toc-el__content\"><ul class=\"awb-toc-el__list awb-toc-el__list--0\"><li class=\"awb-toc-el__list-item\"><a class=\"awb-toc-el__item-anchor\" href=\"#toc_1_Inorganic_materials_for_optical_applications\"><span>1 \u2013 <\/span><span>Inorganic materials for optical applications<\/span><\/a><\/li><li class=\"awb-toc-el__list-item\"><a class=\"awb-toc-el__item-anchor\" href=\"#toc_2_Molecular_and_hybrid_materials_for_optical_applications\"><span>2 \u2013 <\/span><span>Molecular and hybrid materials for optical applications<\/span><\/a><\/li><\/ul><\/div><\/div><\/div><\/div><\/div><\/div>\n","protected":false},"excerpt":{"rendered":"","protected":false},"author":3,"featured_media":0,"parent":3527,"menu_order":0,"comment_status":"closed","ping_status":"closed","template":"100-width.php","meta":{"footnotes":""},"class_list":["post-3632","page","type-page","status-publish","hentry"],"_links":{"self":[{"href":"https:\/\/www.cnrs-imn.fr\/en\/wp-json\/wp\/v2\/pages\/3632","targetHints":{"allow":["GET"]}}],"collection":[{"href":"https:\/\/www.cnrs-imn.fr\/en\/wp-json\/wp\/v2\/pages"}],"about":[{"href":"https:\/\/www.cnrs-imn.fr\/en\/wp-json\/wp\/v2\/types\/page"}],"author":[{"embeddable":true,"href":"https:\/\/www.cnrs-imn.fr\/en\/wp-json\/wp\/v2\/users\/3"}],"replies":[{"embeddable":true,"href":"https:\/\/www.cnrs-imn.fr\/en\/wp-json\/wp\/v2\/comments?post=3632"}],"version-history":[{"count":1,"href":"https:\/\/www.cnrs-imn.fr\/en\/wp-json\/wp\/v2\/pages\/3632\/revisions"}],"predecessor-version":[{"id":3635,"href":"https:\/\/www.cnrs-imn.fr\/en\/wp-json\/wp\/v2\/pages\/3632\/revisions\/3635"}],"up":[{"embeddable":true,"href":"https:\/\/www.cnrs-imn.fr\/en\/wp-json\/wp\/v2\/pages\/3527"}],"wp:attachment":[{"href":"https:\/\/www.cnrs-imn.fr\/en\/wp-json\/wp\/v2\/media?parent=3632"}],"curies":[{"name":"wp","href":"https:\/\/api.w.org\/{rel}","templated":true}]}}