{"id":3651,"date":"2026-03-19T12:03:56","date_gmt":"2026-03-19T11:03:56","guid":{"rendered":"https:\/\/www-preprod.cnrs-imn.fr\/pac-hydrogen-fuel-cells-and-high-temperature-electrolysers\/"},"modified":"2026-04-01T12:11:17","modified_gmt":"2026-04-01T10:11:17","slug":"pac-hydrogen-fuel-cells-and-high-temperature-electrolysers","status":"publish","type":"page","link":"https:\/\/www.cnrs-imn.fr\/en\/electrochemical-energy-storage-and-conversion\/pac-hydrogen-fuel-cells-and-high-temperature-electrolysers\/","title":{"rendered":"PAC &#8211; Hydrogen, Fuel Cells and High Temperature Electrolysers"},"content":{"rendered":"<div class=\"fusion-fullwidth fullwidth-box fusion-builder-row-1 fusion-flex-container has-pattern-background has-mask-background nonhundred-percent-fullwidth non-hundred-percent-height-scrolling\" style=\"--awb-border-radius-top-left:0px;--awb-border-radius-top-right:0px;--awb-border-radius-bottom-right:0px;--awb-border-radius-bottom-left:0px;--awb-flex-wrap:wrap;\" ><div class=\"fusion-builder-row fusion-row fusion-flex-align-items-flex-start fusion-flex-content-wrap\" style=\"max-width:1248px;margin-left: calc(-4% \/ 2 );margin-right: calc(-4% \/ 2 );\"><div class=\"fusion-layout-column fusion_builder_column fusion-builder-column-0 fusion_builder_column_3_4 3_4 fusion-flex-column equipe-thematique\" style=\"--awb-bg-size:cover;--awb-width-large:75%;--awb-margin-top-large:0px;--awb-spacing-right-large:2.56%;--awb-margin-bottom-large:20px;--awb-spacing-left-large:2.56%;--awb-width-medium:75%;--awb-order-medium:0;--awb-spacing-right-medium:2.56%;--awb-spacing-left-medium:2.56%;--awb-width-small:100%;--awb-order-small:0;--awb-spacing-right-small:1.92%;--awb-spacing-left-small:1.92%;\" data-scroll-devices=\"small-visibility,medium-visibility,large-visibility\"><div class=\"fusion-column-wrapper fusion-column-has-shadow fusion-flex-justify-content-flex-start fusion-content-layout-column\"><div class=\"fusion-text fusion-text-1\"><h3><strong>1 &#8211; <\/strong><strong>Advanced materials for solid oxide cells<\/strong><\/h3>\n<p><img decoding=\"async\" class=\"alignnone wp-image-2842 size-full\" src=\"https:\/\/www.cnrs-imn.fr\/wp-content\/uploads\/2026\/03\/PAC1.png\" alt=\"\" width=\"480\" height=\"187\" srcset=\"https:\/\/www.cnrs-imn.fr\/wp-content\/uploads\/2026\/03\/PAC1-200x78.png 200w, https:\/\/www.cnrs-imn.fr\/wp-content\/uploads\/2026\/03\/PAC1-300x117.png 300w, https:\/\/www.cnrs-imn.fr\/wp-content\/uploads\/2026\/03\/PAC1-400x156.png 400w, https:\/\/www.cnrs-imn.fr\/wp-content\/uploads\/2026\/03\/PAC1.png 480w\" sizes=\"(max-width: 480px) 100vw, 480px\" \/><\/p>\n<p><em>Figure 1. SEM images of (Pr0.5Ba0.5)0.95Mn0.95Ni0.05O3-\u03b4, before and after reduction <\/em><\/p>\n<p><img decoding=\"async\" class=\"alignnone wp-image-2843 size-full\" src=\"https:\/\/www.cnrs-imn.fr\/wp-content\/uploads\/2026\/03\/PAC2.jpg\" alt=\"\" width=\"480\" height=\"183\" srcset=\"https:\/\/www.cnrs-imn.fr\/wp-content\/uploads\/2026\/03\/PAC2-200x76.jpg 200w, https:\/\/www.cnrs-imn.fr\/wp-content\/uploads\/2026\/03\/PAC2-300x114.jpg 300w, https:\/\/www.cnrs-imn.fr\/wp-content\/uploads\/2026\/03\/PAC2-400x153.jpg 400w, https:\/\/www.cnrs-imn.fr\/wp-content\/uploads\/2026\/03\/PAC2.jpg 480w\" sizes=\"(max-width: 480px) 100vw, 480px\" \/><\/p>\n<p><em>Figure 2. (Pr0.5Ba0.5)0.95Mn0.95Ni0.05O3-\u03b4: (a) HRTEM highlighting two nanoparticles on the oxide support, (b) bright-\ufb01eld image, and (c-g) STEM-EDS <\/em><em>elemental mapping images.<\/em><\/p>\n<p>Improving efficiency and cell performance requires exploring new materials for electrodes and electrolytes and studying their transport properties (e-, O2-, H+). This research area is organized into three parts: <\/p>\n<ul>\n<li>For the air electrode, we are studying new materials such as spinel type oxides.<\/li>\n<li>For the fuel electrode, we are studying the exsolution of metal nanoparticles from sub-stoichiometric perovskite or fluorite type materials.<\/li>\n<li>For electrolyte, we are characterizing finely proton ceramic conducting oxides and exploring materials with novel crystal structures. More generally, we are studying the links between structure and electrochemical properties. <\/li>\n<\/ul>\n<p>Aware of the challenges to be faced in developing an environmentally friendly hydrogen sector, our aim is also to reduce the amount of critical or strategic elements entering the composition of the electrolyte or electrodes advanced materials.<\/p>\n<p><strong>Expertises:<\/strong> Material Characterization, X-ray and neutron Diffraction and structural refinement, Solid State Electrochemistry, Impedance Spectroscopy<\/p>\n<p><strong>Keywords:<\/strong> Powder synthesis, materials manufacturing, Cold sintering, metal exsolution, perovskite, solid oxide fuel cell, Electrochemical impedance Spectroscopy<\/p>\n<p><strong>Collaborations :<\/strong><\/p>\n<ul>\n<li><strong>International:<\/strong> Julian Dailly (EIFER), R\u00e9mi Costa (DLR)&#8230;<\/li>\n<li><strong>France:<\/strong> Pr Anne-C\u00e9cile Roger, and Dr Spiros Zafeiratos, Institut de Chimie des proc\u00e9d\u00e9s pour l&#8217;Energie, l&#8217;Environnement et la Sant\u00e9 (ICPEES), Strasbourg, Pr Mona Bahout, Institut des Sciences Chimiques, Rennes<\/li>\n<\/ul>\n<p><strong>IMN Personnel Involved:<\/strong> Cl\u00e9ment Nicollet, Eric Quarez, Olivier Joubert, Annie Le Gal La Salle<\/p>\n<p><strong>Key Publications:<\/strong><\/p>\n<ul>\n<li><em>Dingkai Chen, Jinming Zhang, Mathias Barreau, Sylwia Turczyniak-Surdacka, Olivier Joubert, Annie Le Gal La Salle and Spyridon Zafeiratos, Ni-doped CeO2 nanoparticles to promote and restore the performance of Ni\/YSZ cathodes for CO2 electroreduction, Appl. Surf. Sci. 611, 2023, 155767<\/em><\/li>\n<li><em>P. Managutti, S. Tymen, X. Liu, O. Hernandez, C. Prestipino, A. Le Gal La Salle, S. Paul, L. Jalowiecki-duhamel, V. Dorcet, A. Billard, P. Briois and M. Bahout, Exsolution of Ni particles from A-site-deficient layered double perovskites for dry reforming of methane and as anode material for a solid oxide fuel cell , ACS Appl. Mater. Interfaces 13, 2021, 35719-35728  <\/em><\/li>\n<\/ul>\n<h3><\/h3>\n<h3><strong>2 &#8211; <\/strong><strong>Influence of oxide surface acidity on O2 reduction<\/strong><\/h3>\n<p><img decoding=\"async\" class=\"alignnone wp-image-2844 size-full\" src=\"https:\/\/www.cnrs-imn.fr\/wp-content\/uploads\/2026\/03\/Oxide.gif\" alt=\"\" width=\"246\" height=\"189\"><\/p>\n<p>Improving the kinetics of O2 reduction on oxide surfaces is critical in many energy and fuel conversion technologies. By changing the morphology of the samples, but also by infiltrating binary oxides from strongly basic (Li2O) to strongly acidic (SiO2) onto the surface of Pr0.1Ce0.9O2-\u03b4 samples, it is possible to vary drastically the reaction kinetics. Our aim is to use these properties to increase cells performance, but also increase their robustness towards pollutants and ageing. In order to be sure of our conclusions, we are also focusing on the accurate determination of the oxygen exchange reaction rates.   <\/p>\n<p><strong>Expertises:<\/strong> Material Characterization, Solid State Electrochemistry, X-ray Diffraction, Impedance Spectroscopy<\/p>\n<p><strong>Keywords:<\/strong> Fuel Cells Oxygen Surface Exchange Kinetics, Electrochemical impedance Spectroscopy, Electrochemical Relaxation<\/p>\n<p><strong>Collaborations:<\/strong> Pr Harry Tuller, Massachusetts Institute of Technology. US, Juergen Fleig <\/p>\n<p><strong>France:<\/strong> Jacinthe Gamon (ICMCB)<\/p>\n<p><strong>IMN Personnel Involved:<\/strong> Cl\u00e9ment Nicollet, Olivier Joubert<\/p>\n<p><strong>Key publications:<\/strong><\/p>\n<ul>\n<li><em>Alexandre Merieau, Matth\u00e4us Siebenhofer, Christin B\u00f6hme, Markus Kubicek, Olivier Joubert, Juergen Fleig and Clement Nicollet. Oxygen surface exchange kinetics of La1-xSrxCoO3-\u03b4 thin-films decorated with binary oxides: links between acidity, strontium doping, and reaction kinetics, J. Mater. Chem. A 12, 2024, 13960-13969   <\/em><\/li>\n<li><em>Clement Nicollet, Cl\u00e9ment Meyssonnier, Simon Guillonneau, Alexandre Merieau and Insaf Abdouli, A New Method to Measure Oxygen Surface Exchange Kinetics On Porous Mixed Conducting Oxides With Simple Determination of Microstructure Parameters, Small Methods 2024, 2400131<\/em><\/li>\n<\/ul>\n<h3><\/h3>\n<h3><strong>3 &#8211; <\/strong><strong>Shaping of ceramics for cell manufacturing<\/strong><\/h3>\n<p><img decoding=\"async\" class=\"alignnone wp-image-2845 size-large\" src=\"https:\/\/www.cnrs-imn.fr\/wp-content\/uploads\/2026\/03\/shaping-1024x201.jpg\" alt=\"\" width=\"1024\" height=\"201\" srcset=\"https:\/\/www.cnrs-imn.fr\/wp-content\/uploads\/2026\/03\/shaping-200x39.jpg 200w, https:\/\/www.cnrs-imn.fr\/wp-content\/uploads\/2026\/03\/shaping-300x59.jpg 300w, https:\/\/www.cnrs-imn.fr\/wp-content\/uploads\/2026\/03\/shaping-400x78.jpg 400w, https:\/\/www.cnrs-imn.fr\/wp-content\/uploads\/2026\/03\/shaping-600x118.jpg 600w, https:\/\/www.cnrs-imn.fr\/wp-content\/uploads\/2026\/03\/shaping-768x151.jpg 768w, https:\/\/www.cnrs-imn.fr\/wp-content\/uploads\/2026\/03\/shaping-800x157.jpg 800w, https:\/\/www.cnrs-imn.fr\/wp-content\/uploads\/2026\/03\/shaping-1024x201.jpg 1024w, https:\/\/www.cnrs-imn.fr\/wp-content\/uploads\/2026\/03\/shaping-1200x235.jpg 1200w, https:\/\/www.cnrs-imn.fr\/wp-content\/uploads\/2026\/03\/shaping.jpg 1265w\" sizes=\"(max-width: 1024px) 100vw, 1024px\" \/><\/p>\n<p><em>SEM images are obtained on non-calcined samples directly sintered at 1400 \u00b0C for 10 h, cross-sectioned, polished, cleaned with ethanol, and with a thermally etched at 1350 \u00b0C for 3 h: a) BaZr <sub>0.4Ce<\/sub> <sub>0.4Y<\/sub> <sub>0.1Yb<\/sub> <sub>0.1O<\/sub> <sub>3-\u03b4<\/sub> reference pellet, b) BaZr <sub>0.4Ce<\/sub> <sub>0.4Y<\/sub> <sub>0.1Yb<\/sub> <sub>0.1O<\/sub> <sub>3-\u03b4<\/sub> + 0.5 wt% ZnO, c) BaZr <sub>0.4Ce<\/sub> <sub>0.4Y<\/sub> <sub>0.05Yb<\/sub> <sub>0.1Zn<\/sub> <sub>0.05O<\/sub><sub>3-\u03b4<\/sub>, d) BaZr <sub>0.4Ce<\/sub> <sub>0.4Y<\/sub> <sub>0.075Yb<\/sub> <sub>0.075Zn<\/sub> <sub>0.05O<\/sub> <sub>3-\u03b4<\/sub>,  <\/em><em>highlighting the impact of doping and sintering strategies on porosity and grain morphology<\/em><\/p>\n<p>Having promising materials is not a sufficient condition to be able to prepare efficient cells. The shaping of these materials to make cells can have significant impacts on the efficiency of systems. Our team focuses on different aspects of shaping materials for cell manufacturing:  <\/p>\n<ul>\n<li>The use of &#8220;Cold Sintering&#8221; or &#8220;sintering aids&#8221; to reduce the high sintering temperatures necessary for electrolyte densification<\/li>\n<li>The use of tape-casting and screen-printing to optimize electrolyte electrodes interfaces<\/li>\n<li>The preparation of porous \/ dense \/ porous architectures built first by tape-casting the support, then adding different thin and dense or porous layers mainly using screen-printing or PVD.<\/li>\n<li>The implementation of cell recycling and the manufacturing of new cells from recycled materials<\/li>\n<\/ul>\n<p><strong>Expertises: <\/strong>Sol-gel synthesis, Self combustion, Solid state Synthesis, X-ray diffraction, microscopy, Cold sintering, screen printing, Electrochemistry<\/p>\n<p><strong>Keywords:<\/strong> Synthesis, ceramic manufacturing, Densification, Sintering aids, Proton-conducting electrolytes, Conductivity, Electrochemical impedance Spectroscopy<\/p>\n<p><strong>Collaborations:<\/strong><\/p>\n<ul>\n<li><strong>International:<\/strong> R\u00e9mi Costa, Group Leader, German Aerospace Center (DLR), Stuttgart, Germany, Julian Dailly, Senior project manager, European Institute for Energy Research, (EIFER) Karlsruhe, Germany<\/li>\n<li><strong>France:<\/strong> Pr Gilles Taillades, Charles Gerhardt Institute, Montpellier<\/li>\n<\/ul>\n<p><strong>IMN Personnel Involved:<\/strong> Olivier Joubert, Annie Le Gal La Salle, Cl\u00e9ment Nicollet, Eric Quarez<\/p>\n<p><strong>Key Publications:<\/strong><\/p>\n<ul>\n<li><em>Lozane Hamze, Annie Le Gal La Salle, Olivier Joubert and Eric Quarez, Impact of sintering procedures on the densification and conductivity of BaZr0.4Ce0.4Y0.1Yb0.1O3-\u03b4 electrolyte for protonic ceramic fuel cells, Int. J. Hydrogen Energy 139, 2025, 316-324 <\/em><\/li>\n<li><em>P. Castellani, E. Quarez, C. Nicollet, O. Joubert, N. Gautier, P. Pers, G. Taillades and A. Le Gal La Salle, Cold-sintering and Li doped ZnO sintering aid for the densification of BaZr0.7Ce0.2Y0.1O3-\u03b4 proton conducting ceramics, Int. J. Hydrogen Energy 54, 2024, 1343-1356 <\/em><\/li>\n<\/ul>\n<h3><\/h3>\n<h3><strong>4 &#8211; <\/strong><strong>Enlargement of operating conditions of fuel cells: electrode poisoning, marinization, alternative fuels: syngas, ammonia, biomass<\/strong><\/h3>\n<p><img decoding=\"async\" class=\"alignnone wp-image-2846 size-large\" src=\"https:\/\/www.cnrs-imn.fr\/wp-content\/uploads\/2026\/03\/Fuel_cells-1024x358.png\" alt=\"\" width=\"1024\" height=\"358\" srcset=\"https:\/\/www.cnrs-imn.fr\/wp-content\/uploads\/2026\/03\/Fuel_cells-200x70.png 200w, https:\/\/www.cnrs-imn.fr\/wp-content\/uploads\/2026\/03\/Fuel_cells-300x105.png 300w, https:\/\/www.cnrs-imn.fr\/wp-content\/uploads\/2026\/03\/Fuel_cells-400x140.png 400w, https:\/\/www.cnrs-imn.fr\/wp-content\/uploads\/2026\/03\/Fuel_cells-600x210.png 600w, https:\/\/www.cnrs-imn.fr\/wp-content\/uploads\/2026\/03\/Fuel_cells-768x269.png 768w, https:\/\/www.cnrs-imn.fr\/wp-content\/uploads\/2026\/03\/Fuel_cells-800x280.png 800w, https:\/\/www.cnrs-imn.fr\/wp-content\/uploads\/2026\/03\/Fuel_cells-1024x358.png 1024w, https:\/\/www.cnrs-imn.fr\/wp-content\/uploads\/2026\/03\/Fuel_cells-1200x420.png 1200w, https:\/\/www.cnrs-imn.fr\/wp-content\/uploads\/2026\/03\/Fuel_cells.png 1386w\" sizes=\"(max-width: 1024px) 100vw, 1024px\" \/><\/p>\n<p><em>Voltage and power density versus current density characteristics of the cell 107.10 recorded at 10 mV s-1 under air on the cathode side and (A) wet (3% H2O) 15% H2-15%CO-10%CO2-50%N2 mixture on the anode side at 850 \u00b0C (A) and 600 \u00b0C (B) containing H2S concentrations of 0 ppm (a), 1 ppm (b), 2 ppm (c), 3 ppm (d), 4 ppm (e) and 5 ppm (f).         <\/em><\/p>\n<p>High-temperature fuel cells with ceramic membrane (SOC: Solid Oxide Cell) with anionic or protonic conduction, although less mature, allow the use of various fuels, and can operate in reversible mode alternating the functions of electrolyser and generator. The aim of the different projects is to develop cells working with various gaseous mixtures, while presenting good tolerance to catalysts poisons commonly encountered in these systems (CO, soot, H2S), and also with ammonia. The influence of pollutants present in air, such as NaCl in marine environments, is another topic developed in the group. The synthesis of green H2 from NH3 decomposition, which is of high interest due to Hydrogen storage concerns, is also studied.   <\/p>\n<p><strong>Expertise:<\/strong> Material Characterization, X-ray Diffraction, Solid State Electrochemistry, Impedance Spectroscopy<\/p>\n<p><strong>Keywords:<\/strong> Solid oxide fuel cell (SOFC), Biomass, Gaseous mixtures, Catalysis, Dry reforming, Wet reforming, lanthanum strontium cobalt ferrite (LSCF), sodium chloride (NaCl), marine environment, long-term degradation, electrochemical impedance spectroscopy (EIS)<\/p>\n<p><strong>Collaborations:<\/strong><\/p>\n<ul>\n<li><strong>International:<\/strong> R\u00e9mi Costa (DLR), Julian Dailly (EIFER)<\/li>\n<li><strong>France:<\/strong> Dr Marie Lamard, CEA Tech, Nantes, Pr Albert Subrenat, GEnie des Proc\u00e9d\u00e9s Environnement &#8211; Agroalimentaire Laboratory, IMT-Atlantique Nantes<\/li>\n<\/ul>\n<p><strong>IMN Personnel Involved:<\/strong> Cl\u00e9ment Nicollet, Olivier Joubert, Annie Le Gal La Salle<\/p>\n<p><strong>Key Publications:<\/strong><\/p>\n<ul>\n<li>F. Ricoul, A. Subrenat, O. Joubert and A. Le Gal La Salle, Electricity production from lignocellulosic biomass by direct coupling of a gasifier and a Nickel\/Yttria-stabilized Zirconia-based solid oxide fuel cell: Influence of the H2S content of the syngas onto performances and ageing, J. Solid St. Electrochem, 22, 2018, 2789-800 <\/li>\n<li>E. Pichot, M. Olivon, A. Perraud, O. Joubert and A. Le Gal La Salle, Electrochemical study of the versatility of a solid cell working both as fuel cell and electrolysis modes, Fuel Cells, 20, 2020, 332-341<\/li>\n<\/ul>\n<h3><\/h3>\n<h3><strong>5 &#8211; <\/strong><strong>Solid oxide cells recycling<\/strong><\/h3>\n<p><img decoding=\"async\" class=\"alignnone wp-image-2847 size-large\" src=\"https:\/\/www.cnrs-imn.fr\/wp-content\/uploads\/2026\/03\/Recycling-1024x263.png\" alt=\"\" width=\"1024\" height=\"263\" srcset=\"https:\/\/www.cnrs-imn.fr\/wp-content\/uploads\/2026\/03\/Recycling-200x51.png 200w, https:\/\/www.cnrs-imn.fr\/wp-content\/uploads\/2026\/03\/Recycling-300x77.png 300w, https:\/\/www.cnrs-imn.fr\/wp-content\/uploads\/2026\/03\/Recycling-400x103.png 400w, https:\/\/www.cnrs-imn.fr\/wp-content\/uploads\/2026\/03\/Recycling-600x154.png 600w, https:\/\/www.cnrs-imn.fr\/wp-content\/uploads\/2026\/03\/Recycling-768x197.png 768w, https:\/\/www.cnrs-imn.fr\/wp-content\/uploads\/2026\/03\/Recycling-800x206.png 800w, https:\/\/www.cnrs-imn.fr\/wp-content\/uploads\/2026\/03\/Recycling-1024x263.png 1024w, https:\/\/www.cnrs-imn.fr\/wp-content\/uploads\/2026\/03\/Recycling-1200x308.png 1200w, https:\/\/www.cnrs-imn.fr\/wp-content\/uploads\/2026\/03\/Recycling.png 1385w\" sizes=\"(max-width: 1024px) 100vw, 1024px\" \/><\/p>\n<p><em>Figure- Schematic representation of a protocol allowing the recovery of constituents of an elementary SOC cell<\/em><\/p>\n<p>Solid oxide cells (SOCs) are composed of two porous electrodes separated by a dense pure ion conducting electrolyte. The fuel electrode is generally a composite made of an oxide ion conductor such as YSZ (Yttria-Stabilized Zirconia), or GDC (Gadolinium-Doped Ceria) and an electron conducting metal such as nickel. On the air side, the electrode is usually a mixed ionic and electronic conductor, such as Strontium-Lanthanum-Cobalt-Iron oxide perovskite type phase. An important issue of the life cycle assessment of SOC cells is the use of critical elements, such as Ni, Co, La , Sr, Ce, Gd, Zr, and Y. If one effective approach to reduce environmental impacts would be to reduce critical materials use, anther one is to recycle them. For a few years, we have therefore undertaken to develop recycling protocols, which we are gradually improving both to improve the purity of recycled materials, but also to reduce the environmental impact of the recycling process.    <\/p>\n<p><strong>Expertises: <\/strong>Analytical chemistry, hydrometallurgy, Characterization methods (X-ray diffraction, SEM, EDS, ICP, Granulometry)<\/p>\n<p>Keywords: SOC recycling, Circular economy, Solid oxide cells, End-of-life product, Recycling, Hydrometallurgy, Selective Leaching, Critical raw materials, Strategical raw materials<\/p>\n<p><strong>Collaborations:<\/strong><\/p>\n<ul>\n<li><strong>International:<\/strong> Pr Anke Weidenkaff, Technical University of Darmstadt, Deutschland; Dr Vesna Middelkoop. VITO (Vlaamse Instelling voor Technologisch Onderzoek), Belgium. <\/li>\n<li><strong>France:<\/strong> Pr Rose-No\u00eblle Vannier, Catalysis and Solid State Chemistry Unit, Universit\u00e9 de Lille, Dr Patrice Tochon, Research and Strategy Director, Genvia.<\/li>\n<\/ul>\n<p><strong>IMN Personnel Involved:<\/strong> Olivier Joubert, Annie Le Gal La Salle<\/p>\n<p><strong>Key Publications:<\/strong><\/p>\n<ul>\n<li><em>Valentin Brard, Olivier Joubert, Annie Le Gal La Salle, Development of multi-step acid\/oxidant-based process for recovery of Solid Oxide cells components, Int. J. Hydrogen energy, accepted <\/em><\/li>\n<li><em>Gudaysew Tsegaye Yenesew, Clement Nicollet, Eric Quarez, Annie Le Gal La Salle and Olivier Joubert, Scalable recycling and characterization of end-of-life solid oxide cell ceramic component materials, Next Sustainability 6, 2025, 100110<\/em><\/li>\n<\/ul>\n<h3><\/h3>\n<\/div><\/div><\/div><div class=\"fusion-layout-column fusion_builder_column fusion-builder-column-1 awb-sticky awb-sticky-small awb-sticky-medium awb-sticky-large fusion_builder_column_1_4 1_4 fusion-flex-column\" style=\"--awb-bg-size:cover;--awb-width-large:25%;--awb-margin-top-large:0px;--awb-spacing-right-large:7.68%;--awb-margin-bottom-large:20px;--awb-spacing-left-large:7.68%;--awb-width-medium:25%;--awb-order-medium:0;--awb-spacing-right-medium:7.68%;--awb-spacing-left-medium:7.68%;--awb-width-small:100%;--awb-order-small:0;--awb-spacing-right-small:1.92%;--awb-spacing-left-small:1.92%;--awb-sticky-offset:120px;\" data-scroll-devices=\"small-visibility,medium-visibility,large-visibility\"><div class=\"fusion-column-wrapper fusion-column-has-shadow fusion-flex-justify-content-flex-start fusion-content-layout-column\"><div class=\"fusion-text fusion-text-2\"><p><strong>Sub-themes<\/strong><\/p>\n<\/div><div class=\"awb-toc-el awb-toc-el--1\" data-awb-toc-id=\"1\" data-awb-toc-options=\"{&quot;allowed_heading_tags&quot;:{&quot;h3&quot;:0},&quot;ignore_headings&quot;:&quot;&quot;,&quot;ignore_headings_words&quot;:&quot;&quot;,&quot;enable_cache&quot;:&quot;yes&quot;,&quot;highlight_current_heading&quot;:&quot;yes&quot;,&quot;hide_hidden_titles&quot;:&quot;yes&quot;,&quot;limit_container&quot;:&quot;all&quot;,&quot;select_custom_headings&quot;:&quot;&quot;,&quot;icon&quot;:&quot;fa-flag fas&quot;,&quot;counter_type&quot;:&quot;none&quot;}\" style=\"--awb-item-padding-top:5px;--awb-item-padding-right:5px;--awb-item-padding-bottom:5px;--awb-item-padding-left:5px;--awb-item-font-family:&quot;Libre Franklin&quot;;--awb-item-font-style:normal;--awb-item-font-weight:400;\"><div class=\"awb-toc-el__content\"><ul class=\"awb-toc-el__list awb-toc-el__list--0\"><li class=\"awb-toc-el__list-item\"><a class=\"awb-toc-el__item-anchor\" href=\"#toc_1_Advanced_materials_for_solid_oxide_cells\"><span>1 \u2013 <\/span><span>Advanced materials for solid oxide cells<\/span><\/a><\/li><li class=\"awb-toc-el__list-item\"><\/li><li class=\"awb-toc-el__list-item\"><a class=\"awb-toc-el__item-anchor\" href=\"#toc_2_Influence_of_oxide_surface_acidity_on_O2\"><span>2 \u2013 <\/span><span>Influence of oxide surface acidity on O2 reduction<\/span><\/a><\/li><li class=\"awb-toc-el__list-item\"><\/li><li class=\"awb-toc-el__list-item\"><a class=\"awb-toc-el__item-anchor\" href=\"#toc_3_Shaping_of_ceramics_for_cell_manufacturing\"><span>3 \u2013 <\/span><span>Shaping of ceramics for cell manufacturing<\/span><\/a><\/li><li class=\"awb-toc-el__list-item\"><\/li><li class=\"awb-toc-el__list-item\"><a class=\"awb-toc-el__item-anchor\" href=\"#toc_4_Enlargement_of_operating_conditions_of_fuel_cells\"><span>4 \u2013 <\/span><span>Enlargement of operating conditions of fuel cells: electrode poisoning, marinization, alternative fuels: syngas, ammonia, biomass<\/span><\/a><\/li><li class=\"awb-toc-el__list-item\"><\/li><li class=\"awb-toc-el__list-item\"><a class=\"awb-toc-el__item-anchor\" href=\"#toc_5_Solid_oxide_cells_recycling\"><span>5 \u2013 <\/span><span>Solid oxide cells recycling<\/span><\/a><\/li><li class=\"awb-toc-el__list-item\"><\/li><\/ul><\/div><\/div><\/div><\/div><\/div><\/div>\n","protected":false},"excerpt":{"rendered":"","protected":false},"author":3,"featured_media":0,"parent":3719,"menu_order":0,"comment_status":"closed","ping_status":"closed","template":"100-width.php","meta":{"footnotes":""},"class_list":["post-3651","page","type-page","status-publish","hentry"],"_links":{"self":[{"href":"https:\/\/www.cnrs-imn.fr\/en\/wp-json\/wp\/v2\/pages\/3651","targetHints":{"allow":["GET"]}}],"collection":[{"href":"https:\/\/www.cnrs-imn.fr\/en\/wp-json\/wp\/v2\/pages"}],"about":[{"href":"https:\/\/www.cnrs-imn.fr\/en\/wp-json\/wp\/v2\/types\/page"}],"author":[{"embeddable":true,"href":"https:\/\/www.cnrs-imn.fr\/en\/wp-json\/wp\/v2\/users\/3"}],"replies":[{"embeddable":true,"href":"https:\/\/www.cnrs-imn.fr\/en\/wp-json\/wp\/v2\/comments?post=3651"}],"version-history":[{"count":1,"href":"https:\/\/www.cnrs-imn.fr\/en\/wp-json\/wp\/v2\/pages\/3651\/revisions"}],"predecessor-version":[{"id":3657,"href":"https:\/\/www.cnrs-imn.fr\/en\/wp-json\/wp\/v2\/pages\/3651\/revisions\/3657"}],"up":[{"embeddable":true,"href":"https:\/\/www.cnrs-imn.fr\/en\/wp-json\/wp\/v2\/pages\/3719"}],"wp:attachment":[{"href":"https:\/\/www.cnrs-imn.fr\/en\/wp-json\/wp\/v2\/media?parent=3651"}],"curies":[{"name":"wp","href":"https:\/\/api.w.org\/{rel}","templated":true}]}}