{"id":3670,"date":"2026-02-19T08:06:43","date_gmt":"2026-02-19T07:06:43","guid":{"rendered":"https:\/\/www-preprod.cnrs-imn.fr\/projects-collaborations\/academic-projects\/anr-rroc\/"},"modified":"2026-04-01T12:11:12","modified_gmt":"2026-04-01T10:11:12","slug":"anr-rroc","status":"publish","type":"page","link":"https:\/\/www.cnrs-imn.fr\/en\/projects-collaborations\/academic-projects\/anr-rroc\/","title":{"rendered":"ANR RROC"},"content":{"rendered":"<div class=\"fusion-fullwidth fullwidth-box fusion-builder-row-1 fusion-flex-container has-pattern-background has-mask-background nonhundred-percent-fullwidth non-hundred-percent-height-scrolling\" style=\"--awb-border-radius-top-left:0px;--awb-border-radius-top-right:0px;--awb-border-radius-bottom-right:0px;--awb-border-radius-bottom-left:0px;--awb-flex-wrap:wrap;\" ><div class=\"fusion-builder-row fusion-row fusion-flex-align-items-flex-start fusion-flex-content-wrap\" style=\"max-width:1248px;margin-left: calc(-4% \/ 2 );margin-right: calc(-4% \/ 2 );\"><div class=\"fusion-layout-column fusion_builder_column fusion-builder-column-0 fusion_builder_column_3_4 3_4 fusion-flex-column\" style=\"--awb-bg-size:cover;--awb-width-large:75%;--awb-margin-top-large:0px;--awb-spacing-right-large:2.56%;--awb-margin-bottom-large:20px;--awb-spacing-left-large:2.56%;--awb-width-medium:75%;--awb-order-medium:0;--awb-spacing-right-medium:2.56%;--awb-spacing-left-medium:2.56%;--awb-width-small:100%;--awb-order-small:0;--awb-spacing-right-small:1.92%;--awb-spacing-left-small:1.92%;\"><div class=\"fusion-column-wrapper fusion-column-has-shadow fusion-flex-justify-content-flex-start fusion-content-layout-column\"><div class=\"fusion-text fusion-text-1 labelboxlight\" style=\"--awb-font-size:12px;--awb-text-font-family:&quot;Libre Franklin&quot;;--awb-text-font-style:normal;--awb-text-font-weight:600;\"><p>ANR project<\/p>\n<\/div><div class=\"fusion-title title fusion-title-1 fusion-sep-none fusion-title-text fusion-title-size-two\" style=\"--awb-margin-top-small:10px;--awb-margin-right-small:0px;--awb-margin-bottom-small:10px;--awb-margin-left-small:0px;\"><h2 class=\"fusion-title-heading title-heading-left\" style=\"margin:0;\">Robust Monolithic Reversible Solid Oxide Cell<\/h2><\/div><div class=\"fusion-separator\" style=\"align-self: flex-start;margin-right:auto;margin-bottom:20px;width:100%;max-width:200px;\"><div class=\"fusion-separator-border sep-single sep-solid\" style=\"--awb-height:20px;--awb-amount:20px;--awb-sep-color:var(--awb-color6);border-color:var(--awb-color6);border-top-width:7px;\"><\/div><\/div><div class=\"fusion-text fusion-text-2\"><p><strong>Dates:<\/strong><br \/>\nOctober 2022 &#8211; September 2026<\/p>\n<p><strong>Project coordinator:<\/strong><br \/>\nSRT Microc\u00e9ramique Vend\u00f4me<\/p>\n<p><strong>Partner laboratories :<\/strong><\/p>\n<ul>\n<li>IMN<\/li>\n<li>Gabriel Lam\u00e9 Mechanics Laboratory (Lam\u00e9 Orl\u00e9ans)<\/li>\n<li>Institute of Condensed Matter Chemistry (ICMCB Bordeaux)<\/li>\n<li>Ceramics Research Institute (IRCER Limoges)<\/li>\n<li>ENGIE<\/li>\n<\/ul>\n<p><strong>IMN staff involved:<\/strong><br \/>\nCl\u00e9ment Nicollet, Annie Le Gal La Salle<\/p>\n<\/div><div class=\"fusion-separator\" style=\"align-self: flex-start;margin-right:auto;margin-bottom:20px;width:100%;max-width:200px;\"><div class=\"fusion-separator-border sep-single sep-solid\" style=\"--awb-height:20px;--awb-amount:20px;--awb-sep-color:var(--awb-color6);border-color:var(--awb-color6);border-top-width:7px;\"><\/div><\/div><div class=\"fusion-text fusion-text-3\"><h4>Robust monolithic solid oxide reversible cell<\/h4>\n<p>High-temperature electrolysis (SOEC) is a high-potential technology that could position itself as a relevant solution for several medium\/long-term markets (2025 &#8211; 2030), mainly: (i) large-scale H2 production thanks to its high energy efficiency when external heat is available, (ii) &#8220;Power-to-X&#8221; by coupling SOEC with chemical reactors to produce several fuels\/liquids such as ammonia, methanol and formic acid, (iii) &#8220;Power-to-Power&#8221; thanks to its ability to operate reversibly between SOEC (electrolysis) and SOFC (fuel cell) modes.   <\/p>\n<p>From an industrial point of view, the main aspects to consider are performance, durability, scalability\/manufacturability and operational flexibility (temperature, feed gas composition, product gas, etc.). In particular, durability is a critical aspect for most SOEC applications that needs to be considered with great care as it has a direct impact on the economic viability of a major part of the emerging commercial solutions incorporating SOEC technology. To address these aspects, this project named RROC aims to develop and optimize a disruptive SOEC technology based on an industrial-scale cell that will integrate innovative architectures and alternative SOEC materials via scalable and competitive processes. These innovative architectures are also aimed at standardized industrial production based on the expertise of the RROC project partners, while achieving performance and durability levels close to the current state of the art and compatible with commercialization for the three main markets of interest mentioned above.   <\/p>\n<p>This innovative SOFC\/SOEC architecture is based on three original approaches:<\/p>\n<p>&#8211; Optimized cell design and material selection based on thermomechanical modeling of systems under operating conditions,<br \/>\nfor improved durability<br \/>\n&#8211; Monolithic design corresponding to higher thermochemical properties, obtained by co-molding strips,<br \/>\nfor improved durability and reduced costs<br \/>\n&#8211; Simple shaping process (co-molding or over-molding strips) for cells to limit the number of production steps and production costs,<br \/>\nfor low-cost production.<\/p>\n<\/div><div class=\"fusion-image-element \" style=\"--awb-margin-top:20px;--awb-caption-title-font-family:var(--h2_typography-font-family);--awb-caption-title-font-weight:var(--h2_typography-font-weight);--awb-caption-title-font-style:var(--h2_typography-font-style);--awb-caption-title-size:var(--h2_typography-font-size);--awb-caption-title-transform:var(--h2_typography-text-transform);--awb-caption-title-line-height:var(--h2_typography-line-height);--awb-caption-title-letter-spacing:var(--h2_typography-letter-spacing);\"><span class=\" fusion-imageframe imageframe-none imageframe-1 hover-type-none\"><img decoding=\"async\" width=\"1024\" height=\"337\" title=\"Rroc\" src=\"https:\/\/www.cnrs-imn.fr\/wp-content\/uploads\/2026\/02\/Rroc-1024x337.png\" alt class=\"img-responsive wp-image-3671\" srcset=\"https:\/\/www.cnrs-imn.fr\/wp-content\/uploads\/2026\/02\/Rroc-200x66.png 200w, https:\/\/www.cnrs-imn.fr\/wp-content\/uploads\/2026\/02\/Rroc-400x132.png 400w, https:\/\/www.cnrs-imn.fr\/wp-content\/uploads\/2026\/02\/Rroc-600x197.png 600w, https:\/\/www.cnrs-imn.fr\/wp-content\/uploads\/2026\/02\/Rroc-800x263.png 800w, https:\/\/www.cnrs-imn.fr\/wp-content\/uploads\/2026\/02\/Rroc.png 1027w\" sizes=\"(max-width: 640px) 100vw, 1024px\" \/><\/span><\/div><\/div><\/div><\/div><\/div>\n","protected":false},"excerpt":{"rendered":"","protected":false},"author":3,"featured_media":0,"parent":3331,"menu_order":0,"comment_status":"closed","ping_status":"closed","template":"100-width.php","meta":{"footnotes":""},"class_list":["post-3670","page","type-page","status-publish","hentry"],"_links":{"self":[{"href":"https:\/\/www.cnrs-imn.fr\/en\/wp-json\/wp\/v2\/pages\/3670","targetHints":{"allow":["GET"]}}],"collection":[{"href":"https:\/\/www.cnrs-imn.fr\/en\/wp-json\/wp\/v2\/pages"}],"about":[{"href":"https:\/\/www.cnrs-imn.fr\/en\/wp-json\/wp\/v2\/types\/page"}],"author":[{"embeddable":true,"href":"https:\/\/www.cnrs-imn.fr\/en\/wp-json\/wp\/v2\/users\/3"}],"replies":[{"embeddable":true,"href":"https:\/\/www.cnrs-imn.fr\/en\/wp-json\/wp\/v2\/comments?post=3670"}],"version-history":[{"count":2,"href":"https:\/\/www.cnrs-imn.fr\/en\/wp-json\/wp\/v2\/pages\/3670\/revisions"}],"predecessor-version":[{"id":3692,"href":"https:\/\/www.cnrs-imn.fr\/en\/wp-json\/wp\/v2\/pages\/3670\/revisions\/3692"}],"up":[{"embeddable":true,"href":"https:\/\/www.cnrs-imn.fr\/en\/wp-json\/wp\/v2\/pages\/3331"}],"wp:attachment":[{"href":"https:\/\/www.cnrs-imn.fr\/en\/wp-json\/wp\/v2\/media?parent=3670"}],"curies":[{"name":"wp","href":"https:\/\/api.w.org\/{rel}","templated":true}]}}