{"id":3676,"date":"2026-03-18T16:28:18","date_gmt":"2026-03-18T15:28:18","guid":{"rendered":"https:\/\/www-preprod.cnrs-imn.fr\/plasmas-and-thin-films\/thin-films\/"},"modified":"2026-04-01T12:11:15","modified_gmt":"2026-04-01T10:11:15","slug":"thin-films","status":"publish","type":"page","link":"https:\/\/www.cnrs-imn.fr\/en\/teams\/plasmas-and-thin-films\/thin-films\/","title":{"rendered":"Thin films"},"content":{"rendered":"<div class=\"fusion-fullwidth fullwidth-box fusion-builder-row-1 fusion-flex-container has-pattern-background has-mask-background nonhundred-percent-fullwidth non-hundred-percent-height-scrolling\" style=\"--awb-border-radius-top-left:0px;--awb-border-radius-top-right:0px;--awb-border-radius-bottom-right:0px;--awb-border-radius-bottom-left:0px;--awb-flex-wrap:wrap;\" ><div class=\"fusion-builder-row fusion-row fusion-flex-align-items-flex-start fusion-flex-content-wrap\" style=\"max-width:1248px;margin-left: calc(-4% \/ 2 );margin-right: calc(-4% \/ 2 );\"><div class=\"fusion-layout-column fusion_builder_column fusion-builder-column-0 fusion_builder_column_3_4 3_4 fusion-flex-column equipe-thematique\" style=\"--awb-bg-size:cover;--awb-width-large:75%;--awb-margin-top-large:0px;--awb-spacing-right-large:2.56%;--awb-margin-bottom-large:20px;--awb-spacing-left-large:2.56%;--awb-width-medium:75%;--awb-order-medium:0;--awb-spacing-right-medium:2.56%;--awb-spacing-left-medium:2.56%;--awb-width-small:100%;--awb-order-small:0;--awb-spacing-right-small:1.92%;--awb-spacing-left-small:1.92%;\" data-scroll-devices=\"small-visibility,medium-visibility,large-visibility\"><div class=\"fusion-column-wrapper fusion-column-has-shadow fusion-flex-justify-content-flex-start fusion-content-layout-column\"><div class=\"fusion-text fusion-text-1\"><h2><img decoding=\"async\" class=\"alignnone wp-image-2760 size-medium\" src=\"https:\/\/www.cnrs-imn.fr\/wp-content\/uploads\/2026\/03\/Chambre-283x300.jpg\" alt=\"\" width=\"283\" height=\"300\" srcset=\"https:\/\/www.cnrs-imn.fr\/wp-content\/uploads\/2026\/03\/Chambre-200x212.jpg 200w, https:\/\/www.cnrs-imn.fr\/wp-content\/uploads\/2026\/03\/Chambre-283x300.jpg 283w, https:\/\/www.cnrs-imn.fr\/wp-content\/uploads\/2026\/03\/Chambre-400x424.jpg 400w, https:\/\/www.cnrs-imn.fr\/wp-content\/uploads\/2026\/03\/Chambre-600x636.jpg 600w, https:\/\/www.cnrs-imn.fr\/wp-content\/uploads\/2026\/03\/Chambre.jpg 647w\" sizes=\"(max-width: 283px) 100vw, 283px\" \/><\/h2>\n<p><em>Interior view of a PVD deposition chamber (author: Coline Chartrain)<\/em><\/p>\n<p><strong>Researchers<\/strong>: J\u00e9r\u00e9my Barb\u00e9 [2021, -&gt;], Marie-Paule Besland, Val\u00e9rie Brien, Antoine Goullet, Agn\u00e8s Granier, Pierre-Yves Jouan, Maryline Le Granvalet, Cl\u00e9ment Maheu [2023, -&gt;], C\u00e9dric Mannequin [2022, -&gt;], Mireille Richard-Plouet, Pierre-Yves Tessier,<\/p>\n<p><strong>Contract researchers<\/strong>: Cl\u00e9ment Maheu [2022], Florian Chabanais [2022-2024], Jo\u00eblle Zgheib [2021-2023], Dimitri Boivin [2024-2027].<\/p>\n<p><strong>Contract engineer <\/strong>: Thomas le Pape [2023-2025].<\/p>\n<p><strong>Doctoral students<\/strong>: Oumar Toure [2023-2026], Tatiana Mbouja Sign\u00e9 [2022-2025], Pierre-Louis Martin [2021-2024], L\u00e9o Seigneur [2024-2027], Coline Chartrain [2024-2027].<\/p>\n<p><strong>Doctoral students who have defended<\/strong>: Jo\u00eblle Zgheib (2021), William Ravisy (2021), Michael Rodriguez Fano (2022), Pierre-Louis Martin (2024), Allan Lebreton (2024)<\/p>\n<p>Thin films and coatings with functional properties are produced using plasma-assisted processes [PECVD (Plasma Enhanced Chemical Vapor Deposition) and magnetron sputtering, in continuous, pulsed DC and HiPIMS (High Power Impulse Magnetron Sputtering) modes, or even in multi-pulse mode]. We study the deposition of metallic materials, oxides and nitrides, for their anticorrosion, optical, mechanical, electrochemical, photocatalytic or electronic or ionic transport properties. The aim is to establish a link between the targeted properties, morphological, physico-chemical and structural characteristics of the thin films obtained and the parameters of the deposition process and plasma discharge. The aim is to gain a better understanding of thin-film growth mechanisms and optimize the material for the targeted application.   <\/p>\n<p><strong>Applications: <\/strong>photocatalysis, energy conversion and storage, pollution control, temperature sensors, anti-corrosion coatings, micro- and nanotechnologies such as miniaturized components for memory and neuromorphic applications (coll. PMN) or super-capacitors (coll. ST2E).<\/p>\n<p><strong>Key words<\/strong>: Thin films, PECVD process, magnetron sputtering, HIPIMS, plasma diagnostics, metals, nitrides and oxides.<\/p>\n<p><strong>Expertise<\/strong>: Characterization of plasma discharges, design of HiPIMS deposition and feeding reactors, solution chemistry, characterization by XPS and vibrational spectroscopies, spectroscopic ellipsometry, morphological, chemical and structural characterization of thin films (XRD, TEM, SEM, spectroscopies), optimization of thin films for specific properties, correlation of microstructures with specific physical properties.<\/p>\n<p><strong>Current research projects:<\/strong> ANR JCJC PERFORM, PEPR DIADEM &#8211; PC &#8211; ASTERIX, Projet MITI DauMiNEau (GEPEA), ANR PRC NACELL, ANR PRC BiBOP, MSCA OMATSOLFUEL<\/p>\n<p><strong>Recent projects: <\/strong>CHIPS project (CEA-IMN)<strong>, <\/strong>ANR PRCI PATIO<strong>, <\/strong>ANR PRCE Nanoplast<\/p>\n<h3><\/h3>\n<h3><\/h3>\n<h3><strong>1 &#8211; <\/strong><strong>Deposition of metals, nitrides and composites by DC reactive sputtering and HiPIMS<\/strong><\/h3>\n<p><img decoding=\"async\" class=\"alignnone wp-image-2761 size-full\" src=\"https:\/\/www.cnrs-imn.fr\/wp-content\/uploads\/2026\/03\/Plasma.png\" alt=\"\" width=\"300\" height=\"197\" srcset=\"https:\/\/www.cnrs-imn.fr\/wp-content\/uploads\/2026\/03\/Plasma-200x131.png 200w, https:\/\/www.cnrs-imn.fr\/wp-content\/uploads\/2026\/03\/Plasma.png 300w\" sizes=\"(max-width: 300px) 100vw, 300px\" \/><\/p>\n<p><em>Visualization of Ar\/Ti plasma in DC regime (top) or HiPIMS regime (bottom)<\/em><\/p>\n<p><strong>Researchers<\/strong>: J\u00e9r\u00e9my Barb\u00e9 [2021, -&gt;], Marie-Paule Besland, Val\u00e9rie Brien, Pierre-Yves Jouan, Antoine Goullet, Cl\u00e9ment Maheu [2023, -&gt;], Mireille Richard-Plouet, Rim Ettouri [2023, -&gt;], Ahmed Rhallabi.<\/p>\n<p><strong>Post-Doctorate : <\/strong>Dimitri Boivin [2024-2027] [in French only<\/p>\n<p><strong>Doctoral students who have defended:<\/strong> Jo\u00eblle Zgheib (2021)<\/p>\n<p>Reactive sputtering produces films with targeted properties. Optimization is driven by the use of plasma diagnostics and thin-film characterization techniques to understand process\/structure\/properties relationships and provide feedback to the process.<br \/>\nDeposition, carried out in vacuum and without intentional heating in continuous (DC), high-power pulsed HiPIMS (High Power Impulse Magnetron Sputtering) or even multi-pulse modes, offers great flexibility for the production of films and\/or bonding layers of metallic, oxide, nitride or oxy-nitride nature, with stoichiometry control by adjusting deposition parameters.<br \/>\nDepending on the target composition, these layers have applications in the energy field (PV as collector layers for photo-generated carriers, energy storage as electrodes for microsupercapacitors or microbatteries), temperature sensors, anti-corrosion coatings, or layers to reinforce mechanical properties. The contribution of AI to the optimization of deposition conditions is addressed in collaboration with the CEA.<br \/>\nSome of the materials currently being studied are (non-exhaustive list): VN, TiN, NiSi, NiOx, NiNx, ZnO, Cr.  <\/p>\n<p><strong>Key words:<\/strong> Thin films, DC magnetron reactive sputtering, RF and HiPIMS, Transition metal coatings, Photovoltaics, supercapacitors, batteries, Anti-corrosion coatings, mechanical properties.<\/p>\n<p><strong>Expertise:<\/strong> Control of plasma parameters to optimize films with targeted properties, plasma diagnostics, microstructural characterization of films and surfaces (XRD, SEM, XPS, ellipsometry, optical and electrical properties).<\/p>\n<p><strong>Collaborations:<\/strong> CEA, GREMI (Tour), LTeN, CEISAM, GEM &amp; GePEA (Nantes), MOLTECH-Anjou (Angers), ISCR (Rennes), IEMN (Lille), IETR, UM6P (Morocco)<\/p>\n<p><strong>Current research projects:<\/strong> PEPR Diadem ASTERIX<\/p>\n<p><strong>Recent projects :<\/strong> CHIPS project (CEA-IMN) Joint thesis with UM6P (Morocco) on gas sensors<\/p>\n<p><strong>Major publications :<\/strong> <em>J. Zgheib, L. Berthelot, J. Tranchant, N. Ginot, M.-P. Besland, et al, Journal of Vacuum Science &amp; Technology A, 2023, 41 (6), pp.063003.<\/em><\/p>\n<h3><\/h3>\n<h3><strong>2<\/strong><strong> <\/strong><strong>&#8211; <\/strong><strong>Transition metal oxides and oxy-nitrides by reactive co-sputtering for electrochemical energy storage<\/strong><\/h3>\n<p><img decoding=\"async\" class=\"alignnone wp-image-2762 size-medium\" src=\"https:\/\/www.cnrs-imn.fr\/wp-content\/uploads\/2026\/03\/Oxydes-300x171.png\" alt=\"\" width=\"300\" height=\"171\" srcset=\"https:\/\/www.cnrs-imn.fr\/wp-content\/uploads\/2026\/03\/Oxydes-200x114.png 200w, https:\/\/www.cnrs-imn.fr\/wp-content\/uploads\/2026\/03\/Oxydes-300x171.png 300w, https:\/\/www.cnrs-imn.fr\/wp-content\/uploads\/2026\/03\/Oxydes-400x228.png 400w, https:\/\/www.cnrs-imn.fr\/wp-content\/uploads\/2026\/03\/Oxydes-600x342.png 600w, https:\/\/www.cnrs-imn.fr\/wp-content\/uploads\/2026\/03\/Oxydes-768x437.png 768w, https:\/\/www.cnrs-imn.fr\/wp-content\/uploads\/2026\/03\/Oxydes-800x455.png 800w, https:\/\/www.cnrs-imn.fr\/wp-content\/uploads\/2026\/03\/Oxydes.png 866w\" sizes=\"(max-width: 300px) 100vw, 300px\" \/><\/p>\n<p><em>This activity aims to develop functional thin films for micro-supercapacitors or micro-batteries in the field of the Internet of Things, medical implants and miniaturized devices. DC, RF or HiPIMS sputtering is used to design materials with well-controlled chemical and morphological properties for electrochemical storage. <\/em><\/p>\n<p><strong>Researchers<\/strong>: J\u00e9r\u00e9my Barb\u00e9 [2021, -&gt;], Marie-Paule Besland, Pierre-Yves Jouan, Mireille Richard-Plouet.<\/p>\n<p><strong>Collaboration ST2E team<\/strong>: Thierry Brousse<\/p>\n<p><strong>Doctoral students <\/strong>: Oumar Toure [2023-2026], L\u00e9o Seigneur [2024-2027]<\/p>\n<p><strong>Doctoral students who have defended:<\/strong> Allan Lebreton (2024)<\/p>\n<p>The first class of materials studied concerns transition metal nitrides (VN, TiN) as electrodes for supercapacitors. The microstructural (porosity, tortuosity, roughness) and physicochemical properties of these materials are optimized by varying plasma parameters (working pressure, electrical parameters, substrate polarization). The structure-functional property relationships of these materials are highlighted by studying their electrochemical properties.  <\/p>\n<p>The second class of materials concerns ion-conducting oxides such as perovskites (La0<sub>.66TiO3<\/sub><sub>, <\/sub>La0<sub>.<\/sub><sub>33NbO3<\/sub>), Wadsley-Roth (<sub>TiNb2O7<\/sub>) or other structures containing facilitated diffusion paths for lithium or sodium. These materials, used as negative electrodes for micro-power batteries, are obtained by reactive co-sputtering of several targets, followed by annealing in a controlled atmosphere. The aim is to gain a better understanding of how lithium is stored in these crystalline structures. In particular, plasma deposition enables us to control compositions and morphologies.   <\/p>\n<p><strong>Keywords: <\/strong>Microbatteries and supercapacitors, sputtering, HiPIMS,<\/p>\n<p><strong>Expertise<\/strong>: SEM, XRD, XPS, cyclic voltammetry<\/p>\n<p><strong>Collaborations<\/strong>: IEMN (Lille)<\/p>\n<p><strong>Current research projects: <\/strong>ANR JCJC PERFORM<\/p>\n<p><strong>Major publications<\/strong>:<br \/>\n<a href=\"https:\/\/pubs.aip.org\/avs\/jva\/article\/42\/2\/023405\/3000691\" target=\"_blank\" rel=\"noopener\"><em>Control of microstructure and composition of reactively sputtered vanadium nitride thin films based on hysteresis curves and application to microsupercapacitors<\/em><\/a><\/p>\n<p><em><a href=\"https:\/\/iopscience.iop.org\/article\/10.1149\/1945-7111\/ad75be\/meta\" target=\"_blank\" rel=\"noopener\">Tuning Deposition Conditions for VN Thin Films Electrodes for Microsupercapacitors: Influence of the Thickness<\/a><\/em><\/p>\n<p><em><a href=\"https:\/\/iopscience.iop.org\/article\/10.1149\/1945-7111\/adc954\/meta\" target=\"_blank\" rel=\"noopener\">Tuning Deposition Conditions for VN Thin Films Electrodes for Microsupercapacitors: Influence of the Substrate Bias Voltage<\/a><\/em><\/p>\n<h3><strong>3 &#8211;<\/strong> <strong>TiO2 and TiO2 derivatives thin films by PECVD and reactive sputtering<\/strong><\/h3>\n<p><img decoding=\"async\" class=\"alignnone wp-image-2763 size-medium\" src=\"https:\/\/www.cnrs-imn.fr\/wp-content\/uploads\/2026\/03\/Film_TiO2-300x300.jpg\" alt=\"\" width=\"300\" height=\"300\" srcset=\"https:\/\/www.cnrs-imn.fr\/wp-content\/uploads\/2026\/03\/Film_TiO2-66x66.jpg 66w, https:\/\/www.cnrs-imn.fr\/wp-content\/uploads\/2026\/03\/Film_TiO2-150x150.jpg 150w, https:\/\/www.cnrs-imn.fr\/wp-content\/uploads\/2026\/03\/Film_TiO2-200x200.jpg 200w, https:\/\/www.cnrs-imn.fr\/wp-content\/uploads\/2026\/03\/Film_TiO2-300x300.jpg 300w, https:\/\/www.cnrs-imn.fr\/wp-content\/uploads\/2026\/03\/Film_TiO2-400x400.jpg 400w, https:\/\/www.cnrs-imn.fr\/wp-content\/uploads\/2026\/03\/Film_TiO2-600x600.jpg 600w, https:\/\/www.cnrs-imn.fr\/wp-content\/uploads\/2026\/03\/Film_TiO2-768x768.jpg 768w, https:\/\/www.cnrs-imn.fr\/wp-content\/uploads\/2026\/03\/Film_TiO2-800x800.jpg 800w, https:\/\/www.cnrs-imn.fr\/wp-content\/uploads\/2026\/03\/Film_TiO2.jpg 938w\" sizes=\"(max-width: 300px) 100vw, 300px\" \/><\/p>\n<p><em>Transverse view of anatase TiO2 film by transmission electron microscopy<\/em><\/p>\n<p><strong>Researchers<\/strong> <em>: Marie-Paule <\/em>Besland, Antoine Goullet, Agn\u00e8s Granier, Maryline Le Granvalet, Cl\u00e9ment Maheu [2023, -&gt;], Mireille Richard-Plouet<\/p>\n<p><strong>Post-doctoral researcher<\/strong>: Florian Chabanais [2023-2024]<\/p>\n<p><strong>Doctoral students who have defended<\/strong>: William Ravisy (2021)<\/p>\n<p>Our expertise in the PECVD process (low-pressure, inductively coupled RF plasma) for depositing thin films from organometallic precursors enabled us to optimize the process to synthesize photo-catalytic TiO2 thin films on polymers at low temperatures by applying RF power in pulsed mode. High-resolution transmission electron microscopy (TEM) analysis revealed a thin film with columnar morphology, fully crystallized in anatase form in continuous mode (T=130\u00b0C) and crystallized only at the film surface in pulsed mode (T &lt; 80\u00b0C). <\/p>\n<p>Recently, the possibility of bandgap engineering by modifying the TiO2 lattice through the incorporation of alliovalent ions such as tungsten or nitrogen has been tested, either by adding an organometallic W precursor in a PECVD process, or by sputtering a metal target and adjusting the Ar\/O2\/N2 reactive gases. The aim is twofold: (1) to optimize photon collection and charge separation of photo-generated carriers to enhance the photocatalytic performance of anatase thin films, which absorb only in the UV; (2) to adjust the position of the valence band and conduction band according to the photocatalytic reactions targeted. This is particularly the case in the European OMATSOLFUEL project, which focuses on new photo-oxidation reactions. It is therefore relevant to engineer the band gap of TiO2 by adding nitrogen. The resulting TiO2 and TiOxNy thin films and their interfaces with co-catalysts are characterized by XPS measurements.    <\/p>\n<p><strong>Keywords: <\/strong>Low-temperature PECVD process, organometallic precursors, photo-catalytic thin films, plasma-surface interactions<\/p>\n<p><strong>Expertise<\/strong>: PECVD, XPS surface analysis, MET, Ellipsometry<\/p>\n<p><strong>Collaborations<\/strong>: LIST (Luxembourg), IRCELYON, GEPEA<\/p>\n<p><strong>Current research projects: <\/strong>ANR PRC NACELL, MITI DauMiNEau Project<strong>, <\/strong>MSCA OMATSOLFUEL<\/p>\n<p><strong>Recent research projects : <\/strong>ANR PRCI PATIO<\/p>\n<p><strong>Major publications on the subject<\/strong>:<\/p>\n<p><em><a href=\"https:\/\/doi.org\/10.1016\/j.apsusc.2018.09.230\" target=\"_blank\" rel=\"noopener\">Photocatalytic anatase <sub>TiO2<\/sub> deposition by pulsed plasma PECVD<\/a> <\/em><br \/>\n<em><a href=\"https:\/\/doi.org\/10.1016\/j.apsusc.2019.06.045\" target=\"_blank\" rel=\"noopener\">Photocatalytic anatase <sub>TiO2<\/sub> PECVD deposition on polymers<\/a><\/em><br \/>\n<a href=\"https:\/\/doi.org\/10.1002\/ppap.200931804\" target=\"_blank\" rel=\"noopener\"><em>Effect of ion bombardment on the structure and optical properties of PECVD-deposited <sub>TiO2<\/sub> thin films<\/em><\/a><\/p>\n<h3><strong>4<\/strong><strong> <\/strong><strong>&#8211; <\/strong><strong>Mott materials with resistive transition<\/strong><\/h3>\n<p><img decoding=\"async\" class=\"alignnone wp-image-2764 size-medium\" src=\"https:\/\/www.cnrs-imn.fr\/wp-content\/uploads\/2026\/03\/Mott-300x142.jpg\" alt=\"\" width=\"300\" height=\"142\" srcset=\"https:\/\/www.cnrs-imn.fr\/wp-content\/uploads\/2026\/03\/Mott-200x95.jpg 200w, https:\/\/www.cnrs-imn.fr\/wp-content\/uploads\/2026\/03\/Mott-300x142.jpg 300w, https:\/\/www.cnrs-imn.fr\/wp-content\/uploads\/2026\/03\/Mott.jpg 336w\" sizes=\"(max-width: 300px) 100vw, 300px\" \/><\/p>\n<p><strong>Researchers<\/strong>: Marie-Paule Besland, Pierre-Yves Jouan, C\u00e9dric Mannequin [2022&#8211;&gt;], Aur\u00e9lie Girard<\/p>\n<p><strong>Collaboration PMN Team<\/strong>: Laurent Cario, Etienne Janod, Benoit Corraze, Julien Tranchant<\/p>\n<p><strong>Contract engineer<\/strong>: Thomas le Pape [2023-2025].<\/p>\n<p><strong>Doctoral students<\/strong>: Tatiana Mbouja Signed [2022-2025]<\/p>\n<p><strong>Doctoral student who defended<\/strong>: Michael Rodriguez Fano (2022)<\/p>\n<p>Following on from the discovery made at IMN, we are exploiting the possibility of inducing a non-volatile, reversible resistive transition by electrical pulse in a broad class of materials: Mott materials [Patents 2007, 2012]. The resistive switch properties induced by an electrical pulse have been validated on GaV4S8 and V2O3 : Cr (25-500 nm) thin films obtained by MS (Magnetron Sputtering) [Patent 2009]. These materials are now being considered as an emerging technology for memory applications [Adv. Func. Mat., 2015] and neuromics [Adv. Func. Mat., 2017]: Mott-RAM technology.  <\/p>\n<p>In order to master the plasma etching process required to downsize devices, a study has been undertaken to understand the reaction mechanisms of reactive ion etching by fluorinated plasmas of these V2O3 thin films. The aim is to be able to propose optimized and efficient etching conditions. <\/p>\n<p><strong>Keywords<\/strong>: Thin films, magnetron sputtering, controlled atmosphere annealing<\/p>\n<p><strong>Collaborations:<\/strong> SPS sputtering targets (Plateforme PNF2 Toulouse, CIRIMAT)<\/p>\n<p><strong>Current research projects: <\/strong>Mott-IA project<\/p>\n<p><strong>Major publications:<\/strong><\/p>\n<p><em><a href=\"DOI:%2010.1002\/adfm.201500823\" target=\"_blank\" rel=\"noopener\">Review of IMN work on Mott materials  <\/a>      <\/em><\/p>\n<p><em><a href=\"DOI:%2010.1002\/adfm.201604740\" target=\"_blank\" rel=\"noopener\">Mott materials for neuromorphism  <\/a>   <\/em><\/p>\n<p><a href=\"https:\/\/www.cnrs-imn.fr\/doi.org\/10.1016\/j.tsf.2015.12.043\" target=\"_blank\" rel=\"noopener\"><em>Properties of thin-film <sub>V2O3<\/sub>:Cr<\/em><\/a><\/p>\n<h3><strong>5 &#8211;<\/strong> <strong>Al-X-N-O layers by magnetron sputtering<\/strong><\/h3>\n<p><strong>Researchers<\/strong>: Val\u00e9rie Brien, Pierre-Yves Jouan, Mireille Richard-Plouet<\/p>\n<p><strong>Doctoral student who defended<\/strong>: Pierre-Louis Martin [2021-2024]<\/p>\n<p>The aim of this activity is to develop and optimize new compounds in the form of thin films with specific antibacterial photocatalytic properties, to combat nosocomial diseases.<\/p>\n<p>Films of Al-X-N-O composition are produced by magnetron sputtering, a deposition technique widely used in industry, which enables the nature, nanostructuring and morphology of the films to be controlled via plasma parameters.<\/p>\n<p>Synthesis and structural, chemical, morphological and surface characterization are carried out at IMN. The antibacterial properties and mechanisms of the films are studied at the Laboratoire de Chimie Physique et Microbiologie pour les Mat\u00e9riaux et l&#8217;Environnement, LCPME (Nancy). Phase stability and electronic structure are evaluated by DFT calculation at the University of Thessalonica (Greece). These simulations provide us with elements for understanding the properties.   <\/p>\n<p><strong>Keywords<\/strong>: Oxy-nitride, nitride, antibacterial, MET<\/p>\n<p><strong>Expertise<\/strong>: Morphological and chemical characterization of thin films, Transmission Electron Microscopy, DRX, Physical-chemical correlations of thin films and macroscopic properties<\/p>\n<p><strong>Collaborations<\/strong>: LCPME (Nancy), IJL (Nancy), Synchrotron Soleil (Saclay), University of Strathclyde (Scotland, UK), EPFL (Switzerland), Synchrotron Diamond (Oxford, UK), University of Thessaloniki (Greece).<\/p>\n<\/div><\/div><\/div><div class=\"fusion-layout-column fusion_builder_column fusion-builder-column-1 awb-sticky awb-sticky-small awb-sticky-medium awb-sticky-large fusion_builder_column_1_4 1_4 fusion-flex-column\" style=\"--awb-bg-size:cover;--awb-width-large:25%;--awb-margin-top-large:0px;--awb-spacing-right-large:7.68%;--awb-margin-bottom-large:20px;--awb-spacing-left-large:7.68%;--awb-width-medium:25%;--awb-order-medium:0;--awb-spacing-right-medium:7.68%;--awb-spacing-left-medium:7.68%;--awb-width-small:100%;--awb-order-small:0;--awb-spacing-right-small:1.92%;--awb-spacing-left-small:1.92%;--awb-sticky-offset:120px;\" data-scroll-devices=\"small-visibility,medium-visibility,large-visibility\"><div class=\"fusion-column-wrapper fusion-column-has-shadow fusion-flex-justify-content-flex-start fusion-content-layout-column\"><div class=\"fusion-text fusion-text-2\"><p><strong>Sub-themes<\/strong><\/p>\n<\/div><div class=\"awb-toc-el awb-toc-el--1\" data-awb-toc-id=\"1\" data-awb-toc-options=\"{&quot;allowed_heading_tags&quot;:{&quot;h3&quot;:0},&quot;ignore_headings&quot;:&quot;&quot;,&quot;ignore_headings_words&quot;:&quot;&quot;,&quot;enable_cache&quot;:&quot;yes&quot;,&quot;highlight_current_heading&quot;:&quot;yes&quot;,&quot;hide_hidden_titles&quot;:&quot;yes&quot;,&quot;limit_container&quot;:&quot;all&quot;,&quot;select_custom_headings&quot;:&quot;&quot;,&quot;icon&quot;:&quot;fa-flag fas&quot;,&quot;counter_type&quot;:&quot;none&quot;}\" style=\"--awb-item-padding-top:5px;--awb-item-padding-right:5px;--awb-item-padding-bottom:5px;--awb-item-padding-left:5px;--awb-item-font-family:&quot;Libre Franklin&quot;;--awb-item-font-style:normal;--awb-item-font-weight:400;\"><div class=\"awb-toc-el__content\"><ul class=\"awb-toc-el__list awb-toc-el__list--0\"><li class=\"awb-toc-el__list-item\"><\/li><li class=\"awb-toc-el__list-item\"><\/li><li class=\"awb-toc-el__list-item\"><a class=\"awb-toc-el__item-anchor\" href=\"#toc_1_Deposition_of_metals_nitrides_and_composites_by\"><span>1 \u2013 <\/span><span>Deposition of metals, nitrides and composites by DC reactive sputtering and HiPIMS<\/span><\/a><\/li><li class=\"awb-toc-el__list-item\"><\/li><li class=\"awb-toc-el__list-item\"><a class=\"awb-toc-el__item-anchor\" href=\"#toc_2_Transition_metal_oxides_and_oxynitrides_by_reactive\"><span>2<\/span><span> <\/span><span>\u2013 <\/span><span>Transition metal oxides and oxy-nitrides by reactive co-sputtering for electrochemical energy storage<\/span><\/a><\/li><li class=\"awb-toc-el__list-item\"><a class=\"awb-toc-el__item-anchor\" href=\"#toc_3_TiO2_and_TiO2_derivatives_thin_films_by\"><span>3 \u2013<\/span> <span>TiO2 and TiO2 derivatives thin films by PECVD and reactive sputtering<\/span><\/a><\/li><li class=\"awb-toc-el__list-item\"><a class=\"awb-toc-el__item-anchor\" href=\"#toc_4_Mott_materials_with_resistive_transition\"><span>4<\/span><span> <\/span><span>\u2013 <\/span><span>Mott materials with resistive transition<\/span><\/a><\/li><li class=\"awb-toc-el__list-item\"><a class=\"awb-toc-el__item-anchor\" href=\"#toc_5_AlXNO_layers_by_magnetron_sputtering\"><span>5 \u2013<\/span> <span>Al-X-N-O layers by magnetron sputtering<\/span><\/a><\/li><\/ul><\/div><\/div><\/div><\/div><\/div><\/div>\n","protected":false},"excerpt":{"rendered":"","protected":false},"author":3,"featured_media":0,"parent":3044,"menu_order":0,"comment_status":"closed","ping_status":"closed","template":"100-width.php","meta":{"footnotes":""},"class_list":["post-3676","page","type-page","status-publish","hentry"],"_links":{"self":[{"href":"https:\/\/www.cnrs-imn.fr\/en\/wp-json\/wp\/v2\/pages\/3676","targetHints":{"allow":["GET"]}}],"collection":[{"href":"https:\/\/www.cnrs-imn.fr\/en\/wp-json\/wp\/v2\/pages"}],"about":[{"href":"https:\/\/www.cnrs-imn.fr\/en\/wp-json\/wp\/v2\/types\/page"}],"author":[{"embeddable":true,"href":"https:\/\/www.cnrs-imn.fr\/en\/wp-json\/wp\/v2\/users\/3"}],"replies":[{"embeddable":true,"href":"https:\/\/www.cnrs-imn.fr\/en\/wp-json\/wp\/v2\/comments?post=3676"}],"version-history":[{"count":1,"href":"https:\/\/www.cnrs-imn.fr\/en\/wp-json\/wp\/v2\/pages\/3676\/revisions"}],"predecessor-version":[{"id":3679,"href":"https:\/\/www.cnrs-imn.fr\/en\/wp-json\/wp\/v2\/pages\/3676\/revisions\/3679"}],"up":[{"embeddable":true,"href":"https:\/\/www.cnrs-imn.fr\/en\/wp-json\/wp\/v2\/pages\/3044"}],"wp:attachment":[{"href":"https:\/\/www.cnrs-imn.fr\/en\/wp-json\/wp\/v2\/media?parent=3676"}],"curies":[{"name":"wp","href":"https:\/\/api.w.org\/{rel}","templated":true}]}}