{"id":3700,"date":"2026-01-22T11:36:47","date_gmt":"2026-01-22T10:36:47","guid":{"rendered":"https:\/\/www-preprod.cnrs-imn.fr\/projects-collaborations\/industrial-partnerships\/"},"modified":"2026-04-07T14:39:09","modified_gmt":"2026-04-07T12:39:09","slug":"industrial-partnerships","status":"publish","type":"page","link":"https:\/\/www.cnrs-imn.fr\/en\/projects-collaborations\/industrial-partnerships\/","title":{"rendered":"Industrial partnerships"},"content":{"rendered":"<p><div class=\"fusion-fullwidth fullwidth-box fusion-builder-row-1 fusion-flex-container has-pattern-background has-mask-background nonhundred-percent-fullwidth non-hundred-percent-height-scrolling\" style=\"--awb-border-radius-top-left:0px;--awb-border-radius-top-right:0px;--awb-border-radius-bottom-right:0px;--awb-border-radius-bottom-left:0px;--awb-margin-bottom:20px;--awb-flex-wrap:wrap;\" ><div class=\"fusion-builder-row fusion-row fusion-flex-align-items-flex-start fusion-flex-content-wrap\" style=\"max-width:1248px;margin-left: calc(-4% \/ 2 );margin-right: calc(-4% \/ 2 );\"><div class=\"fusion-layout-column fusion_builder_column fusion-builder-column-0 fusion_builder_column_1_2 1_2 fusion-flex-column\" style=\"--awb-bg-size:cover;--awb-width-large:50%;--awb-margin-top-large:0px;--awb-spacing-right-large:3.84%;--awb-margin-bottom-large:20px;--awb-spacing-left-large:3.84%;--awb-width-medium:50%;--awb-order-medium:0;--awb-spacing-right-medium:3.84%;--awb-spacing-left-medium:3.84%;--awb-width-small:100%;--awb-order-small:0;--awb-spacing-right-small:1.92%;--awb-spacing-left-small:1.92%;\"><div class=\"fusion-column-wrapper fusion-column-has-shadow fusion-flex-justify-content-flex-start fusion-content-layout-column\"><div class=\"fusion-text fusion-text-1\"><p>IMN&#8217;s Corporate Relations unit supports companies in their research and innovation projects with the laboratory. These can take different forms, depending on the type of company, its needs and expectations. The team is at your disposal to help you qualify your project, direct it towards the appropriate actions and work out its content together, related to the Service Partenariats Valorisation of the D\u00e9l\u00e9gation R\u00e9gionale (DR17) of the CNRS.  <\/p>\n<p>Our partner companies are mainly located in France, but we have also established long-term relationships in Europe and, more broadly, internationally. Strongly rooted in the ecosystem of the Pays de la Loire region, IMN is particularly involved in regional development, thanks in particular to its close links with local industrial players, SMEs, ETIs and major groups. <\/p>\n<p>The most common contractual possibilities are presented below. We are of course open to other forms of partnership that you may propose. <\/p>\n<p>Do you have a project in mind? We&#8217;re here to help you find the right solution for your business.<\/p>\n<\/div><\/div><\/div><div class=\"fusion-layout-column fusion_builder_column fusion-builder-column-1 fusion_builder_column_1_2 1_2 fusion-flex-column\" style=\"--awb-bg-size:cover;--awb-width-large:50%;--awb-margin-top-large:0px;--awb-spacing-right-large:3.84%;--awb-margin-bottom-large:20px;--awb-spacing-left-large:3.84%;--awb-width-medium:50%;--awb-order-medium:0;--awb-spacing-right-medium:3.84%;--awb-spacing-left-medium:3.84%;--awb-width-small:100%;--awb-order-small:0;--awb-spacing-right-small:1.92%;--awb-spacing-left-small:1.92%;\"><div class=\"fusion-column-wrapper fusion-column-has-shadow fusion-flex-justify-content-flex-start fusion-content-layout-column\"><div class=\"fusion-image-element \" style=\"--awb-margin-bottom:20px;--awb-caption-title-font-family:var(--h2_typography-font-family);--awb-caption-title-font-weight:var(--h2_typography-font-weight);--awb-caption-title-font-style:var(--h2_typography-font-style);--awb-caption-title-size:var(--h2_typography-font-size);--awb-caption-title-transform:var(--h2_typography-text-transform);--awb-caption-title-line-height:var(--h2_typography-line-height);--awb-caption-title-letter-spacing:var(--h2_typography-letter-spacing);\"><span class=\" fusion-imageframe imageframe-none imageframe-1 hover-type-none\" style=\"border-radius:5px;\"><img decoding=\"async\" width=\"1000\" height=\"569\" title=\"Industrial collaborations\" src=\"https:\/\/www.cnrs-imn.fr\/wp-content\/uploads\/2026\/01\/Collaborations-industrielles.jpg\" alt class=\"img-responsive wp-image-3704\" srcset=\"https:\/\/www.cnrs-imn.fr\/wp-content\/uploads\/2026\/01\/Collaborations-industrielles-200x114.jpg 200w, https:\/\/www.cnrs-imn.fr\/wp-content\/uploads\/2026\/01\/Collaborations-industrielles-400x228.jpg 400w, https:\/\/www.cnrs-imn.fr\/wp-content\/uploads\/2026\/01\/Collaborations-industrielles-600x341.jpg 600w, https:\/\/www.cnrs-imn.fr\/wp-content\/uploads\/2026\/01\/Collaborations-industrielles-800x455.jpg 800w, https:\/\/www.cnrs-imn.fr\/wp-content\/uploads\/2026\/01\/Collaborations-industrielles.jpg 1000w\" sizes=\"(max-width: 640px) 100vw, 600px\" \/><\/span><\/div><\/div><\/div><\/div><\/div><div class=\"fusion-fullwidth fullwidth-box fusion-builder-row-2 fusion-flex-container has-pattern-background has-mask-background nonhundred-percent-fullwidth non-hundred-percent-height-scrolling\" style=\"--awb-border-radius-top-left:0px;--awb-border-radius-top-right:0px;--awb-border-radius-bottom-right:0px;--awb-border-radius-bottom-left:0px;--awb-padding-top:40px;--awb-padding-bottom:40px;--awb-margin-top:20px;--awb-background-color:var(--awb-color2);--awb-flex-wrap:wrap;\" ><div class=\"fusion-builder-row fusion-row fusion-flex-align-items-stretch fusion-flex-justify-content-center fusion-flex-content-wrap\" style=\"max-width:1248px;margin-left: calc(-4% \/ 2 );margin-right: calc(-4% \/ 2 );\"><div class=\"fusion-layout-column fusion_builder_column fusion-builder-column-2 fusion_builder_column_3_4 3_4 fusion-flex-column\" style=\"--awb-bg-size:cover;--awb-width-large:75%;--awb-margin-top-large:0px;--awb-spacing-right-large:2.56%;--awb-margin-bottom-large:20px;--awb-spacing-left-large:2.56%;--awb-width-medium:75%;--awb-order-medium:0;--awb-spacing-right-medium:2.56%;--awb-spacing-left-medium:2.56%;--awb-width-small:100%;--awb-order-small:0;--awb-spacing-right-small:1.92%;--awb-spacing-left-small:1.92%;\"><div class=\"fusion-column-wrapper fusion-column-has-shadow fusion-flex-justify-content-flex-start fusion-content-layout-column\"><div class=\"fusion-title title fusion-title-1 fusion-sep-none fusion-title-text fusion-title-size-three\" style=\"--awb-margin-top-small:10px;--awb-margin-right-small:0px;--awb-margin-bottom-small:10px;--awb-margin-left-small:0px;\"><h3 class=\"fusion-title-heading title-heading-left\" style=\"margin:0;\"><p style=\"text-align: left;\">PLASSMAT<\/p><\/h3><\/div><div class=\"fusion-image-element \" style=\"--awb-margin-bottom:20px;--awb-caption-title-font-family:var(--h2_typography-font-family);--awb-caption-title-font-weight:var(--h2_typography-font-weight);--awb-caption-title-font-style:var(--h2_typography-font-style);--awb-caption-title-size:var(--h2_typography-font-size);--awb-caption-title-transform:var(--h2_typography-text-transform);--awb-caption-title-line-height:var(--h2_typography-line-height);--awb-caption-title-letter-spacing:var(--h2_typography-letter-spacing);\"><span class=\" fusion-imageframe imageframe-none imageframe-2 hover-type-none\"><img decoding=\"async\" width=\"1000\" height=\"350\" title=\"Industrial-collaborations-plassmat\" src=\"https:\/\/www.cnrs-imn.fr\/wp-content\/uploads\/2026\/01\/Collaborations-industrielles-plassmat.jpg\" alt class=\"img-responsive wp-image-3702\" srcset=\"https:\/\/www.cnrs-imn.fr\/wp-content\/uploads\/2026\/01\/Collaborations-industrielles-plassmat-200x70.jpg 200w, https:\/\/www.cnrs-imn.fr\/wp-content\/uploads\/2026\/01\/Collaborations-industrielles-plassmat-400x140.jpg 400w, https:\/\/www.cnrs-imn.fr\/wp-content\/uploads\/2026\/01\/Collaborations-industrielles-plassmat-600x210.jpg 600w, https:\/\/www.cnrs-imn.fr\/wp-content\/uploads\/2026\/01\/Collaborations-industrielles-plassmat-800x280.jpg 800w, https:\/\/www.cnrs-imn.fr\/wp-content\/uploads\/2026\/01\/Collaborations-industrielles-plassmat.jpg 1000w\" sizes=\"(max-width: 640px) 100vw, 1000px\" \/><\/span><\/div><div class=\"fusion-text fusion-text-2\"><p>Created on January 1, 2023, the Plateforme Lig\u00e9rienne d&#8217;Analyse de la Structure et de la Surface des MAT\u00e9riaux (PLASSMAT) brings together and pools the equipment and technical skills of the Institut des Mat\u00e9riaux de Nantes Jean Rouxel (IMN) to meet the needs of researchers and socio-economic players.<\/p>\n<p>It brings together 27 staff, 58 pieces of equipment and 6 areas of expertise:<\/p>\n<ul>\n<li>Analysis of the chemical composition of a material<\/li>\n<li>Material surface analysis<\/li>\n<li>Knowledge of the physical properties of a material<\/li>\n<li>Determining the crystalline structure of a material<\/li>\n<li>Evaluating a battery material or component<\/li>\n<li>Observation and description of a material on the micro- or nanoscopic scale<\/li>\n<\/ul>\n<p><strong>Contact: <a href=\"mailto:plassmat@cnrs-imn.fr\">plassmat@cnrs-imn.fr<\/a><\/strong><\/p>\n<\/div><div ><a class=\"fusion-button button-flat fusion-button-default-size button-default fusion-button-default button-1 fusion-button-default-span fusion-button-default-type\" style=\"--button_margin-bottom:20px;\" target=\"_blank\" rel=\"noopener noreferrer\" href=\"https:\/\/plassmat.cnrs-imn.fr\/\"><span class=\"fusion-button-text awb-button__text awb-button__text--default\">Read more<\/span><i class=\"fa-long-arrow-alt-right fas awb-button__icon awb-button__icon--default button-icon-right\" aria-hidden=\"true\"><\/i><\/a><\/div><div class=\"fusion-separator\" style=\"align-self: flex-start;margin-right:auto;margin-top:40px;width:100%;max-width:200px;\"><div class=\"fusion-separator-border sep-single sep-solid\" style=\"--awb-height:20px;--awb-amount:20px;--awb-sep-color:var(--awb-color6);border-color:var(--awb-color6);border-top-width:5px;\"><\/div><\/div><\/div><\/div><div class=\"fusion-layout-column fusion_builder_column fusion-builder-column-3 fusion_builder_column_3_4 3_4 fusion-flex-column\" style=\"--awb-bg-size:cover;--awb-width-large:75%;--awb-margin-top-large:0px;--awb-spacing-right-large:2.56%;--awb-margin-bottom-large:20px;--awb-spacing-left-large:2.56%;--awb-width-medium:75%;--awb-order-medium:0;--awb-spacing-right-medium:2.56%;--awb-spacing-left-medium:2.56%;--awb-width-small:100%;--awb-order-small:0;--awb-spacing-right-small:1.92%;--awb-spacing-left-small:1.92%;\"><div class=\"fusion-column-wrapper fusion-column-has-shadow fusion-flex-justify-content-flex-start fusion-content-layout-column\"><div class=\"fusion-title title fusion-title-2 fusion-sep-none fusion-title-text fusion-title-size-three\" style=\"--awb-margin-top-small:10px;--awb-margin-right-small:0px;--awb-margin-bottom-small:10px;--awb-margin-left-small:0px;\"><h3 class=\"fusion-title-heading title-heading-left\" style=\"margin:0;\"><p style=\"text-align: left;\">Joint laboratories<\/p><\/h3><\/div><div class=\"fusion-text fusion-text-3\"><p>A joint laboratory is a privileged public-private research partnership, involving a solid structure between an academic research laboratory and a company around a shared, co-constructed research and innovation roadmap.<\/p>\n<\/div><\/div><\/div><div class=\"fusion-layout-column fusion_builder_column fusion-builder-column-4 fusion_builder_column_3_4 3_4 fusion-flex-column\" style=\"--awb-padding-top:30px;--awb-padding-right:30px;--awb-padding-bottom:30px;--awb-padding-left:30px;--awb-bg-color:var(--awb-color6);--awb-bg-color-hover:var(--awb-color6);--awb-bg-size:cover;--awb-width-large:75%;--awb-margin-top-large:0px;--awb-spacing-right-large:2.56%;--awb-margin-bottom-large:20px;--awb-spacing-left-large:2.56%;--awb-width-medium:75%;--awb-order-medium:0;--awb-spacing-right-medium:2.56%;--awb-spacing-left-medium:2.56%;--awb-width-small:100%;--awb-order-small:0;--awb-spacing-right-small:1.92%;--awb-spacing-left-small:1.92%;\" data-scroll-devices=\"small-visibility,medium-visibility,large-visibility\"><div class=\"fusion-column-wrapper fusion-column-has-shadow fusion-flex-justify-content-flex-start fusion-content-layout-column\"><div class=\"fusion-image-element \" style=\"--awb-margin-bottom:20px;--awb-max-width:200px;--awb-caption-title-font-family:var(--h2_typography-font-family);--awb-caption-title-font-weight:var(--h2_typography-font-weight);--awb-caption-title-font-style:var(--h2_typography-font-style);--awb-caption-title-size:var(--h2_typography-font-size);--awb-caption-title-transform:var(--h2_typography-text-transform);--awb-caption-title-line-height:var(--h2_typography-line-height);--awb-caption-title-letter-spacing:var(--h2_typography-letter-spacing);\"><span class=\" fusion-imageframe imageframe-none imageframe-3 hover-type-none\"><img decoding=\"async\" width=\"1024\" height=\"208\" title=\"logo_imnBlue rectangle white_white2\" src=\"https:\/\/www.cnrs-imn.fr\/wp-content\/uploads\/2026\/03\/logo_imnBlue-rectangle-blanc_blanc2-1024x208.png\" alt class=\"img-responsive wp-image-3705\" srcset=\"https:\/\/www.cnrs-imn.fr\/wp-content\/uploads\/2026\/03\/logo_imnBlue-rectangle-blanc_blanc2-200x41.png 200w, https:\/\/www.cnrs-imn.fr\/wp-content\/uploads\/2026\/03\/logo_imnBlue-rectangle-blanc_blanc2-400x81.png 400w, https:\/\/www.cnrs-imn.fr\/wp-content\/uploads\/2026\/03\/logo_imnBlue-rectangle-blanc_blanc2-600x122.png 600w, https:\/\/www.cnrs-imn.fr\/wp-content\/uploads\/2026\/03\/logo_imnBlue-rectangle-blanc_blanc2-800x162.png 800w, https:\/\/www.cnrs-imn.fr\/wp-content\/uploads\/2026\/03\/logo_imnBlue-rectangle-blanc_blanc2-1200x244.png 1200w\" sizes=\"(max-width: 640px) 100vw, 1200px\" \/><\/span><\/div><div class=\"fusion-text fusion-text-4\" style=\"--awb-text-color:var(--awb-color1);\"><p><strong>LabCom IMNBlue Lab for sustainable automotive batteries<\/strong><\/p>\n<p>In 2022, IMN and <a href=\"https:\/\/www.blue-solutions.com\" target=\"_blank\" rel=\"noopener\">Blue Solutions<\/a> formalized the creation of a joint laboratory (LabCom), named IMNBlue Lab. This alliance of skills will optimize the autonomy and lifespan of the all-solid batteries (Lithium Metal Polymer) owned by Blue Solutions. These batteries, which are already 80% recyclable and contain no cobalt, cadmium or nickel, are set to enter the automotive market as early as 2026.  <\/p>\n<p><strong>Co-director: Philippe Poizot, <a href=\"mailto:philippe.poizot@cnrs-imn.fr\">philippe.poizot@cnrs-imn.fr<\/a><\/strong><\/p>\n<\/div><div ><a class=\"fusion-button button-flat fusion-button-default-size button-default fusion-button-default button-2 fusion-button-default-span fusion-button-default-type\" target=\"_self\" href=\"https:\/\/www.cnrs-imn.fr\/en\/projects-collaborations\/industrial-partnerships\/imnblue-lab\/\"><span class=\"fusion-button-text awb-button__text awb-button__text--default\">Read more<\/span><i class=\"fa-long-arrow-alt-right fas awb-button__icon awb-button__icon--default button-icon-right\" aria-hidden=\"true\"><\/i><\/a><\/div><\/div><\/div><div class=\"fusion-layout-column fusion_builder_column fusion-builder-column-5 fusion_builder_column_3_4 3_4 fusion-flex-column\" style=\"--awb-padding-top:30px;--awb-padding-right:30px;--awb-padding-bottom:10px;--awb-padding-left:30px;--awb-bg-color:var(--awb-color6);--awb-bg-color-hover:var(--awb-color6);--awb-bg-size:cover;--awb-width-large:75%;--awb-margin-top-large:0px;--awb-spacing-right-large:2.56%;--awb-margin-bottom-large:20px;--awb-spacing-left-large:2.56%;--awb-width-medium:75%;--awb-order-medium:0;--awb-spacing-right-medium:2.56%;--awb-spacing-left-medium:2.56%;--awb-width-small:100%;--awb-order-small:0;--awb-spacing-right-small:1.92%;--awb-spacing-left-small:1.92%;\" data-scroll-devices=\"small-visibility,medium-visibility,large-visibility\"><div class=\"fusion-column-wrapper fusion-column-has-shadow fusion-flex-justify-content-flex-start fusion-content-layout-column\"><div class=\"fusion-text fusion-text-5\" style=\"--awb-text-color:var(--awb-color1);\"><p><strong>ARMOR Battery: a battery acceleration strategy<\/strong><\/p>\n<p>The collaboration between IMN and <a href=\"https:\/\/www.armor-group.com\/en\" target=\"_blank\" rel=\"noopener\">ARMOR group<\/a> focuses on the development and design of new functionalized current collectors for current and future generations of Li-ion batteries, with the aim of increasing their performance (energy and power density, longevity, safety). This collaboration is a continuation of the DEFIER LabCom between ARMOR and IMN. <\/p>\n<p><strong>Contact: <a href=\"mailto:bernard.lestriez@cnrs-imn.fr\">bernard.lestriez@cnrs-imn.fr<\/a><\/strong><\/p>\n<\/div><\/div><\/div><div class=\"fusion-layout-column fusion_builder_column fusion-builder-column-6 fusion_builder_column_3_4 3_4 fusion-flex-column\" style=\"--awb-bg-size:cover;--awb-width-large:75%;--awb-margin-top-large:0px;--awb-spacing-right-large:2.56%;--awb-margin-bottom-large:20px;--awb-spacing-left-large:2.56%;--awb-width-medium:75%;--awb-order-medium:0;--awb-spacing-right-medium:2.56%;--awb-spacing-left-medium:2.56%;--awb-width-small:100%;--awb-order-small:0;--awb-spacing-right-small:1.92%;--awb-spacing-left-small:1.92%;\"><div class=\"fusion-column-wrapper fusion-column-has-shadow fusion-flex-justify-content-flex-start fusion-content-layout-column\"><div class=\"fusion-title title fusion-title-3 fusion-sep-none fusion-title-text fusion-title-size-three\" style=\"--awb-margin-top-small:10px;--awb-margin-right-small:0px;--awb-margin-bottom-small:10px;--awb-margin-left-small:0px;\"><h3 class=\"fusion-title-heading title-heading-left\" style=\"margin:0;\"><p style=\"text-align: left;\">Collaborative research projects<\/p><\/h3><\/div><div class=\"fusion-text fusion-text-6\"><p>A research collaboration contract is a scientific, technical, legal and financial agreement between an academic research laboratory and a company that pool knowledge and resources. The parties&#8217; contribution may take the form of man-hours, acquired expertise, access to equipment, and funding. The aim is to obtain new, mutually enriching and equitably shared results.  <\/p>\n<p><strong>Contact us: <a href=\"mailto:relations.entreprises@cnrs-imn.fr\">relations.entreprises@cnrs-imn.fr<\/a><\/strong><\/p>\n<\/div><\/div><\/div><div class=\"fusion-layout-column fusion_builder_column fusion-builder-column-7 fusion_builder_column_3_4 3_4 fusion-flex-column\" style=\"--awb-bg-size:cover;--awb-width-large:75%;--awb-margin-top-large:0px;--awb-spacing-right-large:2.56%;--awb-margin-bottom-large:20px;--awb-spacing-left-large:2.56%;--awb-width-medium:75%;--awb-order-medium:0;--awb-spacing-right-medium:2.56%;--awb-spacing-left-medium:2.56%;--awb-width-small:100%;--awb-order-small:0;--awb-spacing-right-small:1.92%;--awb-spacing-left-small:1.92%;\"><div class=\"fusion-column-wrapper fusion-column-has-shadow fusion-flex-justify-content-flex-start fusion-content-layout-column\"><div class=\"fusion-title title fusion-title-4 fusion-sep-none fusion-title-text fusion-title-size-three\" style=\"--awb-margin-top-small:10px;--awb-margin-right-small:0px;--awb-margin-bottom-small:10px;--awb-margin-left-small:0px;\"><h3 class=\"fusion-title-heading title-heading-left\" style=\"margin:0;\"><p style=\"text-align: left;\">Corporate research projects<\/p><\/h3><\/div><div class=\"fusion-text fusion-text-7\"><p>In response to calls for proposals from regional, national or European agencies, IMN can be your partner and guide you in setting up consortia to respond to these calls. The framework for this response is set by the funding agency. Through calls for projects from regional, national (ANR-National Research Agency, ADEME, etc.) or European agencies, IMN can be your partner and guide you in setting up consortia to respond to these calls.   The framework for this response is then set by the funding agency.<\/p>\n<p>We can support you in defining tasks, interactions between partners, industrial property aspects and financing arrangements.<\/p>\n<p><strong>Contact us: <a href=\"mailto:relations.entreprises@cnrs-imn.fr\">relations.entreprises@cnrs-imn.fr<\/a><\/strong><\/p>\n<\/div><\/div><\/div><div class=\"fusion-layout-column fusion_builder_column fusion-builder-column-8 fusion_builder_column_3_4 3_4 fusion-flex-column\" style=\"--awb-bg-size:cover;--awb-width-large:75%;--awb-margin-top-large:0px;--awb-spacing-right-large:2.56%;--awb-margin-bottom-large:20px;--awb-spacing-left-large:2.56%;--awb-width-medium:75%;--awb-order-medium:0;--awb-spacing-right-medium:2.56%;--awb-spacing-left-medium:2.56%;--awb-width-small:100%;--awb-order-small:0;--awb-spacing-right-small:1.92%;--awb-spacing-left-small:1.92%;\"><div class=\"fusion-column-wrapper fusion-column-has-shadow fusion-flex-justify-content-flex-start fusion-content-layout-column\"><div class=\"fusion-title title fusion-title-5 fusion-sep-none fusion-title-text fusion-title-size-three\" style=\"--awb-margin-top-small:10px;--awb-margin-right-small:0px;--awb-margin-bottom-small:10px;--awb-margin-left-small:0px;\"><h3 class=\"fusion-title-heading title-heading-left\" style=\"margin:0;\"><p style=\"text-align: left;\">CIFRE theses<\/p><\/h3><\/div><div class=\"fusion-text fusion-text-8\"><p>The CIFRE scheme &#8211; Conventions Industrielles de Formation par la Recherche (Industrial Conventions for Training through Research) &#8211; subsidizes any company that recruits a doctoral student (PhD student) to work at the heart of a research collaboration with an academic research laboratory.<\/p>\n<p><strong>Contact us: <a href=\"mailto:relations.entreprises@cnrs-imn.fr\">relations.entreprises@cnrs-imn.fr<\/a><\/strong><\/p>\n<\/div><\/div><\/div><div class=\"fusion-layout-column fusion_builder_column fusion-builder-column-9 fusion_builder_column_3_4 3_4 fusion-flex-column\" style=\"--awb-bg-size:cover;--awb-width-large:75%;--awb-margin-top-large:0px;--awb-spacing-right-large:2.56%;--awb-margin-bottom-large:20px;--awb-spacing-left-large:2.56%;--awb-width-medium:75%;--awb-order-medium:0;--awb-spacing-right-medium:2.56%;--awb-spacing-left-medium:2.56%;--awb-width-small:100%;--awb-order-small:0;--awb-spacing-right-small:1.92%;--awb-spacing-left-small:1.92%;\"><div class=\"fusion-column-wrapper fusion-column-has-shadow fusion-flex-justify-content-flex-start fusion-content-layout-column\"><div class=\"fusion-title title fusion-title-6 fusion-sep-none fusion-title-text fusion-title-size-three\" style=\"--awb-margin-top-small:10px;--awb-margin-right-small:0px;--awb-margin-bottom-small:10px;--awb-margin-left-small:0px;\"><h3 class=\"fusion-title-heading title-heading-left\" style=\"margin:0;\"><p style=\"text-align: left;\">Expertise, analysis and testing services<\/p><\/h3><\/div><div class=\"fusion-text fusion-text-9\"><p>Your requests for expertise on subjects relating to all types of materials, associated devices and applications can be handled by the <a href=\"https:\/\/capacites.fr\/en\/expertises\/analysis-and-characterisation-of-materials\/\" target=\"_blank\" rel=\"noopener\">CAPACITES Materials Expertise<\/a> team or by the laboratory&#8217;s researchers, teacher-researchers and engineers.<\/p>\n<p>The team also draws on IMN&#8217;s analytical resources to meet your requests for analysis and testing of all types of materials and surface treatments.<\/p>\n<p>Depending on the services required, IMN&#8217;s business unit will direct you to CAPACITES or <a href=\"https:\/\/plassmat.cnrs-imn.fr\/en\/\" target=\"_blank\" rel=\"noopener\">PLASSMAT<\/a>.<\/p>\n<\/div><\/div><\/div><div class=\"fusion-layout-column fusion_builder_column fusion-builder-column-10 fusion_builder_column_3_4 3_4 fusion-flex-column\" style=\"--awb-bg-size:cover;--awb-width-large:75%;--awb-margin-top-large:0px;--awb-spacing-right-large:2.56%;--awb-margin-bottom-large:20px;--awb-spacing-left-large:2.56%;--awb-width-medium:75%;--awb-order-medium:0;--awb-spacing-right-medium:2.56%;--awb-spacing-left-medium:2.56%;--awb-width-small:100%;--awb-order-small:0;--awb-spacing-right-small:1.92%;--awb-spacing-left-small:1.92%;\"><div class=\"fusion-column-wrapper fusion-column-has-shadow fusion-flex-justify-content-flex-start fusion-content-layout-column\"><div class=\"fusion-title title fusion-title-7 fusion-sep-none fusion-title-text fusion-title-size-three\" style=\"--awb-margin-top-small:10px;--awb-margin-right-small:0px;--awb-margin-bottom-small:10px;--awb-margin-left-small:0px;\"><h3 class=\"fusion-title-heading title-heading-left\" style=\"margin:0;\"><\/h3><\/div><\/div><\/div><div class=\"fusion-layout-column fusion_builder_column fusion-builder-column-11 fusion_builder_column_3_4 3_4 fusion-flex-column\" style=\"--awb-padding-top:30px;--awb-padding-right:30px;--awb-padding-bottom:10px;--awb-padding-left:30px;--awb-bg-color:var(--awb-color6);--awb-bg-color-hover:var(--awb-color6);--awb-bg-size:cover;--awb-width-large:75%;--awb-margin-top-large:0px;--awb-spacing-right-large:2.56%;--awb-margin-bottom-large:20px;--awb-spacing-left-large:2.56%;--awb-width-medium:75%;--awb-order-medium:0;--awb-spacing-right-medium:2.56%;--awb-spacing-left-medium:2.56%;--awb-width-small:100%;--awb-order-small:0;--awb-spacing-right-small:1.92%;--awb-spacing-left-small:1.92%;\" data-scroll-devices=\"small-visibility,medium-visibility,large-visibility\"><div class=\"fusion-column-wrapper fusion-column-has-shadow fusion-flex-justify-content-flex-start fusion-content-layout-column\"><div class=\"fusion-text fusion-text-10\" style=\"--awb-text-color:var(--awb-color1);\"><p><strong>Industrial collaborations (2020 to 2025)<\/strong><\/p>\n<p>3CPN, Air Liquide, Airbus Operations SAS, Aperam Alloys Imphy, Arc International, ArcelorMittal France, Arkema, Armines, ARMOR GROUP, Bioret Agri, Blue Solutions, Ceraco Ceramic Coating, Dracula Technologies, ENGIE, Framatome, L&#8217;Or\u00e9al , Naval Group, One-Sixone, Reinz-Dichtungs-GmbH, Rhodia, Safran, SAFT, Saint-Gobain Recherche, Saint-Gobain Performance Plastics France, Soci\u00e9t\u00e9 Cartier &amp; Compagnie, Souriau-Sunbank Connection Technologies B, ST Microelectronics SA, Technip France, Tefal, The Valspar, Tokyo Electron Limited, Vito, XSun.<\/p>\n<\/div><\/div><\/div><\/div><\/div><\/p>\n","protected":false},"excerpt":{"rendered":"","protected":false},"author":1,"featured_media":0,"parent":3278,"menu_order":0,"comment_status":"closed","ping_status":"closed","template":"100-width.php","meta":{"footnotes":""},"class_list":["post-3700","page","type-page","status-publish","hentry"],"_links":{"self":[{"href":"https:\/\/www.cnrs-imn.fr\/en\/wp-json\/wp\/v2\/pages\/3700","targetHints":{"allow":["GET"]}}],"collection":[{"href":"https:\/\/www.cnrs-imn.fr\/en\/wp-json\/wp\/v2\/pages"}],"about":[{"href":"https:\/\/www.cnrs-imn.fr\/en\/wp-json\/wp\/v2\/types\/page"}],"author":[{"embeddable":true,"href":"https:\/\/www.cnrs-imn.fr\/en\/wp-json\/wp\/v2\/users\/1"}],"replies":[{"embeddable":true,"href":"https:\/\/www.cnrs-imn.fr\/en\/wp-json\/wp\/v2\/comments?post=3700"}],"version-history":[{"count":5,"href":"https:\/\/www.cnrs-imn.fr\/en\/wp-json\/wp\/v2\/pages\/3700\/revisions"}],"predecessor-version":[{"id":5643,"href":"https:\/\/www.cnrs-imn.fr\/en\/wp-json\/wp\/v2\/pages\/3700\/revisions\/5643"}],"up":[{"embeddable":true,"href":"https:\/\/www.cnrs-imn.fr\/en\/wp-json\/wp\/v2\/pages\/3278"}],"wp:attachment":[{"href":"https:\/\/www.cnrs-imn.fr\/en\/wp-json\/wp\/v2\/media?parent=3700"}],"curies":[{"name":"wp","href":"https:\/\/api.w.org\/{rel}","templated":true}]}}