{"id":3781,"date":"2026-02-27T18:58:46","date_gmt":"2026-02-27T17:58:46","guid":{"rendered":"https:\/\/www-preprod.cnrs-imn.fr\/projects-collaborations\/academic-projects\/europe-destiny\/"},"modified":"2026-04-01T12:17:58","modified_gmt":"2026-04-01T10:17:58","slug":"europe-destiny","status":"publish","type":"page","link":"https:\/\/www.cnrs-imn.fr\/en\/projects-collaborations\/academic-projects\/europe-destiny\/","title":{"rendered":"Europe &#8211; DESTINY"},"content":{"rendered":"<div class=\"fusion-fullwidth fullwidth-box fusion-builder-row-1 fusion-flex-container has-pattern-background has-mask-background nonhundred-percent-fullwidth non-hundred-percent-height-scrolling\" style=\"--awb-border-radius-top-left:0px;--awb-border-radius-top-right:0px;--awb-border-radius-bottom-right:0px;--awb-border-radius-bottom-left:0px;--awb-flex-wrap:wrap;\" ><div class=\"fusion-builder-row fusion-row fusion-flex-align-items-flex-start fusion-flex-content-wrap\" style=\"max-width:1248px;margin-left: calc(-4% \/ 2 );margin-right: calc(-4% \/ 2 );\"><div class=\"fusion-layout-column fusion_builder_column fusion-builder-column-0 fusion_builder_column_3_4 3_4 fusion-flex-column\" style=\"--awb-bg-size:cover;--awb-width-large:75%;--awb-margin-top-large:0px;--awb-spacing-right-large:2.56%;--awb-margin-bottom-large:20px;--awb-spacing-left-large:2.56%;--awb-width-medium:75%;--awb-order-medium:0;--awb-spacing-right-medium:2.56%;--awb-spacing-left-medium:2.56%;--awb-width-small:100%;--awb-order-small:0;--awb-spacing-right-small:1.92%;--awb-spacing-left-small:1.92%;\"><div class=\"fusion-column-wrapper fusion-column-has-shadow fusion-flex-justify-content-flex-start fusion-content-layout-column\"><div class=\"fusion-text fusion-text-1 labelboxlight\" style=\"--awb-font-size:12px;--awb-text-font-family:&quot;Libre Franklin&quot;;--awb-text-font-style:normal;--awb-text-font-weight:600;\"><p>Project Europe<\/p>\n<\/div><div class=\"fusion-title title fusion-title-1 fusion-sep-none fusion-title-text fusion-title-size-two\" style=\"--awb-margin-top-small:10px;--awb-margin-right-small:0px;--awb-margin-bottom-small:10px;--awb-margin-left-small:0px;\"><h2 class=\"fusion-title-heading title-heading-left\" style=\"margin:0;\">Doctorate Programme on Emerging Battery Storage Technologies INspiring Young scientists<\/h2><\/div><div class=\"fusion-separator\" style=\"align-self: flex-start;margin-right:auto;margin-bottom:20px;width:100%;max-width:200px;\"><div class=\"fusion-separator-border sep-single sep-solid\" style=\"--awb-height:20px;--awb-amount:20px;--awb-sep-color:var(--awb-color6);border-color:var(--awb-color6);border-top-width:7px;\"><\/div><\/div><div class=\"fusion-text fusion-text-2\"><p><strong>Dates:<\/strong><br \/>\nOctober 2020 &#8211; December 2025<\/p>\n<p><strong>Project coordinator:<\/strong><br \/>\nCNRS<\/p>\n<p><strong>Partners :<\/strong><br \/>\nIMN, European Commission, Universit\u00e9 Picardie Jules Verne,Bath University, Universit\u00e9 de Bordeaux, Bordeaux INP, Cambridge University, Technical University of Denmark, Delft University of Technology, Chalmers University, Technical University of Graz, FSU, Lancaster University, Universit\u00e9 de Montpellier, Nantes Universit\u00e9, Oxford University, Coll\u00e8ge de France, Universit\u00e9 Pau Pays de l&#8217;Adour, St Andrews University, Universit\u00e9 de Toulouse Paul Sabatier, Twente University, Uppsala University, Warsaw University of Technology, CEA, CIC Energigune, Fundacion CIDETEC, Elettra Sincrotone Trieste, ICMAB, Forschungszentrum Julich, Institut Max Von Laue &#8211; Paul Langevin, National Institute of Chemestry Slovenia, Synchrotron SOLEIL, R\u00e9gion Pays de la Loire, BASF Construction Chemicals GMBH, Renault, SAFT, Solvay SA, Tiamat, Umicore, FCT Systeme, PKN Orlen.<\/p>\n<p><strong>IMN staff involved:<\/strong><br \/>\nThierry BROUSSE, Bernard LESTRIEZ<\/p>\n<\/div><div class=\"fusion-separator\" style=\"align-self: flex-start;margin-right:auto;margin-bottom:20px;width:100%;max-width:200px;\"><div class=\"fusion-separator-border sep-single sep-solid\" style=\"--awb-height:20px;--awb-amount:20px;--awb-sep-color:var(--awb-color6);border-color:var(--awb-color6);border-top-width:7px;\"><\/div><\/div><div class=\"fusion-text fusion-text-3\"><p>In the global context of the launched &#8220;European Battery Alliance&#8221; and &#8220;European Technology &amp; Innovation Platform, Batteries Europe&#8221;, many universities, research centers and supporting organisations have agreed to build the Battery 2030+ consortium as an ambitious European initiative for long-term research on ultra-performant batteries, with a clear focus on addressing obstacles preventing future batteries to reach their true potential.<\/p>\n<p>The MSCA COFUND DP project DESTINY will contribute substantially to the launching of this initiative at the education level through its advanced DP training adhering to key research areas of the Battery 2030+ long-term roadmap, including the development of a materials acceleration platform (MAP) and the stablishment of the battery interface genome (BIG), combined as BIG-MAP. DESTINY will also contribute to short-to-medium term roadmaps identified by Batteries Europe so as to bring know-how and new emerging technologies for the future, for both industrial and academic professionals. <\/p>\n<p>DESTINY is a DP programme coordinated by the French CNRS, that will create a paradigm change in battery research, in line with the new European context. The 5-year project will train 50 PhDs on: 1) Reinvent battery materials discovery and engineering, 2) Develop smart batteries and functionalities 3) Implement new technologies in industry. All of these benefit from the combined excellence of the DESTINY consortium: 40 partners from 12 European countries, including Universities, Research Centres, Large Scale Facilities and 8 Companies. All candidates will be trained at the very forefront of battery research to enable them to accelerate and exploit novel technologies from a solid basis of knowledge and skills. Interdisciplinary competences and skills will be favoured through the<br \/>\ncomplementarity within DESTINY. In addition, DESTINY includes a broad set of trainings in transferable skills: personal effectiveness, research governance and entrepreneurship.        <\/p>\n<p><a href=\"https:\/\/www.destiny-phd.eu\/\" target=\"_blank\" rel=\"noopener\">Website DESTINY<\/a><\/p>\n<\/div><\/div><\/div><\/div><\/div>\n","protected":false},"excerpt":{"rendered":"","protected":false},"author":4,"featured_media":0,"parent":3331,"menu_order":0,"comment_status":"closed","ping_status":"closed","template":"100-width.php","meta":{"footnotes":""},"class_list":["post-3781","page","type-page","status-publish","hentry"],"_links":{"self":[{"href":"https:\/\/www.cnrs-imn.fr\/en\/wp-json\/wp\/v2\/pages\/3781","targetHints":{"allow":["GET"]}}],"collection":[{"href":"https:\/\/www.cnrs-imn.fr\/en\/wp-json\/wp\/v2\/pages"}],"about":[{"href":"https:\/\/www.cnrs-imn.fr\/en\/wp-json\/wp\/v2\/types\/page"}],"author":[{"embeddable":true,"href":"https:\/\/www.cnrs-imn.fr\/en\/wp-json\/wp\/v2\/users\/4"}],"replies":[{"embeddable":true,"href":"https:\/\/www.cnrs-imn.fr\/en\/wp-json\/wp\/v2\/comments?post=3781"}],"version-history":[{"count":2,"href":"https:\/\/www.cnrs-imn.fr\/en\/wp-json\/wp\/v2\/pages\/3781\/revisions"}],"predecessor-version":[{"id":3814,"href":"https:\/\/www.cnrs-imn.fr\/en\/wp-json\/wp\/v2\/pages\/3781\/revisions\/3814"}],"up":[{"embeddable":true,"href":"https:\/\/www.cnrs-imn.fr\/en\/wp-json\/wp\/v2\/pages\/3331"}],"wp:attachment":[{"href":"https:\/\/www.cnrs-imn.fr\/en\/wp-json\/wp\/v2\/media?parent=3781"}],"curies":[{"name":"wp","href":"https:\/\/api.w.org\/{rel}","templated":true}]}}