{"id":3791,"date":"2026-03-19T09:00:34","date_gmt":"2026-03-19T08:00:34","guid":{"rendered":"https:\/\/www-preprod.cnrs-imn.fr\/teams\/exploratory-synthesis-of-new-chalcogen-materials-by-soft-chemistry\/"},"modified":"2026-04-01T12:17:58","modified_gmt":"2026-04-01T10:17:58","slug":"exploratory-synthesis-of-new-chalcogen-materials-by-soft-chemistry","status":"publish","type":"page","link":"https:\/\/www.cnrs-imn.fr\/en\/teams\/exploratory-synthesis-of-new-chalcogen-materials-by-soft-chemistry\/","title":{"rendered":"Exploratory synthesis of new chalcogen materials by soft chemistry"},"content":{"rendered":"<div class=\"fusion-fullwidth fullwidth-box fusion-builder-row-1 fusion-flex-container has-pattern-background has-mask-background nonhundred-percent-fullwidth non-hundred-percent-height-scrolling\" style=\"--awb-border-radius-top-left:0px;--awb-border-radius-top-right:0px;--awb-border-radius-bottom-right:0px;--awb-border-radius-bottom-left:0px;--awb-flex-wrap:wrap;\" ><div class=\"fusion-builder-row fusion-row fusion-flex-align-items-flex-start fusion-flex-content-wrap\" style=\"max-width:1248px;margin-left: calc(-4% \/ 2 );margin-right: calc(-4% \/ 2 );\"><div class=\"fusion-layout-column fusion_builder_column fusion-builder-column-0 fusion_builder_column_3_4 3_4 fusion-flex-column equipe-thematique\" style=\"--awb-bg-size:cover;--awb-width-large:75%;--awb-margin-top-large:0px;--awb-spacing-right-large:2.56%;--awb-margin-bottom-large:20px;--awb-spacing-left-large:2.56%;--awb-width-medium:75%;--awb-order-medium:0;--awb-spacing-right-medium:2.56%;--awb-spacing-left-medium:2.56%;--awb-width-small:100%;--awb-order-small:0;--awb-spacing-right-small:1.92%;--awb-spacing-left-small:1.92%;\" data-scroll-devices=\"small-visibility,medium-visibility,large-visibility\"><div class=\"fusion-column-wrapper fusion-column-has-shadow fusion-flex-justify-content-flex-start fusion-content-layout-column\"><div class=\"fusion-text fusion-text-1\"><p>Within this theme, we are interested in the reactivity of lamellar matrices containing (Qn)2- oligomers (Q = S, Se; n = 2-4) towards a metal. The reactivity of the precursor La2O2S2 perfectly sums up our research theme. This compound, built from 2\/\u221e[La2O2]2+ sheets separated by free (S2)2- pairs, can intercalate Cu at low temperatures to lead to the compound La2O2Cu2S2. During this reaction, the sulfur pair (S2)2- is reduced by copper according to the reaction (S2)2- + 2 Cu\u00b0 \u2192 2 S2- + 2 Cu+. This reaction is reversible, as Cu atoms can be deinserted from La2O2Cu2S2 at 200\u00b0C with I2 as the oxidizing agent. We have shown that similar reactions can be obtained using other polychalcogenides (BaS3, LaSe2 &#8230;) or other transition elements (Fe, Co, Ni) with systematically a strong correlation between host and intercalated crystal structures (topochemical reactions). We are currently exploring reactivity with alkali metals, and our initial results point to totally different behaviours, with stabilization of metastable structures.      <\/p>\n<p>Find out more at<a href=\"https:\/\/pubmed.ncbi.nlm.nih.gov\/30133113\/\" target=\"_blank\" rel=\"noopener\">[Chalcogen Dimers<\/a>],<a href=\"https:\/\/pubs.rsc.org\/en\/content\/articlelanding\/2019\/cc\/c9cc01338e\/unauth#!divAbstract\" target=\"_blank\" rel=\"noopener\">[Oligomers<\/a>].<\/p>\n<p><strong>People involved:<\/strong> I. Braems, M. T. Caldes, L. Cario, B. Corraze, C. Guillot-Deudon, E. Janod, S. Jobic.<\/p>\n<p><strong>Keywords:<\/strong> topochemical reaction, hole chemistry, chalcogenides, oligomers, exploratory chemistry<\/p>\n<p>This research is conducted within the &#8220;Chalcogenide&#8221; transverse axis built around IMN&#8217;s MIOPS, PMN and ID2M groups. Our studies have led to collaborations with G. Frapper of the Institut de Chimie des Milieux et Mat\u00e9riaux in Poitiers, and Gwladys Steciuk and Luk\u00e1\u0161 Palatinus of the Institute of Physics in Pragues. <\/p>\n<p>We are participating in the <a href=\"https:\/\/www.cnrs-imn.fr\/projets-collaborations\/projets-academiques\/collaborations-internationales\/\"><em>Core to Core<\/em><\/a> project with Japan (resp. Pr. Kageyama), bringing together internationally renowned laboratories from the universities of Kyoto, Oxford, Antwerp, Shenzhen, Bordeaux, Lille and Rennes.<\/p>\n<\/div><\/div><\/div><div class=\"fusion-layout-column fusion_builder_column fusion-builder-column-1 awb-sticky awb-sticky-small awb-sticky-medium awb-sticky-large fusion_builder_column_1_4 1_4 fusion-flex-column\" style=\"--awb-bg-size:cover;--awb-width-large:25%;--awb-margin-top-large:0px;--awb-spacing-right-large:7.68%;--awb-margin-bottom-large:20px;--awb-spacing-left-large:7.68%;--awb-width-medium:25%;--awb-order-medium:0;--awb-spacing-right-medium:7.68%;--awb-spacing-left-medium:7.68%;--awb-width-small:100%;--awb-order-small:0;--awb-spacing-right-small:1.92%;--awb-spacing-left-small:1.92%;--awb-sticky-offset:120px;\" data-scroll-devices=\"small-visibility,medium-visibility,large-visibility\"><div class=\"fusion-column-wrapper fusion-column-has-shadow fusion-flex-justify-content-flex-start fusion-content-layout-column\"><div class=\"awb-toc-el awb-toc-el--1\" data-awb-toc-id=\"1\" data-awb-toc-options=\"{&quot;allowed_heading_tags&quot;:{&quot;h3&quot;:0},&quot;ignore_headings&quot;:&quot;&quot;,&quot;ignore_headings_words&quot;:&quot;&quot;,&quot;enable_cache&quot;:&quot;yes&quot;,&quot;highlight_current_heading&quot;:&quot;yes&quot;,&quot;hide_hidden_titles&quot;:&quot;yes&quot;,&quot;limit_container&quot;:&quot;all&quot;,&quot;select_custom_headings&quot;:&quot;&quot;,&quot;icon&quot;:&quot;fa-flag fas&quot;,&quot;counter_type&quot;:&quot;none&quot;}\" style=\"--awb-item-padding-top:5px;--awb-item-padding-right:5px;--awb-item-padding-bottom:5px;--awb-item-padding-left:5px;--awb-item-font-family:&quot;Libre Franklin&quot;;--awb-item-font-style:normal;--awb-item-font-weight:400;\"><div class=\"awb-toc-el__content\"><\/div><\/div><\/div><\/div><\/div><\/div>\n","protected":false},"excerpt":{"rendered":"","protected":false},"author":3,"featured_media":0,"parent":3701,"menu_order":0,"comment_status":"closed","ping_status":"closed","template":"100-width.php","meta":{"footnotes":""},"class_list":["post-3791","page","type-page","status-publish","hentry"],"_links":{"self":[{"href":"https:\/\/www.cnrs-imn.fr\/en\/wp-json\/wp\/v2\/pages\/3791","targetHints":{"allow":["GET"]}}],"collection":[{"href":"https:\/\/www.cnrs-imn.fr\/en\/wp-json\/wp\/v2\/pages"}],"about":[{"href":"https:\/\/www.cnrs-imn.fr\/en\/wp-json\/wp\/v2\/types\/page"}],"author":[{"embeddable":true,"href":"https:\/\/www.cnrs-imn.fr\/en\/wp-json\/wp\/v2\/users\/3"}],"replies":[{"embeddable":true,"href":"https:\/\/www.cnrs-imn.fr\/en\/wp-json\/wp\/v2\/comments?post=3791"}],"version-history":[{"count":1,"href":"https:\/\/www.cnrs-imn.fr\/en\/wp-json\/wp\/v2\/pages\/3791\/revisions"}],"predecessor-version":[{"id":3796,"href":"https:\/\/www.cnrs-imn.fr\/en\/wp-json\/wp\/v2\/pages\/3791\/revisions\/3796"}],"up":[{"embeddable":true,"href":"https:\/\/www.cnrs-imn.fr\/en\/wp-json\/wp\/v2\/pages\/3701"}],"wp:attachment":[{"href":"https:\/\/www.cnrs-imn.fr\/en\/wp-json\/wp\/v2\/media?parent=3791"}],"curies":[{"name":"wp","href":"https:\/\/api.w.org\/{rel}","templated":true}]}}