{"id":3857,"date":"2026-02-27T12:41:59","date_gmt":"2026-02-27T11:41:59","guid":{"rendered":"https:\/\/www-preprod.cnrs-imn.fr\/projects-collaborations\/academic-projects\/europe-pepper\/"},"modified":"2026-04-01T12:18:04","modified_gmt":"2026-04-01T10:18:04","slug":"europe-pepper","status":"publish","type":"page","link":"https:\/\/www.cnrs-imn.fr\/en\/projects-collaborations\/academic-projects\/europe-pepper\/","title":{"rendered":"Europe &#8211; PEPPER"},"content":{"rendered":"<div class=\"fusion-fullwidth fullwidth-box fusion-builder-row-1 fusion-flex-container has-pattern-background has-mask-background nonhundred-percent-fullwidth non-hundred-percent-height-scrolling\" style=\"--awb-border-radius-top-left:0px;--awb-border-radius-top-right:0px;--awb-border-radius-bottom-right:0px;--awb-border-radius-bottom-left:0px;--awb-flex-wrap:wrap;\" ><div class=\"fusion-builder-row fusion-row fusion-flex-align-items-flex-start fusion-flex-content-wrap\" style=\"max-width:1248px;margin-left: calc(-4% \/ 2 );margin-right: calc(-4% \/ 2 );\"><div class=\"fusion-layout-column fusion_builder_column fusion-builder-column-0 fusion_builder_column_3_4 3_4 fusion-flex-column\" style=\"--awb-bg-size:cover;--awb-width-large:75%;--awb-margin-top-large:0px;--awb-spacing-right-large:2.56%;--awb-margin-bottom-large:20px;--awb-spacing-left-large:2.56%;--awb-width-medium:75%;--awb-order-medium:0;--awb-spacing-right-medium:2.56%;--awb-spacing-left-medium:2.56%;--awb-width-small:100%;--awb-order-small:0;--awb-spacing-right-small:1.92%;--awb-spacing-left-small:1.92%;\"><div class=\"fusion-column-wrapper fusion-column-has-shadow fusion-flex-justify-content-flex-start fusion-content-layout-column\"><div class=\"fusion-text fusion-text-1 labelboxlight\" style=\"--awb-font-size:12px;--awb-text-font-family:&quot;Libre Franklin&quot;;--awb-text-font-style:normal;--awb-text-font-weight:600;\"><p>Project Europe<\/p>\n<\/div><div class=\"fusion-title title fusion-title-1 fusion-sep-none fusion-title-text fusion-title-size-two\" style=\"--awb-margin-top-small:10px;--awb-margin-right-small:0px;--awb-margin-bottom-small:10px;--awb-margin-left-small:0px;\"><h2 class=\"fusion-title-heading title-heading-left\" style=\"margin:0;\">Performant and Efficient Planar Proton-conducting Electrolysis Reactor<\/h2><\/div><div class=\"fusion-separator\" style=\"align-self: flex-start;margin-right:auto;margin-bottom:20px;width:100%;max-width:200px;\"><div class=\"fusion-separator-border sep-single sep-solid\" style=\"--awb-height:20px;--awb-amount:20px;--awb-sep-color:var(--awb-color6);border-color:var(--awb-color6);border-top-width:7px;\"><\/div><\/div><div class=\"fusion-text fusion-text-2\"><p><strong>Dates:<\/strong><br \/>\nJanuary 2025 &#8211; December 2027<\/p>\n<p><strong>Project coordinator:<\/strong><br \/>\nDEUTSCHES ZENTRUM FUR LUFT UND RAUMFAHRT<\/p>\n<p><strong>Partner laboratories:<\/strong><br \/>\nIMN, AVL LIST GMBH (AT), CEA (FR), Universit\u00e9 de Montpellier (FR), Universit\u00e9 de Technologie Belfort &#8211; Montb\u00e9liard (FR),Danmarks Tekniske Universitet (DK), EIFER Europaisches Institut fur Energieforschung (DE), Aktsiaselts Elcogen (EE), Grant Garant SRO (CZ)<\/p>\n<p><strong>IMN staff involved:<\/strong><br \/>\nOlivier JOUBERT, Annie LE GAL LA SALLE, Cl\u00e9ment NICOLLET<\/p>\n<\/div><div class=\"fusion-separator\" style=\"align-self: flex-start;margin-right:auto;margin-bottom:20px;width:100%;max-width:200px;\"><div class=\"fusion-separator-border sep-single sep-solid\" style=\"--awb-height:20px;--awb-amount:20px;--awb-sep-color:var(--awb-color6);border-color:var(--awb-color6);border-top-width:7px;\"><\/div><\/div><div class=\"fusion-text fusion-text-3\"><p>The PEPPER project introduces a groundbreaking advancement in hydrogen production technology aimed at meeting the soaring global demand for green hydrogen. At the heart of PEPPER lies the development of a cutting-edge planar Proton Conducting Ceramic Electrolysis Cell (PCCEL) reactor. Operating optimally between 400\u00b0C and 600\u00b0C, PEPPER&#8217;s PCCEL technology aligns seamlessly with industrial waste heat sources, maximizing resource utilization.  <\/p>\n<p>By harnessing two robust planar cell technologies and optimizing material interfaces and manufacturing processes, PEPPER aims to slash electrical energy consumption by up to 20% compared to existing low-temperature electrolysis methods.<\/p>\n<p>Led by the Deutsches Zentrum f\u00fcr Luft- und Raumfahrt e.V. (DLR), PEPPER boasts a consortium includes key European research and industrial partners. This collaborative effort ensures a holistic approach to research and innovation, emphasizing real-world applicability. PEPPER&#8217;s objectives encompass the fabrication of cells up 100cm\u00b2 in size, the validation of PCCELs under various conditions, the integration into specialized short stacks tailored for PCCEL technology, and the demonstration of long-term operational stability and safety at temperatures \u2264 600\u00b0C. Through comparative studies with Solid Oxide Electrolysis (SOEL), PEPPER aims to establish benchmarks for performance and sustainability, guided by comprehensive Life Cycle Assessments (LCA), setting a pathway towards commercialization.   <\/p>\n<p>By elevating technological readiness from TRL 2 to TRL 4 PEPPER will set the stage for a future where highly efficient and environmentally sustainable hydrogen production can significantly contribute to Europe&#8217;s energy security and decarbonization goals.<\/p>\n<p><a href=\"https:\/\/www.h2pepper.eu\/\" target=\"_blank\" rel=\"noopener\">PEPPER website<\/a><\/p>\n<\/div><div class=\"fusion-image-element \" style=\"--awb-margin-top:20px;--awb-caption-title-font-family:var(--h2_typography-font-family);--awb-caption-title-font-weight:var(--h2_typography-font-weight);--awb-caption-title-font-style:var(--h2_typography-font-style);--awb-caption-title-size:var(--h2_typography-font-size);--awb-caption-title-transform:var(--h2_typography-text-transform);--awb-caption-title-line-height:var(--h2_typography-line-height);--awb-caption-title-letter-spacing:var(--h2_typography-letter-spacing);\"><span class=\" fusion-imageframe imageframe-none imageframe-1 hover-type-none\"><img decoding=\"async\" width=\"239\" height=\"300\" title=\"Pepper\" src=\"https:\/\/www.cnrs-imn.fr\/wp-content\/uploads\/2026\/02\/Pepper-239x300.jpg\" alt class=\"img-responsive wp-image-3858\" srcset=\"https:\/\/www.cnrs-imn.fr\/wp-content\/uploads\/2026\/02\/Pepper-200x251.jpg 200w, https:\/\/www.cnrs-imn.fr\/wp-content\/uploads\/2026\/02\/Pepper-400x502.jpg 400w, https:\/\/www.cnrs-imn.fr\/wp-content\/uploads\/2026\/02\/Pepper.jpg 413w\" sizes=\"(max-width: 640px) 100vw, 239px\" \/><\/span><\/div><\/div><\/div><\/div><\/div>\n","protected":false},"excerpt":{"rendered":"","protected":false},"author":4,"featured_media":0,"parent":3331,"menu_order":0,"comment_status":"closed","ping_status":"closed","template":"100-width.php","meta":{"footnotes":""},"class_list":["post-3857","page","type-page","status-publish","hentry"],"_links":{"self":[{"href":"https:\/\/www.cnrs-imn.fr\/en\/wp-json\/wp\/v2\/pages\/3857","targetHints":{"allow":["GET"]}}],"collection":[{"href":"https:\/\/www.cnrs-imn.fr\/en\/wp-json\/wp\/v2\/pages"}],"about":[{"href":"https:\/\/www.cnrs-imn.fr\/en\/wp-json\/wp\/v2\/types\/page"}],"author":[{"embeddable":true,"href":"https:\/\/www.cnrs-imn.fr\/en\/wp-json\/wp\/v2\/users\/4"}],"replies":[{"embeddable":true,"href":"https:\/\/www.cnrs-imn.fr\/en\/wp-json\/wp\/v2\/comments?post=3857"}],"version-history":[{"count":2,"href":"https:\/\/www.cnrs-imn.fr\/en\/wp-json\/wp\/v2\/pages\/3857\/revisions"}],"predecessor-version":[{"id":3886,"href":"https:\/\/www.cnrs-imn.fr\/en\/wp-json\/wp\/v2\/pages\/3857\/revisions\/3886"}],"up":[{"embeddable":true,"href":"https:\/\/www.cnrs-imn.fr\/en\/wp-json\/wp\/v2\/pages\/3331"}],"wp:attachment":[{"href":"https:\/\/www.cnrs-imn.fr\/en\/wp-json\/wp\/v2\/media?parent=3857"}],"curies":[{"name":"wp","href":"https:\/\/api.w.org\/{rel}","templated":true}]}}