{"id":5048,"date":"2026-03-20T10:47:31","date_gmt":"2026-03-20T09:47:31","guid":{"rendered":"https:\/\/www-preprod.cnrs-imn.fr\/innovative-materials-for-optics-photovoltaics-and-storage\/materials-for-energy-conversion\/"},"modified":"2026-04-03T14:50:12","modified_gmt":"2026-04-03T12:50:12","slug":"materials-for-energy-conversion","status":"publish","type":"page","link":"https:\/\/www.cnrs-imn.fr\/en\/innovative-materials-for-optics-photovoltaics-and-storage\/materials-for-energy-conversion\/","title":{"rendered":"Materials for energy conversion"},"content":{"rendered":"<div class=\"fusion-fullwidth fullwidth-box fusion-builder-row-1 fusion-flex-container has-pattern-background has-mask-background nonhundred-percent-fullwidth non-hundred-percent-height-scrolling\" style=\"--awb-border-radius-top-left:0px;--awb-border-radius-top-right:0px;--awb-border-radius-bottom-right:0px;--awb-border-radius-bottom-left:0px;--awb-flex-wrap:wrap;\" ><div class=\"fusion-builder-row fusion-row fusion-flex-align-items-flex-start fusion-flex-content-wrap\" style=\"max-width:1248px;margin-left: calc(-4% \/ 2 );margin-right: calc(-4% \/ 2 );\"><div class=\"fusion-layout-column fusion_builder_column fusion-builder-column-0 fusion_builder_column_3_4 3_4 fusion-flex-column equipe-thematique\" style=\"--awb-bg-size:cover;--awb-width-large:75%;--awb-margin-top-large:0px;--awb-spacing-right-large:2.56%;--awb-margin-bottom-large:20px;--awb-spacing-left-large:2.56%;--awb-width-medium:75%;--awb-order-medium:0;--awb-spacing-right-medium:2.56%;--awb-spacing-left-medium:2.56%;--awb-width-small:100%;--awb-order-small:0;--awb-spacing-right-small:1.92%;--awb-spacing-left-small:1.92%;\" data-scroll-devices=\"small-visibility,medium-visibility,large-visibility\"><div class=\"fusion-column-wrapper fusion-column-has-shadow fusion-flex-justify-content-flex-start fusion-content-layout-column\"><div class=\"fusion-text fusion-text-1\"><h3><strong>1 &#8211; <\/strong><strong>Inorganic materials and photovoltaic devices<\/strong><\/h3>\n<p><img decoding=\"async\" class=\"alignnone wp-image-2882 size-medium\" src=\"https:\/\/www.cnrs-imn.fr\/wp-content\/uploads\/2026\/03\/Materiaux_inorganiques-300x194.png\" alt=\"\" width=\"300\" height=\"194\" srcset=\"https:\/\/www.cnrs-imn.fr\/wp-content\/uploads\/2026\/03\/Materiaux_inorganiques-200x129.png 200w, https:\/\/www.cnrs-imn.fr\/wp-content\/uploads\/2026\/03\/Materiaux_inorganiques-300x194.png 300w, https:\/\/www.cnrs-imn.fr\/wp-content\/uploads\/2026\/03\/Materiaux_inorganiques-400x258.png 400w, https:\/\/www.cnrs-imn.fr\/wp-content\/uploads\/2026\/03\/Materiaux_inorganiques-600x388.png 600w, https:\/\/www.cnrs-imn.fr\/wp-content\/uploads\/2026\/03\/Materiaux_inorganiques.png 678w\" sizes=\"(max-width: 300px) 100vw, 300px\" \/><\/p>\n<p><em>Scanning electron microscopy image of the cross-section of a Cu(In,Ga)(Se,S)2 solar cell. The stack of four thin layers deposited on a glass substrate is no more than 3 \u00b5m thick, and converts more than 20% of solar radiation into electrical energy. Such a structure can also be deposited on plastic or metal foil substrates.  <\/em><\/p>\n<p>Photovoltaic conversion converts solar energy into electrical energy. To date, crystalline silicon (c-Si) technology accounts for over 95% of the global market. However, this technology will reach its industrial efficiency limits by 2030, and is unable to optimally cover all user needs (niche markets such as flexible and lightweight panels, indoor). The photovoltaic technology we are working on is based on thin films of chalcopyrite-structured chalcogenide materials, namely Cu(In,Ga)(Se,S)2. It enables conversion efficiencies of over 23% to be achieved in the laboratory, and offers a number of advantages. In addition to its low material consumption and structural simplicity, the Cu(In,Ga)(Se,S)2-based cell can be fabricated on plastic sheets, and its optical absorption range can be adapted to tandem or indoor cell applications. The aim of our work is to develop knowledge and concepts relating to these two types of application.      <\/p>\n<p><strong>Expertise<\/strong>: Thin-film synthesis processes; structural, optical and electronic properties of materials; properties of surfaces and interfaces.<\/p>\n<p><strong> <\/strong><strong>Key words<\/strong>: Photovoltaics, thin films, chalcogenides, characterization<\/p>\n<p><strong>Collaborations :<\/strong><\/p>\n<ul>\n<li>National: IPVF, C2N, Institut FOTON, INL-Lyon, CRHEA, CEA-INES<\/li>\n<li>International: University of M\u00fcnster, Warsaw Polytechnic, IES Madrid, HZB Berlin<\/li>\n<li>Companies: B-Plan, AVANCIS<\/li>\n<\/ul>\n<p><strong>IMN people involved<\/strong>: Nicolas BARREAU, Ludovic ARZEL, Thomas LEPETIT, Sylvie HAREL<\/p>\n<p><strong> <\/strong><strong>Projects : <\/strong>ANR SIPHON, PEPR TASE-IOTA, PEPR TASE-MINOTAURE, ADEME PRINCIPE, Europe SITA, Europe PARACELSIS<\/p>\n<p><strong>Major publications:<\/strong><\/p>\n<ul>\n<li><em>Choubrac, L., Bertin, E., Pineau, F., Arzel, L., Lepetit, T., Assmann, L., &#8230; &amp; Barreau, N. (2023). On the role of sodium and copper off-stoichiometry in Cu(In,Ga)S2 for photovoltaic applications: Insights from the investigation of more than 500 samples. Progress in Photovoltaics: Research and Applications, 31(10), 971-980. (https:\/\/doi.org\/10.1002\/pip.3701)   <\/em><\/li>\n<li><em>Barreau, N., Bertin, E., Crossay, A., Durand, O., Arzel, L., Harel, S., Lepetit, T., &#8230; &amp; Lincot, D. (2022). Investigation of co-evaporated polycrystalline Cu(In,Ga)S2 thin film yielding 16.0% efficiency solar cell. EPJ Photovoltaics, 13, 17. (https:\/\/doi.org\/10.1051\/epjpv\/2022014)   <\/em><\/li>\n<li><em>Lepetit, T., Harel, S., Arzel, L., Ouvrard, G., &amp; Barreau, N. (2017). KF post deposition treatment in co-evaporated Cu(In,Ga)Se2 thin film solar cells: Beneficial or detrimental effect induced by the absorber characteristics. Progress in Photovoltaics: Research and Applications, 25(12), 1068-1076.  <\/em><\/li>\n<li><em>Lepetit, T., Harel, S., Arzel, L., Ouvrard, G., &amp; Barreau, N. (2016). Coevaporated KInSe2: a fast alternative to KF postdeposition treatment in high-efficiency Cu(In,Ga)Se2 thin film solar cells. IEEE Journal of Photovoltaics, 6(5), 1316-1320.  <\/em><\/li>\n<\/ul>\n<h3><strong>2 &#8211; <\/strong><strong>Photo(electro)catalysis \/ Solar fuels<\/strong><\/h3>\n<p><img decoding=\"async\" class=\"alignnone wp-image-2884 size-medium\" src=\"https:\/\/www.cnrs-imn.fr\/wp-content\/uploads\/2026\/03\/Photocatalyse-300x153.png\" alt=\"\" width=\"300\" height=\"153\" srcset=\"https:\/\/www.cnrs-imn.fr\/wp-content\/uploads\/2026\/03\/Photocatalyse-200x102.png 200w, https:\/\/www.cnrs-imn.fr\/wp-content\/uploads\/2026\/03\/Photocatalyse-300x153.png 300w, https:\/\/www.cnrs-imn.fr\/wp-content\/uploads\/2026\/03\/Photocatalyse-400x205.png 400w, https:\/\/www.cnrs-imn.fr\/wp-content\/uploads\/2026\/03\/Photocatalyse-600x307.png 600w, https:\/\/www.cnrs-imn.fr\/wp-content\/uploads\/2026\/03\/Photocatalyse-768x393.png 768w, https:\/\/www.cnrs-imn.fr\/wp-content\/uploads\/2026\/03\/Photocatalyse-800x409.png 800w, https:\/\/www.cnrs-imn.fr\/wp-content\/uploads\/2026\/03\/Photocatalyse.png 1001w\" sizes=\"(max-width: 300px) 100vw, 300px\" \/><\/p>\n<p>Using a materials chemistry approach, the Institut des Mat\u00e9riaux de Nantes Jean Rouxel (IMN) is developing semiconductors for the conversion of solar energy into high value-added molecules. In particular, the MIOPS team is working on new mixed chalcogenide and anion materials. Research focuses on photocatalytic and photoelectrocatalytic devices for hydrogen production, CO\u2082 reduction or N\u2082 upgrading. To this end, we mobilize a variety of synthesis approaches (vacuum co-evaporation, solid-state, soft chemistry), combined with advanced characterization tools (X-ray diffraction, electron microscopy, XPS spectroscopies, optical analyses) and ab initio modeling of electronic and optical properties. This complementary approach enables us to better understand the fundamental conversion mechanisms and optimize the performance of photoactive materials to meet today&#8217;s energy and environmental challenges.    <\/p>\n<p><strong>Expertise: <\/strong>vacuum co-evaporation deposition, solvothermal synthesis, microwave synthesis, sol-gel synthesis, XRD characterization, MET\/MEB characterization, XPS characterization, optical measurements, photocatalytic test, photoelectrocatalytic test<\/p>\n<p><strong>Key words: <\/strong>Materials, Electronic structure engineering, Solar fuels, Photocatalysis, Photoelectrocatalysis.<\/p>\n<p><strong>Collaborations: <\/strong>Chimie Et Interdisciplinarit\u00e9, Synth\u00e8se, Analyse, Mod\u00e9lisation (CEISAM), Institut des Sciences Chimiques de Rennes (ISCR), Institut de recherches sur la catalyse et l&#8217;environnement (IRCELYON), Institut Parisien de Chimie Mol\u00e9culaire (IPCM), Institut de Chimie et Proc\u00e9d\u00e9s pour l&#8217;Energie, l&#8217;Environnement et la Sant\u00e9 (ICPEES), TU Darmstadt<\/p>\n<p><strong>IMN employees involved: <\/strong>Nicolas Barreau, H\u00e9l\u00e8ne Brault, Maria Teresa Caldes, Sylvie Harel, St\u00e9phane Jobic, Houria Kabbour, Camille Latouche, Cl\u00e9ment Maheu<\/p>\n<p><strong>Ongoing research projects: <\/strong><sub>GreeNH3<\/sub> (PEPR, 2022-2026), OMATSOLFUEL (MSCA-PF, 2023-2025), <sub>Power-CO2<\/sub> (PEPR, 2023-2029), GASPER (ANR, 2024-2028), PACHAS (ANR, 2025-2029)<\/p>\n<p><strong>Major publications:<\/strong><\/p>\n<ul>\n<li><em>V. Nikolaou, D. Romito, C. Maheu, J. Hamon, E. Gautron, F. Massuyeau, S. Jobic, F. Odobel, Dual solar-driven hydrogen evolution and alcohol oxidation with CdS quantum dot-sensitized photocatalysts prepared by the SILAR methodology, Journal of Materials Chemistry A, 2024, 12, 30885-30891.<\/em><\/li>\n<li><em>A. Belhcen, A. Renaud, C. Guillot-Deudon, L. Arzel, B. Corraze, <strong>N. Barreau<\/strong>, <strong>S. Jobic<\/strong>, <strong>M. Teresa Caldes<\/strong>, <a href=\"https:\/\/doi.org\/10.1016\/j.electacta.2024.145391\" target=\"_blank\" rel=\"noopener\">Photo-electrochemical characterization of <sub>CIGSn<\/sub> lamellar compounds: potential candidates for photoinduced applications<\/a>, Electrochimica Acta, 2025, 511, 145391.<\/em><\/li>\n<li><em>S. Al Bacha, S. Saitzek, <strong>H. Kabbour<\/strong>, E. E. McCabe, <a href=\"https:\/\/doi.org\/10.1021\/acs.inorgchem.3c03672\" target=\"_blank\" rel=\"noopener\">Iron Oxychalcogenides and Their Photocurrent Responses<\/a>, <a href=\"https:\/\/pubs.acs.org\/journal\/inocaj?ref=breadcrumb\" target=\"_blank\" rel=\"noopener\">Inorganic Chemistry<\/a>, 2024, 63, 7, 3292-3302.<\/em><\/li>\n<li><em>P.B. Pati, R. Wang, E. Boutin, S. Diring, <strong>S. Jobic<\/strong>, <strong>N. Barreau<\/strong>, F. Odobel, M. Robert, <a href=\"https:\/\/www.nature.com\/articles\/s41467-020-17125-4\" target=\"_blank\" rel=\"noopener\">Photocathode functionalized with a molecular cobalt catalyst for selective carbon dioxide reduction in water<\/a>, Nature Communications, 2020, 11, 3499.<\/em><\/li>\n<li><em>H. Ichou, L. Choubrac, G. Suna, D. Sarkar, P. J. Marques Cordeiro Junior, S. Diring, F. Pineau, J. Bonin, <strong>N. Barreau<\/strong>, M. Robert, F. Odobel, <a href=\"https:\/\/onlinelibrary.wiley.com\/doi\/10.1002\/anie.202423727\" target=\"_blank\" rel=\"noopener\">Hybrid CIGS-Cobalt Quaterpyridine Photocathode with Backside Illumination: A New Paradigm for Solar Fuel Production<\/a>, Angew. Chem. Int. Ed. 2025, 64, e202423727<\/em><\/li>\n<\/ul>\n<h3><strong>3 &#8211; <\/strong><strong>Inorganic materials and photovoltaic devices<\/strong><\/h3>\n<p><img decoding=\"async\" class=\"alignnone wp-image-2895 size-medium\" src=\"https:\/\/www.cnrs-imn.fr\/wp-content\/uploads\/2026\/03\/Cellules_solaires-300x199.png\" alt=\"\" width=\"300\" height=\"199\" srcset=\"https:\/\/www.cnrs-imn.fr\/wp-content\/uploads\/2026\/03\/Cellules_solaires-200x133.png 200w, https:\/\/www.cnrs-imn.fr\/wp-content\/uploads\/2026\/03\/Cellules_solaires-300x199.png 300w, https:\/\/www.cnrs-imn.fr\/wp-content\/uploads\/2026\/03\/Cellules_solaires-400x266.png 400w, https:\/\/www.cnrs-imn.fr\/wp-content\/uploads\/2026\/03\/Cellules_solaires-600x399.png 600w, https:\/\/www.cnrs-imn.fr\/wp-content\/uploads\/2026\/03\/Cellules_solaires.png 611w\" sizes=\"(max-width: 300px) 100vw, 300px\" \/><\/p>\n<p><em>Photograph of an organic solar cell fabricated on a plastic substrate<\/em><\/p>\n<p>Develop and study original indium-free electrodes based on a technology that does not require high-temperature treatment or aggressive processes, is compatible with the use of a flexible substrate, and enables large-scale technology transfer to the flexible electronics industry, for applications in photovoltaics and semi-transparent PV for integration in &#8220;smart&#8221; buildings. Our research is organized along two axes: (i) transparent conductive and flexible indium-free electrode, (ii) active layer (aiming for a fullerene-free layer).   <\/p>\n<p><strong> <\/strong><strong>Expertise: <\/strong>Vacuum thin film deposition, Electrical characterization, Optical characterization, Physico-chemical characterization<\/p>\n<p><strong> <\/strong><strong>Keywords: <\/strong>Organic photovoltaic cells, Transparent conductive and flexible electrodes, interface layers, semi-transparent PV, building integration<\/p>\n<p><strong> <\/strong><strong>IMN people involved :<\/strong> Linda CATTIN, Guy LOUARN<\/p>\n<p><strong> <\/strong><strong>Ongoing research projects: <\/strong>PHC Imothep, IFCAR\/ CEFIPRA<\/p>\n<p><strong>Major publications:<\/strong><\/p>\n<ul>\n<li><em>Facile enhancement of bulk heterojunction solar cells performance by utilizing PbSe nanorods decorated with graphene. El-Menyawy, EM; Cattin, L; (&#8230;); Arzel, L. Oct 1 2019 JOURNAL OF COLLOID AND INTERFACE SCIENCE 553 , pp.117-125 <\/em><\/li>\n<li><em>Graphite-Based Localized Heating Technique for Growing Large Area Methylammonium Lead Bromide Single Crystalline Perovskite Wafers and Their Charge Transfer Characteristics. Gandhi, MB; Mohan, A; (&#8230;); Padmanabhan, P, Mar 4 2025, ACS OMEGA 10 (10) , pp.10220-10229 <\/em><\/li>\n<li><em>Low temperature synthesis of MoS2 and MoO3:MoS2 hybrid thin films via the use of an original hybrid sulfidation technique. Ftouhi, H; Lamkaouane, H; (&#8230;); Cattin, L. Aug 2022, SURFACES AND INTERFACES <\/em><\/li>\n<li><em>Electrochemical fabrication of poly (Indole-6-carboxylic acid) nanowires adorned with nanorod MnO2 for evaluation of its capacitive properties. Lorca-Ponce, J; Cisterna, J; (&#8230;); Ram\u00edrez, AMR, Oct 1 2023, ELECTROCHIMICA ACTA <\/em><\/li>\n<li><em>  Semi-transparent organic photovoltaic cells with dielectric\/metal\/dielectric top electrode: Influence of the metal on their performances. Nanomaterials 2021, 11(2), 393; https:\/\/doi.org\/10.3390\/nano11020393 <\/em><\/li>\n<li><em>On the use of multiple stacked active layers in organic photovoltaic cells. J Mater Sci 55, 9762-9774 (2020).  https:\/\/doi.org\/10.1007\/s10853-020-04568-9<\/em><\/li>\n<li><em>New dielectric\/metal\/dielectric electrode for organic photovoltaic cells using Cu:Al alloy as metal, Journal of Alloys and Compounds, 819, 2020, 152974. http:\/\/www.elsevier.com\/locate\/jalcomhttps:\/\/doi.org\/10.1016\/j.jallcom.2019.152974<\/em><\/li>\n<\/ul>\n<\/div><\/div><\/div><div class=\"fusion-layout-column fusion_builder_column fusion-builder-column-1 awb-sticky awb-sticky-small awb-sticky-medium awb-sticky-large fusion_builder_column_1_4 1_4 fusion-flex-column\" style=\"--awb-bg-size:cover;--awb-width-large:25%;--awb-margin-top-large:0px;--awb-spacing-right-large:7.68%;--awb-margin-bottom-large:20px;--awb-spacing-left-large:7.68%;--awb-width-medium:25%;--awb-order-medium:0;--awb-spacing-right-medium:7.68%;--awb-spacing-left-medium:7.68%;--awb-width-small:100%;--awb-order-small:0;--awb-spacing-right-small:1.92%;--awb-spacing-left-small:1.92%;--awb-sticky-offset:120px;\" data-scroll-devices=\"small-visibility,medium-visibility,large-visibility\"><div class=\"fusion-column-wrapper fusion-column-has-shadow fusion-flex-justify-content-flex-start fusion-content-layout-column\"><div class=\"fusion-text fusion-text-2\"><p><strong>Sub-themes<\/strong><\/p>\n<\/div><div class=\"awb-toc-el awb-toc-el--1\" data-awb-toc-id=\"1\" data-awb-toc-options=\"{&quot;allowed_heading_tags&quot;:{&quot;h3&quot;:0},&quot;ignore_headings&quot;:&quot;&quot;,&quot;ignore_headings_words&quot;:&quot;&quot;,&quot;enable_cache&quot;:&quot;yes&quot;,&quot;highlight_current_heading&quot;:&quot;yes&quot;,&quot;hide_hidden_titles&quot;:&quot;yes&quot;,&quot;limit_container&quot;:&quot;all&quot;,&quot;select_custom_headings&quot;:&quot;&quot;,&quot;icon&quot;:&quot;fa-flag fas&quot;,&quot;counter_type&quot;:&quot;none&quot;}\" style=\"--awb-item-padding-top:5px;--awb-item-padding-right:5px;--awb-item-padding-bottom:5px;--awb-item-padding-left:5px;--awb-item-font-family:&quot;Libre Franklin&quot;;--awb-item-font-style:normal;--awb-item-font-weight:400;\"><div class=\"awb-toc-el__content\"><ul class=\"awb-toc-el__list awb-toc-el__list--0\"><li class=\"awb-toc-el__list-item\"><a class=\"awb-toc-el__item-anchor\" href=\"#toc_1_Inorganic_materials_and_photovoltaic_devices\"><span>1 \u2013 <\/span><span>Inorganic materials and photovoltaic devices<\/span><\/a><\/li><li class=\"awb-toc-el__list-item\"><a class=\"awb-toc-el__item-anchor\" href=\"#toc_2_Photoelectrocatalysis_Solar_fuels\"><span>2 \u2013 <\/span><span>Photo(electro)catalysis \/ Solar fuels<\/span><\/a><\/li><li class=\"awb-toc-el__list-item\"><a class=\"awb-toc-el__item-anchor\" href=\"#toc_3_Inorganic_materials_and_photovoltaic_devices\"><span>3 \u2013 <\/span><span>Inorganic materials and photovoltaic devices<\/span><\/a><\/li><\/ul><\/div><\/div><\/div><\/div><\/div><\/div>\n","protected":false},"excerpt":{"rendered":"","protected":false},"author":3,"featured_media":0,"parent":3527,"menu_order":0,"comment_status":"closed","ping_status":"closed","template":"100-width.php","meta":{"footnotes":""},"class_list":["post-5048","page","type-page","status-publish","hentry"],"_links":{"self":[{"href":"https:\/\/www.cnrs-imn.fr\/en\/wp-json\/wp\/v2\/pages\/5048","targetHints":{"allow":["GET"]}}],"collection":[{"href":"https:\/\/www.cnrs-imn.fr\/en\/wp-json\/wp\/v2\/pages"}],"about":[{"href":"https:\/\/www.cnrs-imn.fr\/en\/wp-json\/wp\/v2\/types\/page"}],"author":[{"embeddable":true,"href":"https:\/\/www.cnrs-imn.fr\/en\/wp-json\/wp\/v2\/users\/3"}],"replies":[{"embeddable":true,"href":"https:\/\/www.cnrs-imn.fr\/en\/wp-json\/wp\/v2\/comments?post=5048"}],"version-history":[{"count":4,"href":"https:\/\/www.cnrs-imn.fr\/en\/wp-json\/wp\/v2\/pages\/5048\/revisions"}],"predecessor-version":[{"id":5052,"href":"https:\/\/www.cnrs-imn.fr\/en\/wp-json\/wp\/v2\/pages\/5048\/revisions\/5052"}],"up":[{"embeddable":true,"href":"https:\/\/www.cnrs-imn.fr\/en\/wp-json\/wp\/v2\/pages\/3527"}],"wp:attachment":[{"href":"https:\/\/www.cnrs-imn.fr\/en\/wp-json\/wp\/v2\/media?parent=5048"}],"curies":[{"name":"wp","href":"https:\/\/api.w.org\/{rel}","templated":true}]}}