{"id":5062,"date":"2026-03-20T14:36:18","date_gmt":"2026-03-20T13:36:18","guid":{"rendered":"https:\/\/www-preprod.cnrs-imn.fr\/innovative-materials-for-optics-photovoltaics-and-storage\/advanced-characterization-of-materials-and-devices\/"},"modified":"2026-04-03T14:54:02","modified_gmt":"2026-04-03T12:54:02","slug":"advanced-characterization-of-materials-and-devices","status":"publish","type":"page","link":"https:\/\/www.cnrs-imn.fr\/en\/innovative-materials-for-optics-photovoltaics-and-storage\/advanced-characterization-of-materials-and-devices\/","title":{"rendered":"Advanced characterization of materials and devices"},"content":{"rendered":"<div class=\"fusion-fullwidth fullwidth-box fusion-builder-row-1 fusion-flex-container has-pattern-background has-mask-background nonhundred-percent-fullwidth non-hundred-percent-height-scrolling\" style=\"--awb-border-radius-top-left:0px;--awb-border-radius-top-right:0px;--awb-border-radius-bottom-right:0px;--awb-border-radius-bottom-left:0px;--awb-flex-wrap:wrap;\" ><div class=\"fusion-builder-row fusion-row fusion-flex-align-items-flex-start fusion-flex-content-wrap\" style=\"max-width:1248px;margin-left: calc(-4% \/ 2 );margin-right: calc(-4% \/ 2 );\"><div class=\"fusion-layout-column fusion_builder_column fusion-builder-column-0 fusion_builder_column_3_4 3_4 fusion-flex-column equipe-thematique\" style=\"--awb-bg-size:cover;--awb-width-large:75%;--awb-margin-top-large:0px;--awb-spacing-right-large:2.56%;--awb-margin-bottom-large:20px;--awb-spacing-left-large:2.56%;--awb-width-medium:75%;--awb-order-medium:0;--awb-spacing-right-medium:2.56%;--awb-spacing-left-medium:2.56%;--awb-width-small:100%;--awb-order-small:0;--awb-spacing-right-small:1.92%;--awb-spacing-left-small:1.92%;\" data-scroll-devices=\"small-visibility,medium-visibility,large-visibility\"><div class=\"fusion-column-wrapper fusion-column-has-shadow fusion-flex-justify-content-flex-start fusion-content-layout-column\"><div class=\"fusion-text fusion-text-1\"><h3><strong>1 &#8211; <\/strong><strong>Advanced solid-state crystallography<\/strong><\/h3>\n<p>The relationship between crystalline structure and the properties of materials studied by the MIOPS team (chalcogenides, oxides, hybrids, POM, etc.) or through IMN&#8217;s &#8220;chalcogenides&#8221; and &#8220;hybrid materials&#8221; cross-disciplinary axes is at the heart of our concerns. The properties in question cover optics, magnetism, electronic or ionic transport, as well as chemical reactivity (e.g., under water vapor pressure). The notion of structure, given the complexity of the atomic organization of materials and its subtle entanglement with the aforementioned properties, is approached on a multi-scale basis.  <\/p>\n<p>To this end, we have developed recognized expertise in advanced solid-state crystallography, mainly using X-ray and neutron diffraction and total scattering, complemented by transmission electron microscopy and X-ray absorption spectroscopy. We are interested in disorder and ordering phenomena in solids in general, including layered materials such as chalcogenides and mixed anion systems. Innovative approaches are developed in the laboratory (PEDT; IA &amp; DRX; structural prediction calculations &amp; PDF &#8211; collaboration with ID2M and PMN teams) or on large instruments (DRX computational tomography, combined in situ\/operando DRX\/PDF\/XAS studies). We also act as scientific referent for the PLASSMAT platform&#8217;s DRX platform.  <\/p>\n<p><strong>Expertises :  <\/strong><\/p>\n<ul>\n<li>Ab initio structural resolution on powder and single crystal by XRD and PEDT<\/li>\n<li>Rietveld refinements, sequential or parametric<\/li>\n<li>Study of static and dynamic disorder using the maximum entropy method and anharmonic expansion of atomic displacement parameters<\/li>\n<li>TLS analysis of atomic displacement parameters<\/li>\n<li>Determination of mottled or stacking fault crystal structures<\/li>\n<li>Determining modulated incommensurate or composite incommensurate crystal structures (misfits): the superspace approach<\/li>\n<li>Pair distribution function (PDF) analysis coupled with total X-ray and neutron scattering<\/li>\n<li>Microstructural diffraction analysis<\/li>\n<li>Studies of structural or magnetic phase transitions<\/li>\n<li>In situ or operando diffraction<\/li>\n<li>Determination of magnetic structures by neutron diffraction<\/li>\n<\/ul>\n<p><strong>Key words: <\/strong>Crystallography, PDF analysis, X-ray, neutron and electron diffraction, advanced structural analysis, microstructural analysis, layered, macerated and modulated materials.<\/p>\n<p><strong>Collaborations: <\/strong>ISCR (Rennes), ICMCB (Bordeaux), UCCS (Lille), UMET (Lille), IRCER (Limoges), Institut N\u00e9el (Grenoble), CEMHTI (Orl\u00e9ans), SPMS (CentraleSup\u00e9lec Paris), CRISMAT (Caen), SOLEIL (Gif-sur-Yvette), Kyoto University (Japan), Institut Jozef Stefan (Ljubljana, Slovenia).<\/p>\n<p><strong>People involved: <\/strong>O<strong>. <\/strong>Hernandez, P. Deniard, M. Caldes, H. Serier-Brault, D. Berthebaud, R. Gautier<\/p>\n<p><strong>Current research projects: <\/strong>ANR PACHAS, ANR ALPS-Water, ANR COBEDIT, ANR MISFIT, PEPR DIADEM (MADNESS)<\/p>\n<p><strong> <\/strong><strong>Major publications:<\/strong><\/p>\n<ul>\n<li><em>New al-kali lanthanide-free polyoxometalates with remarkable water-responsive turn-off-turn-on luminescence properties, A. Bagghi, R. Ghena, N. Gautier, N. Stephant, P. Deniard, R. Dessapt, Journal of Materials Chemistry C 10 (42), 6040-16052 (2022)<\/em><\/li>\n<li><em>Mechanochemical Synthesis and Study of the Local Structure of NaGaS2 Glass and Glass-Ceramics, L. Verger, J. Tr\u00e9bosc, B. Baptiste, E. Furet, K. D\u00e9noue, J. Zhang, F. Chevir\u00e9, D. Le Coq, L. Calvez, O. Lafon, O. Hernandez, Inorganic Chemistry 61, 46, 18476-18485 (2022)<\/em><\/li>\n<li><em>Design of metastable oxychalcogenide phases by topochemical (de)intercalation of sulfur in La2O2S2, S. Sasaki, M. T. Caldes, C. Guillot-Deudon, I. Braems, G. Steciuk, L. Palatinus, E. Gautron, G. Frapper, E. Janod, B. Corraze, S. Jobic, L. Cario, Nat. Commun.  12, 3605 (2021)<\/em><\/li>\n<li><em>Lead Halide Post-Perovskite-Type Chains for High-Efficiency White-Light Emission, R. Gautier, F. Massuyeau, G. Galnon, M. Paris, Advanced Materials 31, 14, 1807383 (2019).<\/em><\/li>\n<li><em>A new highly sensitive cryogenic luminescent MOF thermometer built with pyromellitic acid, T. Amiaud, V. Jubera, H. Serier-Brault, Journal of Materials Chemistry C, 11, 10951-10956 (2023)<\/em><\/li>\n<\/ul>\n<h3><strong>2 &#8211; <\/strong><strong>Advanced characterization of solids by photoelectron spectroscopy<\/strong><\/h3>\n<p>The Institut des Mat\u00e9riaux de Nantes Jean Rouxel (IMN) is very active in the field of photoelectron spectroscopy (SPE). Its staff are heavily involved in the F\u00e9d\u00e9ration de Recherche Spectroscopies de Photo\u00e9mission, as well as in the organization of XPS thematic schools in the past. SPE is well known for the analysis of core states and the identification of surface chemical environments. At MIOPS, we use these techniques to characterize the materials involved in Cu(In,Ga)(S,Se)2-based solar cells and organic materials, as well as photocatalysts.   <\/p>\n<p>But MIOPS&#8217; expertise doesn&#8217;t stop there, as we also use Auger peaks and valence band to gain an even finer understanding of these solids. We use the versatility of SPE to deduce, in addition to chemical properties, electronic properties (e.g. energy difference between valence band maximum and Fermi level) and morphological properties (e.g. thin film thicknesses, nanoparticle sizes). We are also working on the analysis of buried interfaces to study the chemical and electronic properties of heterojunctions, and on the analysis of materials under illumination. These are key elements in understanding how solar cells or photo(electro)catalysts work.   <\/p>\n<p><strong>Expertise: <\/strong>XPS, UPS, PES characterization under synchrotron irradiation, buried interfaces, inelastic continuum modeling.<\/p>\n<p><strong>Key words: <\/strong>Materials, Electronic structure engineering, Solar fuels, Photocatalysis, Photoelectrocatalysis,<\/p>\n<p><strong>Collaborations: <\/strong>Chimie Et Interdisciplinarit\u00e9, Synth\u00e8se, Analyse, Mod\u00e9lisation (CEISAM), L&#8217;Institut des Sciences Chimiques de Rennes (ISCR), Institut de recherches sur la catalyse et l&#8217;environnement (IRCELYON), Institut de Chimie et Proc\u00e9d\u00e9s pour l&#8217;Energie, l&#8217;Environnement et la Sant\u00e9 (ICPEES), Institut Lavoisier de Versailles (ILV), TU Darmstadt.<\/p>\n<p><strong>People involved: <\/strong>Maria Teresa Caldes, Sylvie Harel, Guy Louarn, Cl\u00e9ment Maheu<\/p>\n<p><strong>Current research projects: <\/strong>OMATSOLFUEL (MSCA-PF, 2023-2025), TASE MINOTAURE (2023-2027), TASE IOTA (PEPR, 2023-2028), PACHAS (ANR, 2025-2029)<\/p>\n<p><strong>Major publications:<\/strong><\/p>\n<ul>\n<li><em>V. Nikolaou, D. Romito, C. Maheu, J. Hamon, E. Gautron, F. Massuyeau, S. Jobic, F. Odobel, Dual solar-driven hydrogen evolution and alcohol oxidation with CdS quantum dot-sensitized photocatalysts prepared by the SILAR methodology, Journal of Materials Chemistry A, 2024, 12, 30885-30891.<\/em><\/li>\n<li><em>P.Bais, M. T. Caldes, C. Guillot-Deudo, A. Renaud, M. Boujtita, S. Jobic, A. Lafond, Influence of the copper deficiency and anionic composition on band-energy diagram of bulk kesterite CZTSSe, Materials Research Bulletin, 2021, 139, 111285<\/em><\/li>\n<li><em>S. Harel, L. Arzel, T. Lepetit, P. Zabierowski, N. Barreau, Influence of Sulfur Evaporation during or after KF-Post Deposition Treatment On Cu(In,Ga)Se2\/CdS Interface formation, ACS Appl. Mater.Interfaces, 2020, 12, 41, 46953 <\/em><\/li>\n<\/ul>\n<\/div><\/div><\/div><div class=\"fusion-layout-column fusion_builder_column fusion-builder-column-1 awb-sticky awb-sticky-small awb-sticky-medium awb-sticky-large fusion_builder_column_1_4 1_4 fusion-flex-column\" style=\"--awb-bg-size:cover;--awb-width-large:25%;--awb-margin-top-large:0px;--awb-spacing-right-large:7.68%;--awb-margin-bottom-large:20px;--awb-spacing-left-large:7.68%;--awb-width-medium:25%;--awb-order-medium:0;--awb-spacing-right-medium:7.68%;--awb-spacing-left-medium:7.68%;--awb-width-small:100%;--awb-order-small:0;--awb-spacing-right-small:1.92%;--awb-spacing-left-small:1.92%;--awb-sticky-offset:120px;\" data-scroll-devices=\"small-visibility,medium-visibility,large-visibility\"><div class=\"fusion-column-wrapper fusion-column-has-shadow fusion-flex-justify-content-flex-start fusion-content-layout-column\"><div class=\"fusion-text fusion-text-2\"><p><strong>Sub-themes<\/strong><\/p>\n<\/div><div class=\"awb-toc-el awb-toc-el--1\" data-awb-toc-id=\"1\" data-awb-toc-options=\"{&quot;allowed_heading_tags&quot;:{&quot;h3&quot;:0},&quot;ignore_headings&quot;:&quot;&quot;,&quot;ignore_headings_words&quot;:&quot;&quot;,&quot;enable_cache&quot;:&quot;yes&quot;,&quot;highlight_current_heading&quot;:&quot;yes&quot;,&quot;hide_hidden_titles&quot;:&quot;yes&quot;,&quot;limit_container&quot;:&quot;all&quot;,&quot;select_custom_headings&quot;:&quot;&quot;,&quot;icon&quot;:&quot;fa-flag fas&quot;,&quot;counter_type&quot;:&quot;none&quot;}\" style=\"--awb-item-padding-top:5px;--awb-item-padding-right:5px;--awb-item-padding-bottom:5px;--awb-item-padding-left:5px;--awb-item-font-family:&quot;Libre Franklin&quot;;--awb-item-font-style:normal;--awb-item-font-weight:400;\"><div class=\"awb-toc-el__content\"><\/div><\/div><\/div><\/div><\/div><\/div>\n","protected":false},"excerpt":{"rendered":"","protected":false},"author":3,"featured_media":0,"parent":3527,"menu_order":0,"comment_status":"closed","ping_status":"closed","template":"100-width.php","meta":{"footnotes":""},"class_list":["post-5062","page","type-page","status-publish","hentry"],"_links":{"self":[{"href":"https:\/\/www.cnrs-imn.fr\/en\/wp-json\/wp\/v2\/pages\/5062","targetHints":{"allow":["GET"]}}],"collection":[{"href":"https:\/\/www.cnrs-imn.fr\/en\/wp-json\/wp\/v2\/pages"}],"about":[{"href":"https:\/\/www.cnrs-imn.fr\/en\/wp-json\/wp\/v2\/types\/page"}],"author":[{"embeddable":true,"href":"https:\/\/www.cnrs-imn.fr\/en\/wp-json\/wp\/v2\/users\/3"}],"replies":[{"embeddable":true,"href":"https:\/\/www.cnrs-imn.fr\/en\/wp-json\/wp\/v2\/comments?post=5062"}],"version-history":[{"count":5,"href":"https:\/\/www.cnrs-imn.fr\/en\/wp-json\/wp\/v2\/pages\/5062\/revisions"}],"predecessor-version":[{"id":5071,"href":"https:\/\/www.cnrs-imn.fr\/en\/wp-json\/wp\/v2\/pages\/5062\/revisions\/5071"}],"up":[{"embeddable":true,"href":"https:\/\/www.cnrs-imn.fr\/en\/wp-json\/wp\/v2\/pages\/3527"}],"wp:attachment":[{"href":"https:\/\/www.cnrs-imn.fr\/en\/wp-json\/wp\/v2\/media?parent=5062"}],"curies":[{"name":"wp","href":"https:\/\/api.w.org\/{rel}","templated":true}]}}